{"id":245848,"date":"2025-03-23T11:45:44","date_gmt":"2025-03-23T11:45:44","guid":{"rendered":"https:\/\/aromasentia.com\/product\/50g-organic-narnaja-black-tea\/"},"modified":"2025-06-23T19:27:30","modified_gmt":"2025-06-23T19:27:30","slug":"50g-bio-the-noir-bio-narnaya","status":"publish","type":"product","link":"https:\/\/aromasentia.com\/fr\/50g-bio-the-noir-bio-narnaya\/","title":{"rendered":"50g Bio Th\u00e9 Noir Bio &#8211; Narnaya"},"content":{"rendered":"<p>Un m\u00e9lange unique de <strong><span style=\"color: rgb(75, 80, 88);\">th\u00e9 noir<\/span><\/strong> avec l&rsquo;ajout de <strong><span style=\"color: rgb(75, 80, 88);\">zeste d&rsquo;orange<\/span><\/strong>. La saveur intense de l&rsquo;orange enrichit le go\u00fbt du th\u00e9 noir. Pr\u00e9parez-vous pour une exp\u00e9rience gustative plus rafra\u00eechissante.&nbsp;<\/p>\n<p><strong><span style=\"color: rgb(141, 186, 216);\">Notre th\u00e9 est issu de l&rsquo;agriculture biologique.<\/span><\/strong><\/p>\n","protected":false},"excerpt":{"rendered":"<p>Un m\u00e9lange unique de th\u00e9 noir avec l&rsquo;ajout de zeste d&rsquo;orange. La saveur intense de l&rsquo;orange enrichit le go\u00fbt du th\u00e9 noir. Pr\u00e9parez-vous pour une exp\u00e9rience gustative plus rafra\u00eechissante.&nbsp; Notre th\u00e9 est issu de l&rsquo;agriculture biologique.<\/p>\n","protected":false},"featured_media":432697,"comment_status":"closed","ping_status":"open","template":"","meta":{"_angie_page":false},"product_brand":[],"product_cat":[25039,26698,26693],"product_tag":[],"class_list":{"0":"post-245848","1":"product","2":"type-product","3":"status-publish","4":"has-post-thumbnail","6":"product_cat-the-et-accessoires","7":"product_cat-the-bio","8":"product_cat-the-noir","9":"pa_collection-artisan-tea-blends-50g-fr","10":"pa_made-in-inde","11":"pa_size-50g","13":"first","14":"instock","15":"purchasable","16":"product-type-simple"},"supplier_id":null,"supplier_sku":"ArTeaP-19","barcode":null,"atum_controlled":true,"out_stock_date":null,"out_stock_threshold":null,"inheritable":false,"inbound_stock":null,"stock_on_hold":0,"sold_today":0,"sales_last_days":0,"reserved_stock":null,"customer_returns":null,"warehouse_damage":null,"lost_in_post":null,"other_logs":null,"out_stock_days":0,"lost_sales":0,"has_location":null,"update_date":"2026-04-27T06:51:02","atum_locations":[],"atum_stock_status":"instock","restock_status":false,"low_stock_amount":"","sales_update_date":"2026-02-06T00:01:31","calc_backorders":null,"_links":{"self":[{"href":"https:\/\/aromasentia.com\/fr\/wp-json\/wp\/v2\/product\/245848","targetHints":{"allow":["GET"]}}],"collection":[{"href":"https:\/\/aromasentia.com\/fr\/wp-json\/wp\/v2\/product"}],"about":[{"href":"https:\/\/aromasentia.com\/fr\/wp-json\/wp\/v2\/types\/product"}],"replies":[{"embeddable":true,"href":"https:\/\/aromasentia.com\/fr\/wp-json\/wp\/v2\/comments?post=245848"}],"version-history":[{"count":0,"href":"https:\/\/aromasentia.com\/fr\/wp-json\/wp\/v2\/product\/245848\/revisions"}],"wp:featuredmedia":[{"embeddable":true,"href":"https:\/\/aromasentia.com\/fr\/wp-json\/wp\/v2\/media\/432697"}],"wp:attachment":[{"href":"https:\/\/aromasentia.com\/fr\/wp-json\/wp\/v2\/media?parent=245848"}],"wp:term":[{"taxonomy":"product_brand","embeddable":true,"href":"https:\/\/aromasentia.com\/fr\/wp-json\/wp\/v2\/product_brand?post=245848"},{"taxonomy":"product_cat","embeddable":true,"href":"https:\/\/aromasentia.com\/fr\/wp-json\/wp\/v2\/product_cat?post=245848"},{"taxonomy":"product_tag","embeddable":true,"href":"https:\/\/aromasentia.com\/fr\/wp-json\/wp\/v2\/product_tag?post=245848"}],"curies":[{"name":"wp","href":"https:\/\/api.w.org\/{rel}","templated":true}]}}