{"id":245845,"date":"2025-03-23T11:45:44","date_gmt":"2025-03-23T11:45:44","guid":{"rendered":"https:\/\/aromasentia.com\/product\/50g-organic-cinnamon-black-tea\/"},"modified":"2025-06-23T19:27:30","modified_gmt":"2025-06-23T19:27:30","slug":"50g-the-noir-bio-cannelle","status":"publish","type":"product","link":"https:\/\/aromasentia.com\/fr\/50g-the-noir-bio-cannelle\/","title":{"rendered":"50g Th\u00e9 Noir Bio &#8211; Cannelle"},"content":{"rendered":"<p><strong><span style=\"color: rgb(75, 80, 88);\">La cannelle<\/span><\/strong> est une \u00e9pice savoureuse mais dans la m\u00e9decine chinoise et ayurv\u00e9dique, elle est consid\u00e9r\u00e9e comme un rem\u00e8de \u00e0 de nombreux maux.&nbsp;<\/p>\n<p>Le th\u00e9 \u00e0 la cannelle est tr\u00e8s r\u00e9chauffant &#8211; cela vaut la peine de le prendre lorsque vous attrapez un rhume.&nbsp;<\/p>\n<p>De plus, le th\u00e9 \u00e0 la cannelle peut am\u00e9liorer la digestion, r\u00e9duire l&rsquo;inflammation, abaisser le taux de sucre et de cholest\u00e9rol dans le sang ou rafra\u00eechir votre haleine.&nbsp;<\/p>\n<p><strong><span style=\"color: rgb(141, 186, 216);\">Ajoutez du citron ou de l&rsquo;orange, du miel, du gingembre et pr\u00e9parez l&rsquo;infusion parfaite pour les journ\u00e9es froides !<\/span><\/strong><\/p>\n","protected":false},"excerpt":{"rendered":"<p>La cannelle est une \u00e9pice savoureuse mais dans la m\u00e9decine chinoise et ayurv\u00e9dique, elle est consid\u00e9r\u00e9e comme un rem\u00e8de \u00e0 de nombreux maux.&nbsp; Le th\u00e9 \u00e0 la cannelle est tr\u00e8s r\u00e9chauffant &#8211; cela vaut la peine de le prendre lorsque vous attrapez un rhume.&nbsp; De plus, le th\u00e9 \u00e0 la cannelle peut am\u00e9liorer la digestion, [&hellip;]<\/p>\n","protected":false},"featured_media":432688,"comment_status":"closed","ping_status":"open","template":"","meta":{"_angie_page":false},"product_brand":[],"product_cat":[25039,26698,26693],"product_tag":[],"class_list":{"0":"post-245845","1":"product","2":"type-product","3":"status-publish","4":"has-post-thumbnail","6":"product_cat-the-et-accessoires","7":"product_cat-the-bio","8":"product_cat-the-noir","9":"pa_collection-artisan-tea-blends-50g-fr","10":"pa_made-in-inde","11":"pa_size-50g","13":"first","14":"instock","15":"purchasable","16":"product-type-simple"},"supplier_id":null,"supplier_sku":"ArTeaP-18","barcode":null,"atum_controlled":true,"out_stock_date":null,"out_stock_threshold":null,"inheritable":false,"inbound_stock":null,"stock_on_hold":0,"sold_today":0,"sales_last_days":0,"reserved_stock":null,"customer_returns":null,"warehouse_damage":null,"lost_in_post":null,"other_logs":null,"out_stock_days":0,"lost_sales":0,"has_location":null,"update_date":"2026-04-27T06:51:02","atum_locations":[],"atum_stock_status":"instock","restock_status":false,"low_stock_amount":"","sales_update_date":"2026-02-06T00:01:30","calc_backorders":null,"_links":{"self":[{"href":"https:\/\/aromasentia.com\/fr\/wp-json\/wp\/v2\/product\/245845","targetHints":{"allow":["GET"]}}],"collection":[{"href":"https:\/\/aromasentia.com\/fr\/wp-json\/wp\/v2\/product"}],"about":[{"href":"https:\/\/aromasentia.com\/fr\/wp-json\/wp\/v2\/types\/product"}],"replies":[{"embeddable":true,"href":"https:\/\/aromasentia.com\/fr\/wp-json\/wp\/v2\/comments?post=245845"}],"version-history":[{"count":0,"href":"https:\/\/aromasentia.com\/fr\/wp-json\/wp\/v2\/product\/245845\/revisions"}],"wp:featuredmedia":[{"embeddable":true,"href":"https:\/\/aromasentia.com\/fr\/wp-json\/wp\/v2\/media\/432688"}],"wp:attachment":[{"href":"https:\/\/aromasentia.com\/fr\/wp-json\/wp\/v2\/media?parent=245845"}],"wp:term":[{"taxonomy":"product_brand","embeddable":true,"href":"https:\/\/aromasentia.com\/fr\/wp-json\/wp\/v2\/product_brand?post=245845"},{"taxonomy":"product_cat","embeddable":true,"href":"https:\/\/aromasentia.com\/fr\/wp-json\/wp\/v2\/product_cat?post=245845"},{"taxonomy":"product_tag","embeddable":true,"href":"https:\/\/aromasentia.com\/fr\/wp-json\/wp\/v2\/product_tag?post=245845"}],"curies":[{"name":"wp","href":"https:\/\/api.w.org\/{rel}","templated":true}]}}