{"id":245830,"date":"2025-03-23T11:46:17","date_gmt":"2025-03-23T11:46:17","guid":{"rendered":"https:\/\/aromasentia.com\/product\/raw-crystal-gemstone-tea-strainer-green-aventurine\/"},"modified":"2025-06-23T19:27:26","modified_gmt":"2025-06-23T19:27:26","slug":"infuseur-boule-a-the-avec-pierres-precieuses-aventurine-verte","status":"publish","type":"product","link":"https:\/\/aromasentia.com\/fr\/infuseur-boule-a-the-avec-pierres-precieuses-aventurine-verte\/","title":{"rendered":"Infuseur Boule \u00e0 Th\u00e9 avec Pierres Pr\u00e9cieuses &#8211; Aventurine Verte"},"content":{"rendered":"<p>Pr\u00e9sentation de notre exquis <strong><span style=\"color: rgb(75, 80, 88);\">Infuseur \u00e0 th\u00e9<\/span><\/strong> en gros de pierres pr\u00e9cieuses en cristal brut &#8211; Aventurine verte, o\u00f9l&rsquo;\u00e9l\u00e9gance rencontre la fonctionnalit\u00e9.&nbsp;<\/p>\n<p>Fabriqu\u00e9es avec soin et pr\u00e9cision, ces passoires \u00e0 th\u00e9 sont con&ccedil;ues pour am\u00e9liorer toute exp\u00e9rience de consommation de th\u00e9 tout en ajoutant une touche de beaut\u00e9 naturelle au rituel quotidien. Que vous poss\u00e9diez un magasin de th\u00e9, une boutique ou une boutique en ligne destin\u00e9e aux amateurs de th\u00e9, il s&rsquo;agit d&rsquo;un ajout indispensable \u00e0 votre inventaire.&nbsp;<\/p>\n<p>Ces passoires\/infuseurs font non seulement des cadeaux fantastiques pour les amateurs de th\u00e9, mais servent \u00e9galement de superbes pi\u00e8ces d\u00e9coratives qui peuvent rehausser toute occasion de boire du th\u00e9. En offrant nos passoires \u00e0 th\u00e9 en cristal brut \u00e0 vos clients, vous leur offrez une occasion unique de profiter du th\u00e9 d&rsquo;une mani\u00e8re qui combine beaut\u00e9, fonctionnalit\u00e9 et l&rsquo;\u00e9nergie curative des cristaux.&nbsp;<\/p>\n<p>Notre collection ne concerne pas seulement le th\u00e9 ; il s&rsquo;agit de cr\u00e9er des moments de tranquillit\u00e9, de soins personnels et de connexion avec la nature.&nbsp;<\/p>\n<p><strong><span style=\"color: rgb(26, 188, 156);\">Pouvoirs de sagesse ancienne de l&rsquo;aventurine : r\u00e9cup\u00e9ration \u00e9motionnelle et encouragement <\/span><\/strong><\/p>\n<p><strong><span style=\"color: rgb(141, 186, 216);\">Chacun emball\u00e9 individuellement dans une bo\u00eete \u00e9l\u00e9gante<\/span><\/strong><\/p>\n","protected":false},"excerpt":{"rendered":"<p>Pr\u00e9sentation de notre exquis Infuseur \u00e0 th\u00e9 en gros de pierres pr\u00e9cieuses en cristal brut &#8211; Aventurine verte, o\u00f9l&rsquo;\u00e9l\u00e9gance rencontre la fonctionnalit\u00e9.&nbsp; Fabriqu\u00e9es avec soin et pr\u00e9cision, ces passoires \u00e0 th\u00e9 sont con&ccedil;ues pour am\u00e9liorer toute exp\u00e9rience de consommation de th\u00e9 tout en ajoutant une touche de beaut\u00e9 naturelle au rituel quotidien. Que vous poss\u00e9diez [&hellip;]<\/p>\n","protected":false},"featured_media":432849,"comment_status":"closed","ping_status":"open","template":"","meta":{"_angie_page":false},"product_brand":[],"product_cat":[25557,26696,25226,25039],"product_tag":[],"class_list":{"0":"post-245830","1":"product","2":"type-product","3":"status-publish","4":"has-post-thumbnail","6":"product_cat-aventurine","7":"product_cat-filtres-a-the-et-passoires","8":"product_cat-pierres-et-mineraux","9":"product_cat-the-et-accessoires","10":"pa_collection-crystal-tea-strainer-fr","11":"pa_made-in-chine","13":"first","14":"instock","15":"purchasable","16":"product-type-simple"},"supplier_id":null,"supplier_sku":"CGTS-03","barcode":null,"atum_controlled":true,"out_stock_date":null,"out_stock_threshold":null,"inheritable":false,"inbound_stock":null,"stock_on_hold":0,"sold_today":0,"sales_last_days":0,"reserved_stock":null,"customer_returns":null,"warehouse_damage":null,"lost_in_post":null,"other_logs":null,"out_stock_days":0,"lost_sales":0,"has_location":null,"update_date":"2026-04-27T06:57:04","atum_locations":[],"atum_stock_status":"instock","restock_status":false,"low_stock_amount":"","sales_update_date":"2025-10-09T03:27:46","calc_backorders":null,"_links":{"self":[{"href":"https:\/\/aromasentia.com\/fr\/wp-json\/wp\/v2\/product\/245830","targetHints":{"allow":["GET"]}}],"collection":[{"href":"https:\/\/aromasentia.com\/fr\/wp-json\/wp\/v2\/product"}],"about":[{"href":"https:\/\/aromasentia.com\/fr\/wp-json\/wp\/v2\/types\/product"}],"replies":[{"embeddable":true,"href":"https:\/\/aromasentia.com\/fr\/wp-json\/wp\/v2\/comments?post=245830"}],"version-history":[{"count":0,"href":"https:\/\/aromasentia.com\/fr\/wp-json\/wp\/v2\/product\/245830\/revisions"}],"wp:featuredmedia":[{"embeddable":true,"href":"https:\/\/aromasentia.com\/fr\/wp-json\/wp\/v2\/media\/432849"}],"wp:attachment":[{"href":"https:\/\/aromasentia.com\/fr\/wp-json\/wp\/v2\/media?parent=245830"}],"wp:term":[{"taxonomy":"product_brand","embeddable":true,"href":"https:\/\/aromasentia.com\/fr\/wp-json\/wp\/v2\/product_brand?post=245830"},{"taxonomy":"product_cat","embeddable":true,"href":"https:\/\/aromasentia.com\/fr\/wp-json\/wp\/v2\/product_cat?post=245830"},{"taxonomy":"product_tag","embeddable":true,"href":"https:\/\/aromasentia.com\/fr\/wp-json\/wp\/v2\/product_tag?post=245830"}],"curies":[{"name":"wp","href":"https:\/\/api.w.org\/{rel}","templated":true}]}}