{"id":245797,"date":"2025-03-23T11:47:46","date_gmt":"2025-03-23T11:47:46","guid":{"rendered":"https:\/\/aromasentia.com\/product\/glass-infuser-teapot-clear-ribbed-pearl-850ml\/"},"modified":"2025-06-23T19:27:19","modified_gmt":"2025-06-23T19:27:19","slug":"theiere-a-infusion-en-verre-perle-cotelee-transparente-850ml","status":"publish","type":"product","link":"https:\/\/aromasentia.com\/fr\/theiere-a-infusion-en-verre-perle-cotelee-transparente-850ml\/","title":{"rendered":"Th\u00e9i\u00e8re \u00e0 Infusion en Verre &#8211; Perle C\u00f4tel\u00e9e Transparente &#8211; 850ml"},"content":{"rendered":"<\/p>\n<p>&nbsp;<\/p>\n<p>Les services de l&rsquo;administration centrale<\/p>\n","protected":false},"excerpt":{"rendered":"<p>&nbsp; Les services de l&rsquo;administration centrale<\/p>\n","protected":false},"featured_media":433448,"comment_status":"closed","ping_status":"open","template":"","meta":{"_angie_page":false},"product_brand":[],"product_cat":[25039,26700],"product_tag":[],"class_list":{"0":"post-245797","1":"product","2":"type-product","3":"status-publish","4":"has-post-thumbnail","6":"product_cat-the-et-accessoires","7":"product_cat-theieres-et-tasses-a-the","8":"pa_collection-glass-infuser-teapot-fr","9":"pa_made-in-chine","11":"first","12":"instock","13":"purchasable","14":"product-type-simple"},"supplier_id":null,"supplier_sku":"GTeaP-12","barcode":null,"atum_controlled":true,"out_stock_date":null,"out_stock_threshold":null,"inheritable":false,"inbound_stock":null,"stock_on_hold":0,"sold_today":0,"sales_last_days":0,"reserved_stock":null,"customer_returns":null,"warehouse_damage":null,"lost_in_post":null,"other_logs":null,"out_stock_days":0,"lost_sales":0,"has_location":null,"update_date":"2026-04-27T07:06:18","atum_locations":[],"atum_stock_status":"instock","restock_status":false,"low_stock_amount":"","sales_update_date":"2026-01-20T05:14:14","calc_backorders":null,"_links":{"self":[{"href":"https:\/\/aromasentia.com\/fr\/wp-json\/wp\/v2\/product\/245797","targetHints":{"allow":["GET"]}}],"collection":[{"href":"https:\/\/aromasentia.com\/fr\/wp-json\/wp\/v2\/product"}],"about":[{"href":"https:\/\/aromasentia.com\/fr\/wp-json\/wp\/v2\/types\/product"}],"replies":[{"embeddable":true,"href":"https:\/\/aromasentia.com\/fr\/wp-json\/wp\/v2\/comments?post=245797"}],"version-history":[{"count":0,"href":"https:\/\/aromasentia.com\/fr\/wp-json\/wp\/v2\/product\/245797\/revisions"}],"wp:featuredmedia":[{"embeddable":true,"href":"https:\/\/aromasentia.com\/fr\/wp-json\/wp\/v2\/media\/433448"}],"wp:attachment":[{"href":"https:\/\/aromasentia.com\/fr\/wp-json\/wp\/v2\/media?parent=245797"}],"wp:term":[{"taxonomy":"product_brand","embeddable":true,"href":"https:\/\/aromasentia.com\/fr\/wp-json\/wp\/v2\/product_brand?post=245797"},{"taxonomy":"product_cat","embeddable":true,"href":"https:\/\/aromasentia.com\/fr\/wp-json\/wp\/v2\/product_cat?post=245797"},{"taxonomy":"product_tag","embeddable":true,"href":"https:\/\/aromasentia.com\/fr\/wp-json\/wp\/v2\/product_tag?post=245797"}],"curies":[{"name":"wp","href":"https:\/\/api.w.org\/{rel}","templated":true}]}}