{"id":245794,"date":"2025-03-23T11:47:46","date_gmt":"2025-03-23T11:47:46","guid":{"rendered":"https:\/\/aromasentia.com\/product\/glass-infuser-teapot-round-pearl-800ml-2\/"},"modified":"2025-06-23T19:27:19","modified_gmt":"2025-06-23T19:27:19","slug":"theiere-a-infusion-en-verre-perle-ronde-800ml","status":"publish","type":"product","link":"https:\/\/aromasentia.com\/fr\/theiere-a-infusion-en-verre-perle-ronde-800ml\/","title":{"rendered":"Th\u00e9i\u00e8re \u00e0 Infusion en Verre &#8211; Perle Ronde &#8211; 800ml"},"content":{"rendered":"<p><Une belle tasse de th\u00e9 est l'un des plaisirs simples de la vie. De la camomille apaisante \u00e0 l'earl grey qui ouvre les yeux. Cette th\u00e9i\u00e8re est id\u00e9ale pour les th\u00e9s \u00e0 grandes feuilles&nbsp;<\/p>\n<p>Vos clients peuvent s&rsquo;offrir leur infusion pr\u00e9f\u00e9r\u00e9e \u00e0 tout moment de la journ\u00e9e gr\u00e2ce \u00e0 la th\u00e9i\u00e8re \u00e0 infusion en verre Ancient Wisdom. Cette th\u00e9i\u00e8re en verre est un compl\u00e9ment id\u00e9al \u00e0 la table du petit-d\u00e9jeuner ou au service du th\u00e9 de l&rsquo;apr\u00e8s-midi. Comme les tisanes et tout ce qui s&rsquo;y rapporte sont tr\u00e8s tendance, cette gamme de th\u00e9i\u00e8res est facile \u00e0 pr\u00e9senter dans votre magasin et constitue un cadeau parfait, emball\u00e9 dans une belle bo\u00eete de pr\u00e9sentation, c&rsquo;est le cadeau id\u00e9al pour les aficionados du th\u00e9. <strong>*Veuillez vous assurer que le couvercle est fermement fix\u00e9 avant de verser le th\u00e9.<\/strong><\/p>\n<p><em>Des designs modernes et \u00e9l\u00e9gants &#8211; Lavage \u00e0 la main recommand\u00e9 &#8211; Bo\u00eete cadeau et SANS BPA&nbsp;<\/em><\/p>\n<p><strong>Alors, versez-vous quelques ventes suppl\u00e9mentaires&#8230;. Faites le plein d\u00e8s aujourd&rsquo;hui.<\/strong><\/p>\n<p><strong>Dimensions du produit : 16x12x11cm &nbsp;Poids : 500g&nbsp;<\/strong><\/p>\n<p><strong>Mat\u00e9riau : Verre<\/strong><\/p>\n<p>\n","protected":false},"excerpt":{"rendered":"","protected":false},"featured_media":433439,"comment_status":"closed","ping_status":"open","template":"","meta":{"_angie_page":false},"product_brand":[],"product_cat":[25039,26700],"product_tag":[],"class_list":{"0":"post-245794","1":"product","2":"type-product","3":"status-publish","4":"has-post-thumbnail","6":"product_cat-the-et-accessoires","7":"product_cat-theieres-et-tasses-a-the","8":"pa_collection-glass-infuser-teapot-fr","9":"pa_made-in-chine","11":"first","12":"instock","13":"purchasable","14":"product-type-simple"},"supplier_id":null,"supplier_sku":"GTeaP-11","barcode":null,"atum_controlled":true,"out_stock_date":null,"out_stock_threshold":null,"inheritable":false,"inbound_stock":null,"stock_on_hold":0,"sold_today":0,"sales_last_days":0,"reserved_stock":null,"customer_returns":null,"warehouse_damage":null,"lost_in_post":null,"other_logs":null,"out_stock_days":0,"lost_sales":0,"has_location":null,"update_date":"2026-04-27T07:06:18","atum_locations":[],"atum_stock_status":"instock","restock_status":false,"low_stock_amount":"","sales_update_date":"2026-02-06T00:02:39","calc_backorders":null,"_links":{"self":[{"href":"https:\/\/aromasentia.com\/fr\/wp-json\/wp\/v2\/product\/245794","targetHints":{"allow":["GET"]}}],"collection":[{"href":"https:\/\/aromasentia.com\/fr\/wp-json\/wp\/v2\/product"}],"about":[{"href":"https:\/\/aromasentia.com\/fr\/wp-json\/wp\/v2\/types\/product"}],"replies":[{"embeddable":true,"href":"https:\/\/aromasentia.com\/fr\/wp-json\/wp\/v2\/comments?post=245794"}],"version-history":[{"count":0,"href":"https:\/\/aromasentia.com\/fr\/wp-json\/wp\/v2\/product\/245794\/revisions"}],"wp:featuredmedia":[{"embeddable":true,"href":"https:\/\/aromasentia.com\/fr\/wp-json\/wp\/v2\/media\/433439"}],"wp:attachment":[{"href":"https:\/\/aromasentia.com\/fr\/wp-json\/wp\/v2\/media?parent=245794"}],"wp:term":[{"taxonomy":"product_brand","embeddable":true,"href":"https:\/\/aromasentia.com\/fr\/wp-json\/wp\/v2\/product_brand?post=245794"},{"taxonomy":"product_cat","embeddable":true,"href":"https:\/\/aromasentia.com\/fr\/wp-json\/wp\/v2\/product_cat?post=245794"},{"taxonomy":"product_tag","embeddable":true,"href":"https:\/\/aromasentia.com\/fr\/wp-json\/wp\/v2\/product_tag?post=245794"}],"curies":[{"name":"wp","href":"https:\/\/api.w.org\/{rel}","templated":true}]}}