{"id":245785,"date":"2025-03-23T11:47:46","date_gmt":"2025-03-23T11:47:46","guid":{"rendered":"https:\/\/aromasentia.com\/product\/glass-infuser-teapot-contemporary-550ml\/"},"modified":"2025-06-23T19:27:17","modified_gmt":"2025-06-23T19:27:17","slug":"coffret-cadeau-theiere-infuseur-en-verre-contemporain-550-ml","status":"publish","type":"product","link":"https:\/\/aromasentia.com\/fr\/coffret-cadeau-theiere-infuseur-en-verre-contemporain-550-ml\/","title":{"rendered":"Coffret Cadeau Th\u00e9i\u00e8re Infuseur en Verre &#8211; Contemporain &#8211; 550 ml"},"content":{"rendered":"<p><strong><span style=\"color: rgb(75, 80, 88);\">Parfois, tout ce dont nous avons besoin, c&rsquo;est d&rsquo;une bonne tasse de th\u00e9&#8230;&nbsp;<\/span><\/strong><\/p>\n<p>Laissez vos clients s&rsquo;offrir leur infusion pr\u00e9f\u00e9r\u00e9e \u00e0 tout moment de la journ\u00e9e avec notre th\u00e9i\u00e8re infuseur en verre. Emball\u00e9 dans une belle bo\u00eete de pr\u00e9sentation, c&rsquo;est un cadeau id\u00e9al pour tout amateur de th\u00e9.&nbsp;<\/p>\n<p>La th\u00e9i\u00e8re en verre ultra clair est \u00e9galement livr\u00e9e avec un filtre en verre pour les th\u00e9s en vrac. Elle fait un bel ajout \u00e0 la table du petit-d\u00e9jeuner ou au service de th\u00e9 de l&rsquo;apr\u00e8s-midi. Comme les tisanes et tout ce qui s&rsquo;y rapporte sont tr\u00e8s tendance, cette gamme de th\u00e9i\u00e8res est facile \u00e0 exposer dans votre boutique.&nbsp;<\/p>\n<p>NB : Veuillez vous assurer que le couvercle est bien fix\u00e9 avant de verser. Le lavage des mains est recommand\u00e9. * Designs \u00e9l\u00e9gants et modernes * Infuseur en verre * Coffret cadeau * SANS BPA&nbsp;<\/p>\n<p><strong><span style=\"color: rgb(141, 186, 216);\">Alors versez-vous des ventes suppl\u00e9mentaires&#8230; Commandez aujourd&rsquo;hui.<\/span><\/strong><\/p>\n","protected":false},"excerpt":{"rendered":"<p>Parfois, tout ce dont nous avons besoin, c&rsquo;est d&rsquo;une bonne tasse de th\u00e9&#8230;&nbsp; Laissez vos clients s&rsquo;offrir leur infusion pr\u00e9f\u00e9r\u00e9e \u00e0 tout moment de la journ\u00e9e avec notre th\u00e9i\u00e8re infuseur en verre. Emball\u00e9 dans une belle bo\u00eete de pr\u00e9sentation, c&rsquo;est un cadeau id\u00e9al pour tout amateur de th\u00e9.&nbsp; La th\u00e9i\u00e8re en verre ultra clair est [&hellip;]<\/p>\n","protected":false},"featured_media":433300,"comment_status":"closed","ping_status":"open","template":"","meta":{"_angie_page":false},"product_brand":[],"product_cat":[25039,26700],"product_tag":[],"class_list":{"0":"post-245785","1":"product","2":"type-product","3":"status-publish","4":"has-post-thumbnail","6":"product_cat-the-et-accessoires","7":"product_cat-theieres-et-tasses-a-the","8":"pa_collection-glass-infuser-teapot-fr","9":"pa_made-in-chine","11":"first","12":"instock","13":"purchasable","14":"product-type-simple"},"supplier_id":null,"supplier_sku":"GTeaP-03","barcode":null,"atum_controlled":true,"out_stock_date":null,"out_stock_threshold":null,"inheritable":false,"inbound_stock":null,"stock_on_hold":0,"sold_today":0,"sales_last_days":0,"reserved_stock":null,"customer_returns":null,"warehouse_damage":null,"lost_in_post":null,"other_logs":null,"out_stock_days":0,"lost_sales":0,"has_location":null,"update_date":"2026-04-27T07:06:18","atum_locations":[],"atum_stock_status":"instock","restock_status":false,"low_stock_amount":"","sales_update_date":"2025-09-03T00:14:19","calc_backorders":null,"_links":{"self":[{"href":"https:\/\/aromasentia.com\/fr\/wp-json\/wp\/v2\/product\/245785","targetHints":{"allow":["GET"]}}],"collection":[{"href":"https:\/\/aromasentia.com\/fr\/wp-json\/wp\/v2\/product"}],"about":[{"href":"https:\/\/aromasentia.com\/fr\/wp-json\/wp\/v2\/types\/product"}],"replies":[{"embeddable":true,"href":"https:\/\/aromasentia.com\/fr\/wp-json\/wp\/v2\/comments?post=245785"}],"version-history":[{"count":0,"href":"https:\/\/aromasentia.com\/fr\/wp-json\/wp\/v2\/product\/245785\/revisions"}],"wp:featuredmedia":[{"embeddable":true,"href":"https:\/\/aromasentia.com\/fr\/wp-json\/wp\/v2\/media\/433300"}],"wp:attachment":[{"href":"https:\/\/aromasentia.com\/fr\/wp-json\/wp\/v2\/media?parent=245785"}],"wp:term":[{"taxonomy":"product_brand","embeddable":true,"href":"https:\/\/aromasentia.com\/fr\/wp-json\/wp\/v2\/product_brand?post=245785"},{"taxonomy":"product_cat","embeddable":true,"href":"https:\/\/aromasentia.com\/fr\/wp-json\/wp\/v2\/product_cat?post=245785"},{"taxonomy":"product_tag","embeddable":true,"href":"https:\/\/aromasentia.com\/fr\/wp-json\/wp\/v2\/product_tag?post=245785"}],"curies":[{"name":"wp","href":"https:\/\/api.w.org\/{rel}","templated":true}]}}