{"id":245779,"date":"2025-03-23T11:48:41","date_gmt":"2025-03-23T11:48:41","guid":{"rendered":"https:\/\/aromasentia.com\/product\/glass-infuser-teapot-with-steamer-system-charcoal-1000ml\/"},"modified":"2025-06-23T19:27:14","modified_gmt":"2025-06-23T19:27:14","slug":"theiere-a-infusion-en-verre-theiere-en-verre-avec-systeme-de-chauffe-a-la-vapeur-charbon-1000-ml","status":"publish","type":"product","link":"https:\/\/aromasentia.com\/fr\/theiere-a-infusion-en-verre-theiere-en-verre-avec-systeme-de-chauffe-a-la-vapeur-charbon-1000-ml\/","title":{"rendered":"Th\u00e9i\u00e8re \u00e0 Infusion en Verre &#8211; Th\u00e9i\u00e8re en verre avec syst\u00e8me de chauffe \u00e0 la vapeur &#8211; Charbon &#8211; 1000 ml"},"content":{"rendered":"<p><strong>Th\u00e9i\u00e8re \u00e0 infuseur en gros :&nbsp;<\/strong><\/p>\n<p><strong>Mode d&#8217;emploi de l&rsquo;infuseur \u00e0 th\u00e9 : <\/strong><\/p>\n<p><strong>Remplissez la th\u00e9i\u00e8re : <\/strong>Ajoutez de l&rsquo;eau dans la th\u00e9i\u00e8re en la remplissant environ au tiers.&nbsp;<\/p>\n<p><strong>Ajouter du th\u00e9 en vrac : <\/strong>Placez le th\u00e9 en vrac dans la partie sup\u00e9rieure de la chambre int\u00e9rieure de la th\u00e9i\u00e8re. Assurez-vous que les feuilles de th\u00e9 sont r\u00e9parties uniform\u00e9ment, mais ne les remplissez pas trop.&nbsp;<\/p>\n<p><strong>Placer la th\u00e9i\u00e8re sur une plaque chauffante :<\/strong> Placez la th\u00e9i\u00e8re sur une plaque chauffante et allumez-la. Le but est de porter l\u2019eau \u00e0 \u00e9bullition.&nbsp;<\/p>\n<p><strong>Processus de percolation : <\/strong>Au fur et \u00e0 mesure que l\u2019eau se r\u00e9chauffe, elle s\u2019infiltre dans le conduit de la chambre int\u00e9rieure et se dirige vers le th\u00e9. Le th\u00e9 commencera \u00e0 s\u2019infiltrer, insufflant de la saveur \u00e0 l\u2019eau.&nbsp;<\/p>\n<p><strong>Infuser le th\u00e9 :<\/strong> laissez le th\u00e9 infuser pendant la dur\u00e9e souhait\u00e9e (g\u00e9n\u00e9ralement 3 \u00e0 5 minutes, selon le type de th\u00e9).&nbsp;<\/p>\n<p><strong>Servir le th\u00e9 : <\/strong>Une fois le th\u00e9 infus\u00e9, retirez la th\u00e9i\u00e8re de la plaque chauffante et servez le th\u00e9.<\/p>\n","protected":false},"excerpt":{"rendered":"<p>Th\u00e9i\u00e8re \u00e0 infuseur en gros :&nbsp; Mode d&#8217;emploi de l&rsquo;infuseur \u00e0 th\u00e9 : Remplissez la th\u00e9i\u00e8re : Ajoutez de l&rsquo;eau dans la th\u00e9i\u00e8re en la remplissant environ au tiers.&nbsp; Ajouter du th\u00e9 en vrac : Placez le th\u00e9 en vrac dans la partie sup\u00e9rieure de la chambre int\u00e9rieure de la th\u00e9i\u00e8re. Assurez-vous que les feuilles [&hellip;]<\/p>\n","protected":false},"featured_media":433567,"comment_status":"closed","ping_status":"open","template":"","meta":{"_angie_page":false},"product_brand":[],"product_cat":[25039,26700],"product_tag":[],"class_list":{"0":"post-245779","1":"product","2":"type-product","3":"status-publish","4":"has-post-thumbnail","6":"product_cat-the-et-accessoires","7":"product_cat-theieres-et-tasses-a-the","8":"pa_collection-glass-infuser-teapot-fr","9":"pa_made-in-chine","11":"first","12":"instock","13":"purchasable","14":"product-type-simple"},"supplier_id":null,"supplier_sku":"GTeaP-14","barcode":null,"atum_controlled":true,"out_stock_date":null,"out_stock_threshold":null,"inheritable":false,"inbound_stock":null,"stock_on_hold":0,"sold_today":0,"sales_last_days":0,"reserved_stock":null,"customer_returns":null,"warehouse_damage":null,"lost_in_post":null,"other_logs":null,"out_stock_days":0,"lost_sales":0,"has_location":null,"update_date":"2026-04-27T07:06:18","atum_locations":[],"atum_stock_status":"instock","restock_status":false,"low_stock_amount":"","sales_update_date":"2026-01-20T05:14:23","calc_backorders":null,"_links":{"self":[{"href":"https:\/\/aromasentia.com\/fr\/wp-json\/wp\/v2\/product\/245779","targetHints":{"allow":["GET"]}}],"collection":[{"href":"https:\/\/aromasentia.com\/fr\/wp-json\/wp\/v2\/product"}],"about":[{"href":"https:\/\/aromasentia.com\/fr\/wp-json\/wp\/v2\/types\/product"}],"replies":[{"embeddable":true,"href":"https:\/\/aromasentia.com\/fr\/wp-json\/wp\/v2\/comments?post=245779"}],"version-history":[{"count":0,"href":"https:\/\/aromasentia.com\/fr\/wp-json\/wp\/v2\/product\/245779\/revisions"}],"wp:featuredmedia":[{"embeddable":true,"href":"https:\/\/aromasentia.com\/fr\/wp-json\/wp\/v2\/media\/433567"}],"wp:attachment":[{"href":"https:\/\/aromasentia.com\/fr\/wp-json\/wp\/v2\/media?parent=245779"}],"wp:term":[{"taxonomy":"product_brand","embeddable":true,"href":"https:\/\/aromasentia.com\/fr\/wp-json\/wp\/v2\/product_brand?post=245779"},{"taxonomy":"product_cat","embeddable":true,"href":"https:\/\/aromasentia.com\/fr\/wp-json\/wp\/v2\/product_cat?post=245779"},{"taxonomy":"product_tag","embeddable":true,"href":"https:\/\/aromasentia.com\/fr\/wp-json\/wp\/v2\/product_tag?post=245779"}],"curies":[{"name":"wp","href":"https:\/\/api.w.org\/{rel}","templated":true}]}}