{"id":245773,"date":"2025-03-23T11:48:41","date_gmt":"2025-03-23T11:48:41","guid":{"rendered":"https:\/\/aromasentia.com\/product\/glass-infuser-teapot-flask-shape-950ml\/"},"modified":"2025-06-23T19:27:13","modified_gmt":"2025-06-23T19:27:13","slug":"theiere-a-infusion-en-verre-forme-de-flacon-950ml","status":"publish","type":"product","link":"https:\/\/aromasentia.com\/fr\/theiere-a-infusion-en-verre-forme-de-flacon-950ml\/","title":{"rendered":"Th\u00e9i\u00e8re \u00e0 Infusion en Verre &#8211; Forme de Flacon &#8211; 950ml"},"content":{"rendered":"<p>Infusez et partagez vos th\u00e9s en feuilles pr\u00e9f\u00e9r\u00e9s avec cette th\u00e9i\u00e8re \u00e0 infusion en verre en forme de flacon de 950 ml. Son design unique et son infuseur int\u00e9gr\u00e9 en font un compl\u00e9ment \u00e9l\u00e9gant pour l&rsquo;heure du th\u00e9.<\/p>\n","protected":false},"excerpt":{"rendered":"<p>Infusez et partagez vos th\u00e9s en feuilles pr\u00e9f\u00e9r\u00e9s avec cette th\u00e9i\u00e8re \u00e0 infusion en verre en forme de flacon de 950 ml. Son design unique et son infuseur int\u00e9gr\u00e9 en font un compl\u00e9ment \u00e9l\u00e9gant pour l&rsquo;heure du th\u00e9.<\/p>\n","protected":false},"featured_media":433541,"comment_status":"closed","ping_status":"open","template":"","meta":{"_angie_page":false},"product_brand":[],"product_cat":[25039,26700],"product_tag":[],"class_list":{"0":"post-245773","1":"product","2":"type-product","3":"status-publish","4":"has-post-thumbnail","6":"product_cat-the-et-accessoires","7":"product_cat-theieres-et-tasses-a-the","8":"pa_collection-glass-infuser-teapot-fr","9":"pa_made-in-chine","11":"first","12":"instock","13":"purchasable","14":"product-type-simple"},"supplier_id":null,"supplier_sku":"GTeaP-09","barcode":null,"atum_controlled":true,"out_stock_date":null,"out_stock_threshold":null,"inheritable":false,"inbound_stock":null,"stock_on_hold":0,"sold_today":0,"sales_last_days":0,"reserved_stock":null,"customer_returns":null,"warehouse_damage":null,"lost_in_post":null,"other_logs":null,"out_stock_days":0,"lost_sales":0,"has_location":null,"update_date":"2026-04-27T07:06:18","atum_locations":[],"atum_stock_status":"instock","restock_status":false,"low_stock_amount":"","sales_update_date":"2025-09-03T00:14:17","calc_backorders":null,"_links":{"self":[{"href":"https:\/\/aromasentia.com\/fr\/wp-json\/wp\/v2\/product\/245773","targetHints":{"allow":["GET"]}}],"collection":[{"href":"https:\/\/aromasentia.com\/fr\/wp-json\/wp\/v2\/product"}],"about":[{"href":"https:\/\/aromasentia.com\/fr\/wp-json\/wp\/v2\/types\/product"}],"replies":[{"embeddable":true,"href":"https:\/\/aromasentia.com\/fr\/wp-json\/wp\/v2\/comments?post=245773"}],"version-history":[{"count":0,"href":"https:\/\/aromasentia.com\/fr\/wp-json\/wp\/v2\/product\/245773\/revisions"}],"wp:featuredmedia":[{"embeddable":true,"href":"https:\/\/aromasentia.com\/fr\/wp-json\/wp\/v2\/media\/433541"}],"wp:attachment":[{"href":"https:\/\/aromasentia.com\/fr\/wp-json\/wp\/v2\/media?parent=245773"}],"wp:term":[{"taxonomy":"product_brand","embeddable":true,"href":"https:\/\/aromasentia.com\/fr\/wp-json\/wp\/v2\/product_brand?post=245773"},{"taxonomy":"product_cat","embeddable":true,"href":"https:\/\/aromasentia.com\/fr\/wp-json\/wp\/v2\/product_cat?post=245773"},{"taxonomy":"product_tag","embeddable":true,"href":"https:\/\/aromasentia.com\/fr\/wp-json\/wp\/v2\/product_tag?post=245773"}],"curies":[{"name":"wp","href":"https:\/\/api.w.org\/{rel}","templated":true}]}}