{"id":245761,"date":"2025-03-23T12:10:29","date_gmt":"2025-03-23T12:10:29","guid":{"rendered":"https:\/\/aromasentia.com\/product\/huge-7-chakra-leather-book-10x13-200-pages\/"},"modified":"2025-06-23T19:27:11","modified_gmt":"2025-06-23T19:27:11","slug":"tres-grand-carnet-en-cuir-7-chakra-25x32-5-cm-200-pages","status":"publish","type":"product","link":"https:\/\/aromasentia.com\/fr\/tres-grand-carnet-en-cuir-7-chakra-25x32-5-cm-200-pages\/","title":{"rendered":"Tr\u00e8s grand Carnet en Cuir &#8211; 7 Chakra 25&#215;32.5 cm (200 pages)"},"content":{"rendered":"<p>Carnet de notes en gros fait \u00e0 la main avec couverture en cuir, ferm\u00e9 avec boucle. De belles d\u00e9corations sur la couverture ajoutent du charme et donnent \u00e0 chaque carnet un style unique.&nbsp;<\/p>\n<p><strong><span style=\"color: rgb(75, 80, 88);\">\u00e9norme livre en cuir 7 Chakra &#8211; 25&#215;32,5 cm (200 pages) <\/span><\/strong>peut \u00eatre utilis\u00e9 comme carnet, journal ou carnet de croquis. Il est facile \u00e0 transporter, vous pouvez l&#8217;emporter dans votre sac lorsque vous voyagez ou en voyage d&rsquo;affaires.&nbsp;<\/p>\n<p>D\u00e9sormais, vos clients peuvent enregistrer leurs id\u00e9es \u00e0 tout moment. Il plaira \u00e0 tous ceux qui aiment voyager, \u00e9crire ou faire des croquis. Faites un excellent cadeau pour les hommes et les femmes, en particulier les wiccans peuvent l&rsquo;aimer.&nbsp;<\/p>\n<p><strong><span style=\"color: rgb(75, 80, 88);\">Taille du Carnet : Hauteur 25 cm, Largeur 32,5 cm Cahier de 200 pages<\/span><\/strong>&nbsp;<\/p>\n<p><strong><span style=\"color: rgb(141, 186, 216);\">R\u00e9servez des ventes suppl\u00e9mentaires<\/span><\/strong> <\/p>\n","protected":false},"excerpt":{"rendered":"<p>Carnet de notes en gros fait \u00e0 la main avec couverture en cuir, ferm\u00e9 avec boucle. De belles d\u00e9corations sur la couverture ajoutent du charme et donnent \u00e0 chaque carnet un style unique.&nbsp; \u00e9norme livre en cuir 7 Chakra &#8211; 25&#215;32,5 cm (200 pages) peut \u00eatre utilis\u00e9 comme carnet, journal ou carnet de croquis. Il [&hellip;]<\/p>\n","protected":false},"featured_media":438716,"comment_status":"closed","ping_status":"open","template":"","meta":{"_angie_page":false},"product_brand":[],"product_cat":[14054,14053],"product_tag":[],"class_list":{"0":"post-245761","1":"product","2":"type-product","3":"status-publish","4":"has-post-thumbnail","6":"product_cat-cadeaux-vintage-et-souvenirs","7":"product_cat-carnets-et-cashiers","8":"pa_collection-leather-notebooks-diaries-fr","9":"pa_made-in-inde","11":"first","12":"instock","13":"purchasable","14":"product-type-simple"},"supplier_id":null,"supplier_sku":"LBN-20","barcode":null,"atum_controlled":true,"out_stock_date":null,"out_stock_threshold":null,"inheritable":false,"inbound_stock":null,"stock_on_hold":0,"sold_today":0,"sales_last_days":0,"reserved_stock":null,"customer_returns":null,"warehouse_damage":null,"lost_in_post":null,"other_logs":null,"out_stock_days":0,"lost_sales":0,"has_location":null,"update_date":"2026-05-04T00:03:57","atum_locations":[],"atum_stock_status":"instock","restock_status":false,"low_stock_amount":"","sales_update_date":"2026-01-30T01:25:00","calc_backorders":null,"_links":{"self":[{"href":"https:\/\/aromasentia.com\/fr\/wp-json\/wp\/v2\/product\/245761","targetHints":{"allow":["GET"]}}],"collection":[{"href":"https:\/\/aromasentia.com\/fr\/wp-json\/wp\/v2\/product"}],"about":[{"href":"https:\/\/aromasentia.com\/fr\/wp-json\/wp\/v2\/types\/product"}],"replies":[{"embeddable":true,"href":"https:\/\/aromasentia.com\/fr\/wp-json\/wp\/v2\/comments?post=245761"}],"version-history":[{"count":0,"href":"https:\/\/aromasentia.com\/fr\/wp-json\/wp\/v2\/product\/245761\/revisions"}],"wp:featuredmedia":[{"embeddable":true,"href":"https:\/\/aromasentia.com\/fr\/wp-json\/wp\/v2\/media\/438716"}],"wp:attachment":[{"href":"https:\/\/aromasentia.com\/fr\/wp-json\/wp\/v2\/media?parent=245761"}],"wp:term":[{"taxonomy":"product_brand","embeddable":true,"href":"https:\/\/aromasentia.com\/fr\/wp-json\/wp\/v2\/product_brand?post=245761"},{"taxonomy":"product_cat","embeddable":true,"href":"https:\/\/aromasentia.com\/fr\/wp-json\/wp\/v2\/product_cat?post=245761"},{"taxonomy":"product_tag","embeddable":true,"href":"https:\/\/aromasentia.com\/fr\/wp-json\/wp\/v2\/product_tag?post=245761"}],"curies":[{"name":"wp","href":"https:\/\/api.w.org\/{rel}","templated":true}]}}