{"id":245713,"date":"2025-03-23T12:11:56","date_gmt":"2025-03-23T12:11:56","guid":{"rendered":"https:\/\/aromasentia.com\/product\/heafty-brown-tan-book-zinc-triple-moon-decor-200-deckle-edges-pages-26x18cm\/"},"modified":"2025-06-23T19:27:00","modified_gmt":"2025-06-23T19:27:00","slug":"carnet-de-note-decor-triple-lune-en-zinc-200-pages-a-bords-plats-26-x-18-cm","status":"publish","type":"product","link":"https:\/\/aromasentia.com\/fr\/carnet-de-note-decor-triple-lune-en-zinc-200-pages-a-bords-plats-26-x-18-cm\/","title":{"rendered":"Carnet de Note &#8211; D\u00e9cor Triple Lune en Zinc \u2013 200 pages \u00e0 bords plats \u2013 26 x 18 cm"},"content":{"rendered":"<p>Vous \u00eates \u00e0 la recherche d&rsquo;un journal unique et magnifique pour votre gamme de produits ? Ne cherchez pas plus loin que ce <strong>Carnet de Note &#8211; D\u00e9cor Triple Lune en Zinc! <\/strong><\/p>\n<p>Ce carnet captivant est orn\u00e9 d&rsquo;un symbole d\u00e9coratif de triple lune en zinc sur la couverture, un symbole bien connu dans de nombreuses cultures, qui repr\u00e9sente les phases de la jeune fille, de la m\u00e8re et de la bique de la lune.&nbsp;<\/p>\n<p>Avec ses 200 pages \u00e0 bord plat, ce carnet offre beaucoup d&rsquo;espace pour consigner les pens\u00e9es, les r\u00eaves et les exp\u00e9riences de vos clients en rapport avec les cycles de la lune. La couverture \u00e9paisse prot\u00e8ge les pages \u00e0 l&rsquo;int\u00e9rieur, tandis que la reliure garantit que le journal reste \u00e0 plat lorsqu&rsquo;il est ouvert, ce qui est id\u00e9al pour \u00e9crire confortablement.&nbsp;<\/p>\n<p>Le Carnet de Note &#8211; D\u00e9cor Triple Lune en Zinc serait un cadeau judicieux pour toute personne int\u00e9ress\u00e9e par l&rsquo;astrologie, la Wicca, le paganisme ou les phases de la lune.&nbsp;<\/p>\n<p>Faites le plein de ce design captivant d\u00e8s aujourd&rsquo;hui ! Les mat\u00e9riaux de haute qualit\u00e9, l&rsquo;espace d&rsquo;\u00e9criture g\u00e9n\u00e9reux et le design symbolique ne manqueront pas de susciter l&rsquo;int\u00e9r\u00eat de vos clients.<\/p>\n","protected":false},"excerpt":{"rendered":"<p>Vous \u00eates \u00e0 la recherche d&rsquo;un journal unique et magnifique pour votre gamme de produits ? Ne cherchez pas plus loin que ce Carnet de Note &#8211; D\u00e9cor Triple Lune en Zinc! Ce carnet captivant est orn\u00e9 d&rsquo;un symbole d\u00e9coratif de triple lune en zinc sur la couverture, un symbole bien connu dans de nombreuses [&hellip;]<\/p>\n","protected":false},"featured_media":439211,"comment_status":"closed","ping_status":"open","template":"","meta":{"_angie_page":false},"product_brand":[],"product_cat":[14054,14053],"product_tag":[],"class_list":{"0":"post-245713","1":"product","2":"type-product","3":"status-publish","4":"has-post-thumbnail","6":"product_cat-cadeaux-vintage-et-souvenirs","7":"product_cat-carnets-et-cashiers","8":"pa_collection-leather-notebooks-diaries-fr","9":"pa_made-in-inde","11":"first","12":"instock","13":"purchasable","14":"product-type-simple"},"supplier_id":null,"supplier_sku":"LBN-38","barcode":null,"atum_controlled":true,"out_stock_date":null,"out_stock_threshold":null,"inheritable":false,"inbound_stock":null,"stock_on_hold":0,"sold_today":0,"sales_last_days":0,"reserved_stock":null,"customer_returns":null,"warehouse_damage":null,"lost_in_post":null,"other_logs":null,"out_stock_days":0,"lost_sales":0,"has_location":null,"update_date":"2026-05-04T00:03:57","atum_locations":[],"atum_stock_status":"instock","restock_status":false,"low_stock_amount":"","sales_update_date":"2026-02-06T00:02:17","calc_backorders":null,"_links":{"self":[{"href":"https:\/\/aromasentia.com\/fr\/wp-json\/wp\/v2\/product\/245713","targetHints":{"allow":["GET"]}}],"collection":[{"href":"https:\/\/aromasentia.com\/fr\/wp-json\/wp\/v2\/product"}],"about":[{"href":"https:\/\/aromasentia.com\/fr\/wp-json\/wp\/v2\/types\/product"}],"replies":[{"embeddable":true,"href":"https:\/\/aromasentia.com\/fr\/wp-json\/wp\/v2\/comments?post=245713"}],"version-history":[{"count":0,"href":"https:\/\/aromasentia.com\/fr\/wp-json\/wp\/v2\/product\/245713\/revisions"}],"wp:featuredmedia":[{"embeddable":true,"href":"https:\/\/aromasentia.com\/fr\/wp-json\/wp\/v2\/media\/439211"}],"wp:attachment":[{"href":"https:\/\/aromasentia.com\/fr\/wp-json\/wp\/v2\/media?parent=245713"}],"wp:term":[{"taxonomy":"product_brand","embeddable":true,"href":"https:\/\/aromasentia.com\/fr\/wp-json\/wp\/v2\/product_brand?post=245713"},{"taxonomy":"product_cat","embeddable":true,"href":"https:\/\/aromasentia.com\/fr\/wp-json\/wp\/v2\/product_cat?post=245713"},{"taxonomy":"product_tag","embeddable":true,"href":"https:\/\/aromasentia.com\/fr\/wp-json\/wp\/v2\/product_tag?post=245713"}],"curies":[{"name":"wp","href":"https:\/\/api.w.org\/{rel}","templated":true}]}}