{"id":245710,"date":"2025-03-23T12:11:56","date_gmt":"2025-03-23T12:11:56","guid":{"rendered":"https:\/\/aromasentia.com\/product\/heafty-coffee-tan-book-zinc-owl-decor-200-deckle-edges-pages-26x18cm\/"},"modified":"2025-06-23T19:26:59","modified_gmt":"2025-06-23T19:26:59","slug":"carnet-de-note-decor-hibou-en-zinc-200-pages-a-bords-plats-26x18cm","status":"publish","type":"product","link":"https:\/\/aromasentia.com\/fr\/carnet-de-note-decor-hibou-en-zinc-200-pages-a-bords-plats-26x18cm\/","title":{"rendered":"Carnet de Note &#8211; D\u00e9cor Hibou en Zinc &#8211; 200 pages \u00e0 bords plats &#8211; 26x18cm"},"content":{"rendered":"<p>\u00e9quipez vos clients des outils n\u00e9cessaires pour lib\u00e9rer leur sagesse et leurs prouesses acad\u00e9miques avec le <strong>Carnet de Note &#8211; D\u00e9cor Hibou en Zinc<\/strong>.&nbsp;<\/p>\n<p>Ce carnet captivant pr\u00e9sente une chouette d\u00e9corative en zinc perch\u00e9e sur la couverture, symbole universel de connaissance et d&rsquo;apprentissage. 200 pages \u00e0 bords francs offrent suffisamment d&rsquo;espace pour les notes, les id\u00e9es et les projets cr\u00e9atifs.&nbsp;<\/p>\n<p>Les bords uniques ajoutent une touche de sophistication qui compl\u00e8te le motif de la chouette savante. Le journal est confectionn\u00e9 avec une couverture luxueuse couleur caf\u00e9, garantissant une sensation et un look haut de gamme.&nbsp;<\/p>\n<p>La couverture \u00e9paisse prot\u00e8ge les pages et la reliure repose \u00e0 plat pour une \u00e9criture confortable. Mesurant 26 x 18 cm, ce Carnet de Note &#8211; D\u00e9cor Hibou en Zinc avec d\u00e9cor hibou en zinc offre une exp\u00e9rience d&rsquo;\u00e9criture confortable tout en restant suffisamment compact pour \u00eatre facilement transport\u00e9 dans un sac \u00e0 dos ou un fourre-tout.&nbsp;<\/p>\n<p>Son design \u00e9l\u00e9gant et ses mat\u00e9riaux de haute qualit\u00e9 en font un cadeau attentionn\u00e9 pour toute occasion, ou un livre d&rsquo;or unique pour les mariages, les remises de dipl\u00f4mes ou les \u00e9v\u00e9nements sp\u00e9ciaux.&nbsp;<\/p>\n<p><strong><span style=\"color: rgb(141, 186, 216);\">Commandez d\u00e8s aujourd\u2019hui notre Carnet de Note &#8211; D\u00e9cor Hibou en Zinc et d\u00e9bloquez un potentiel de profit exceptionnel !<\/span><\/strong><\/p>\n","protected":false},"excerpt":{"rendered":"<p>\u00e9quipez vos clients des outils n\u00e9cessaires pour lib\u00e9rer leur sagesse et leurs prouesses acad\u00e9miques avec le Carnet de Note &#8211; D\u00e9cor Hibou en Zinc.&nbsp; Ce carnet captivant pr\u00e9sente une chouette d\u00e9corative en zinc perch\u00e9e sur la couverture, symbole universel de connaissance et d&rsquo;apprentissage. 200 pages \u00e0 bords francs offrent suffisamment d&rsquo;espace pour les notes, les [&hellip;]<\/p>\n","protected":false},"featured_media":439170,"comment_status":"closed","ping_status":"open","template":"","meta":{"_angie_page":false},"product_brand":[],"product_cat":[14054,14053],"product_tag":[],"class_list":{"0":"post-245710","1":"product","2":"type-product","3":"status-publish","4":"has-post-thumbnail","6":"product_cat-cadeaux-vintage-et-souvenirs","7":"product_cat-carnets-et-cashiers","8":"pa_collection-leather-notebooks-diaries-fr","9":"pa_made-in-inde","11":"first","12":"instock","13":"purchasable","14":"product-type-simple"},"supplier_id":null,"supplier_sku":"LBN-37","barcode":null,"atum_controlled":true,"out_stock_date":null,"out_stock_threshold":null,"inheritable":false,"inbound_stock":null,"stock_on_hold":0,"sold_today":0,"sales_last_days":0,"reserved_stock":null,"customer_returns":null,"warehouse_damage":null,"lost_in_post":null,"other_logs":null,"out_stock_days":0,"lost_sales":0,"has_location":null,"update_date":"2026-05-04T00:03:57","atum_locations":[],"atum_stock_status":"instock","restock_status":false,"low_stock_amount":"","sales_update_date":"2026-02-06T00:02:32","calc_backorders":null,"_links":{"self":[{"href":"https:\/\/aromasentia.com\/fr\/wp-json\/wp\/v2\/product\/245710","targetHints":{"allow":["GET"]}}],"collection":[{"href":"https:\/\/aromasentia.com\/fr\/wp-json\/wp\/v2\/product"}],"about":[{"href":"https:\/\/aromasentia.com\/fr\/wp-json\/wp\/v2\/types\/product"}],"replies":[{"embeddable":true,"href":"https:\/\/aromasentia.com\/fr\/wp-json\/wp\/v2\/comments?post=245710"}],"version-history":[{"count":0,"href":"https:\/\/aromasentia.com\/fr\/wp-json\/wp\/v2\/product\/245710\/revisions"}],"wp:featuredmedia":[{"embeddable":true,"href":"https:\/\/aromasentia.com\/fr\/wp-json\/wp\/v2\/media\/439170"}],"wp:attachment":[{"href":"https:\/\/aromasentia.com\/fr\/wp-json\/wp\/v2\/media?parent=245710"}],"wp:term":[{"taxonomy":"product_brand","embeddable":true,"href":"https:\/\/aromasentia.com\/fr\/wp-json\/wp\/v2\/product_brand?post=245710"},{"taxonomy":"product_cat","embeddable":true,"href":"https:\/\/aromasentia.com\/fr\/wp-json\/wp\/v2\/product_cat?post=245710"},{"taxonomy":"product_tag","embeddable":true,"href":"https:\/\/aromasentia.com\/fr\/wp-json\/wp\/v2\/product_tag?post=245710"}],"curies":[{"name":"wp","href":"https:\/\/api.w.org\/{rel}","templated":true}]}}