{"id":245707,"date":"2025-03-23T12:11:56","date_gmt":"2025-03-23T12:11:56","guid":{"rendered":"https:\/\/aromasentia.com\/product\/heafty-brown-tan-book-zinc-rose-decor-200-deckle-edges-pages-26x18cm\/"},"modified":"2025-06-23T19:26:59","modified_gmt":"2025-06-23T19:26:59","slug":"carnet-de-note-marron-decor-de-roses-en-zinc-200-pages-a-bordures-decalees-26x18cm","status":"publish","type":"product","link":"https:\/\/aromasentia.com\/fr\/carnet-de-note-marron-decor-de-roses-en-zinc-200-pages-a-bordures-decalees-26x18cm\/","title":{"rendered":"Carnet de Note Marron &#8211; D\u00e9cor de Roses en Zinc &#8211; 200 pages \u00e0 bordures d\u00e9cal\u00e9es &#8211; 26x18cm"},"content":{"rendered":"<p>Vous cherchez un journal luxueux qui soit aussi beau que fonctionnel ? Ne cherchez pas plus loin que le Livre de Poche Rouge &#8211; D\u00e9cor de Roses en Zinc !&nbsp;<\/p>\n<p>Fabriqu\u00e9 en cuir de haute qualit\u00e9, il offre un toucher et un aspect luxueux. La combinaison d&rsquo;une couverture rouge riche et d&rsquo;une d\u00e9licate rose en zinc cr\u00e9e un contraste visuellement attrayant qui ne manquera pas d&rsquo;attirer l&rsquo;attention.&nbsp;<\/p>\n<p>La rose elle-m\u00eame est un symbole bien connu de l&rsquo;amour, de la passion et de la cr\u00e9ativit\u00e9, ce qui fait de ce journal un compagnon id\u00e9al pour les \u00e9crivains, les artistes et tous ceux qui souhaitent puiser dans leur muse int\u00e9rieure.&nbsp;<\/p>\n<p>Avec ses 200 pages \u00e0 bord plat, ce journal offre beaucoup d&rsquo;espace \u00e0 vos clients pour \u00e9crire leurs pens\u00e9es, leurs r\u00eaves et leurs id\u00e9es. La couverture \u00e9paisse prot\u00e8ge les pages \u00e0 l&rsquo;int\u00e9rieur, tandis que la reliure garantit que le journal reste \u00e0 plat lorsqu&rsquo;il est ouvert, ce qui est id\u00e9al pour \u00e9crire confortablement.&nbsp;<\/p>\n<p>Le Livre de Poche Rouge &#8211; D\u00e9cor de Roses en Zinc est un cadeau id\u00e9al pour toutes les occasions, comme les anniversaires, les vacances ou les remises de dipl\u00f4mes.&nbsp;<\/p>\n<p>Le motif de la rose ajoute une touche de romantisme et de beaut\u00e9, ce qui en fait un cadeau particuli\u00e8rement appropri\u00e9 pour quelqu&rsquo;un de sp\u00e9cial.&nbsp;<\/p>\n<p><strong><span style=\"color: rgb(141, 186, 216);\">Il peut \u00e9galement servir de livre d&rsquo;or dans un h\u00f4tel ou lors d&rsquo;un mariage. Faites le plein de ces journaux captivants d\u00e8s aujourd&rsquo;hui !<\/span><\/strong><\/p>\n","protected":false},"excerpt":{"rendered":"<p>Vous cherchez un journal luxueux qui soit aussi beau que fonctionnel ? Ne cherchez pas plus loin que le Livre de Poche Rouge &#8211; D\u00e9cor de Roses en Zinc !&nbsp; Fabriqu\u00e9 en cuir de haute qualit\u00e9, il offre un toucher et un aspect luxueux. La combinaison d&rsquo;une couverture rouge riche et d&rsquo;une d\u00e9licate rose en [&hellip;]<\/p>\n","protected":false},"featured_media":439129,"comment_status":"closed","ping_status":"open","template":"","meta":{"_angie_page":false},"product_brand":[],"product_cat":[14054,14053],"product_tag":[],"class_list":{"0":"post-245707","1":"product","2":"type-product","3":"status-publish","4":"has-post-thumbnail","6":"product_cat-cadeaux-vintage-et-souvenirs","7":"product_cat-carnets-et-cashiers","8":"pa_collection-leather-notebooks-diaries-fr","9":"pa_made-in-inde","11":"first","12":"instock","13":"purchasable","14":"product-type-simple"},"supplier_id":null,"supplier_sku":"LBN-36","barcode":null,"atum_controlled":true,"out_stock_date":null,"out_stock_threshold":null,"inheritable":false,"inbound_stock":null,"stock_on_hold":0,"sold_today":0,"sales_last_days":0,"reserved_stock":null,"customer_returns":null,"warehouse_damage":null,"lost_in_post":null,"other_logs":null,"out_stock_days":0,"lost_sales":0,"has_location":null,"update_date":"2026-04-27T07:10:42","atum_locations":[],"atum_stock_status":"instock","restock_status":false,"low_stock_amount":"","sales_update_date":"2026-01-20T05:13:43","calc_backorders":null,"_links":{"self":[{"href":"https:\/\/aromasentia.com\/fr\/wp-json\/wp\/v2\/product\/245707","targetHints":{"allow":["GET"]}}],"collection":[{"href":"https:\/\/aromasentia.com\/fr\/wp-json\/wp\/v2\/product"}],"about":[{"href":"https:\/\/aromasentia.com\/fr\/wp-json\/wp\/v2\/types\/product"}],"replies":[{"embeddable":true,"href":"https:\/\/aromasentia.com\/fr\/wp-json\/wp\/v2\/comments?post=245707"}],"version-history":[{"count":0,"href":"https:\/\/aromasentia.com\/fr\/wp-json\/wp\/v2\/product\/245707\/revisions"}],"wp:featuredmedia":[{"embeddable":true,"href":"https:\/\/aromasentia.com\/fr\/wp-json\/wp\/v2\/media\/439129"}],"wp:attachment":[{"href":"https:\/\/aromasentia.com\/fr\/wp-json\/wp\/v2\/media?parent=245707"}],"wp:term":[{"taxonomy":"product_brand","embeddable":true,"href":"https:\/\/aromasentia.com\/fr\/wp-json\/wp\/v2\/product_brand?post=245707"},{"taxonomy":"product_cat","embeddable":true,"href":"https:\/\/aromasentia.com\/fr\/wp-json\/wp\/v2\/product_cat?post=245707"},{"taxonomy":"product_tag","embeddable":true,"href":"https:\/\/aromasentia.com\/fr\/wp-json\/wp\/v2\/product_tag?post=245707"}],"curies":[{"name":"wp","href":"https:\/\/api.w.org\/{rel}","templated":true}]}}