{"id":245704,"date":"2025-03-23T12:11:56","date_gmt":"2025-03-23T12:11:56","guid":{"rendered":"https:\/\/aromasentia.com\/product\/heafty-red-tan-book-zinc-hamsa-decor-200-deckle-edges-pages-26x18cm\/"},"modified":"2025-06-23T19:26:58","modified_gmt":"2025-06-23T19:26:58","slug":"livre-de-poche-rouge-decoration-main-de-fatma-en-zinc-200-pages-a-bordures-decalees-26x18cm","status":"publish","type":"product","link":"https:\/\/aromasentia.com\/fr\/livre-de-poche-rouge-decoration-main-de-fatma-en-zinc-200-pages-a-bordures-decalees-26x18cm\/","title":{"rendered":"Livre de Poche Rouge &#8211; D\u00e9coration Main de Fatma en Zinc &#8211; 200 pages \u00e0 bordures d\u00e9cal\u00e9es &#8211; 26x18cm"},"content":{"rendered":"<p>Vous \u00eates \u00e0 la recherche d&rsquo;un journal luxueux qui offre \u00e0 la fois style et substance ? Ne cherchez pas plus loin que ce superbe <strong>Livre de Poche Rouge &#8211; D\u00e9coration Main de Fatma en Zinc<\/strong> !&nbsp;<\/p>\n<p>Ce magnifique carnet est plus qu&rsquo;un simple endroit pour \u00e9crire &#8211; c&rsquo;est un puissant symbole de protection et une toile pour les pens\u00e9es, les r\u00eaves et les aspirations de vos clients.&nbsp;<\/p>\n<p>Ce magnifique carnet est orn\u00e9 d&rsquo;une main hamsa d\u00e9corative en zinc sur la couverture. La main hamsa est un symbole de protection et de chance bien connu dans de nombreuses cultures, ce qui fait de ce journal un choix significatif pour vous-m\u00eame ou comme cadeau. Avec ses 200 pages \u00e0 bord plat, ce journal offre beaucoup d&rsquo;espace pour les pens\u00e9es, les r\u00eaves et les id\u00e9es de tous les clients.&nbsp;<\/p>\n<p>Les bords \u00e0 plat donnent aux pages un aspect rustique et ancien qui ajoute \u00e0 l&rsquo;attrait g\u00e9n\u00e9ral du journal. Le Livre de Poche Rouge &#8211; D\u00e9coration Main de Fatma en Zinc ferait un cadeau attentionn\u00e9 pour toute occasion, comme les anniversaires, les vacances ou les remises de dipl\u00f4mes.&nbsp;<\/p>\n<p>Le symbole de la main hamsa en fait un cadeau particuli\u00e8rement appropri\u00e9 pour quelqu&rsquo;un qui a besoin de protection ou de chance. Il peut \u00e9galement servir de livre d&rsquo;or dans un h\u00f4tel ou lors d&rsquo;un mariage.&nbsp;<\/p>\n<p><strong><span style=\"color: rgb(141, 186, 216);\">Faites le plein de ces journaux inspirants d\u00e8s aujourd&rsquo;hui ! Ils ne manqueront pas de s&rsquo;envoler.<\/span><\/strong><\/p>\n","protected":false},"excerpt":{"rendered":"<p>Vous \u00eates \u00e0 la recherche d&rsquo;un journal luxueux qui offre \u00e0 la fois style et substance ? Ne cherchez pas plus loin que ce superbe Livre de Poche Rouge &#8211; D\u00e9coration Main de Fatma en Zinc !&nbsp; Ce magnifique carnet est plus qu&rsquo;un simple endroit pour \u00e9crire &#8211; c&rsquo;est un puissant symbole de protection et [&hellip;]<\/p>\n","protected":false},"featured_media":439088,"comment_status":"closed","ping_status":"open","template":"","meta":{"_angie_page":false},"product_brand":[],"product_cat":[14054,14053],"product_tag":[],"class_list":{"0":"post-245704","1":"product","2":"type-product","3":"status-publish","4":"has-post-thumbnail","6":"product_cat-cadeaux-vintage-et-souvenirs","7":"product_cat-carnets-et-cashiers","8":"pa_collection-leather-notebooks-diaries-fr","9":"pa_made-in-inde","11":"first","12":"instock","13":"purchasable","14":"product-type-simple"},"supplier_id":null,"supplier_sku":"LBN-35","barcode":null,"atum_controlled":true,"out_stock_date":null,"out_stock_threshold":null,"inheritable":false,"inbound_stock":null,"stock_on_hold":0,"sold_today":0,"sales_last_days":0,"reserved_stock":null,"customer_returns":null,"warehouse_damage":null,"lost_in_post":null,"other_logs":null,"out_stock_days":0,"lost_sales":0,"has_location":null,"update_date":"2026-04-27T07:10:42","atum_locations":[],"atum_stock_status":"instock","restock_status":false,"low_stock_amount":"","sales_update_date":"2026-01-30T01:24:31","calc_backorders":null,"_links":{"self":[{"href":"https:\/\/aromasentia.com\/fr\/wp-json\/wp\/v2\/product\/245704","targetHints":{"allow":["GET"]}}],"collection":[{"href":"https:\/\/aromasentia.com\/fr\/wp-json\/wp\/v2\/product"}],"about":[{"href":"https:\/\/aromasentia.com\/fr\/wp-json\/wp\/v2\/types\/product"}],"replies":[{"embeddable":true,"href":"https:\/\/aromasentia.com\/fr\/wp-json\/wp\/v2\/comments?post=245704"}],"version-history":[{"count":0,"href":"https:\/\/aromasentia.com\/fr\/wp-json\/wp\/v2\/product\/245704\/revisions"}],"wp:featuredmedia":[{"embeddable":true,"href":"https:\/\/aromasentia.com\/fr\/wp-json\/wp\/v2\/media\/439088"}],"wp:attachment":[{"href":"https:\/\/aromasentia.com\/fr\/wp-json\/wp\/v2\/media?parent=245704"}],"wp:term":[{"taxonomy":"product_brand","embeddable":true,"href":"https:\/\/aromasentia.com\/fr\/wp-json\/wp\/v2\/product_brand?post=245704"},{"taxonomy":"product_cat","embeddable":true,"href":"https:\/\/aromasentia.com\/fr\/wp-json\/wp\/v2\/product_cat?post=245704"},{"taxonomy":"product_tag","embeddable":true,"href":"https:\/\/aromasentia.com\/fr\/wp-json\/wp\/v2\/product_tag?post=245704"}],"curies":[{"name":"wp","href":"https:\/\/api.w.org\/{rel}","templated":true}]}}