{"id":245695,"date":"2025-03-23T12:13:23","date_gmt":"2025-03-23T12:13:23","guid":{"rendered":"https:\/\/aromasentia.com\/product\/buddha-esoteric-notebook-red-tan-200-pages-stich-edge-17-5x12-5x3cm\/"},"modified":"2025-06-23T19:26:57","modified_gmt":"2025-06-23T19:26:57","slug":"bouddha-cahier-esoterique-rouge-tan-200-pages-bordure-cousue-175x125x3cm","status":"publish","type":"product","link":"https:\/\/aromasentia.com\/fr\/bouddha-cahier-esoterique-rouge-tan-200-pages-bordure-cousue-175x125x3cm\/","title":{"rendered":"Bouddha &#8211; Cahier \u00c9sot\u00e9rique &#8211; Rouge Tan &#8211; 200 Pages Bordure Cousue &#8211; 17,5&#215;12,5x3cm"},"content":{"rendered":"<p>Trouvez l&rsquo;inspiration dans vos \u00e9crits gr\u00e2ce \u00e0 ce carnet \u00e9sot\u00e9rique de couleur rouge feu, orn\u00e9 d&rsquo;un motif de Bouddha. Avec ses 200 pages bord\u00e9es de points et ses dimensions de 17,5 x 12,5 x 3 cm, il est parfait pour la r\u00e9daction d&rsquo;un journal, de notes spirituelles ou d&rsquo;\u00e9crits cr\u00e9atifs.<\/p>\n","protected":false},"excerpt":{"rendered":"<p>Trouvez l&rsquo;inspiration dans vos \u00e9crits gr\u00e2ce \u00e0 ce carnet \u00e9sot\u00e9rique de couleur rouge feu, orn\u00e9 d&rsquo;un motif de Bouddha. Avec ses 200 pages bord\u00e9es de points et ses dimensions de 17,5 x 12,5 x 3 cm, il est parfait pour la r\u00e9daction d&rsquo;un journal, de notes spirituelles ou d&rsquo;\u00e9crits cr\u00e9atifs.<\/p>\n","protected":false},"featured_media":439843,"comment_status":"closed","ping_status":"open","template":"","meta":{"_angie_page":false},"product_brand":[],"product_cat":[14054,14053],"product_tag":[],"class_list":{"0":"post-245695","1":"product","2":"type-product","3":"status-publish","4":"has-post-thumbnail","6":"product_cat-cadeaux-vintage-et-souvenirs","7":"product_cat-carnets-et-cashiers","8":"pa_collection-leather-notebooks-diaries-fr","9":"pa_made-in-inde","11":"first","12":"instock","13":"purchasable","14":"product-type-simple"},"supplier_id":null,"supplier_sku":"LBN-55","barcode":null,"atum_controlled":true,"out_stock_date":null,"out_stock_threshold":null,"inheritable":false,"inbound_stock":null,"stock_on_hold":0,"sold_today":0,"sales_last_days":0,"reserved_stock":null,"customer_returns":null,"warehouse_damage":null,"lost_in_post":null,"other_logs":null,"out_stock_days":0,"lost_sales":0,"has_location":null,"update_date":"2026-04-29T06:53:35","atum_locations":[],"atum_stock_status":"instock","restock_status":false,"low_stock_amount":"","sales_update_date":"2026-01-30T01:24:30","calc_backorders":null,"_links":{"self":[{"href":"https:\/\/aromasentia.com\/fr\/wp-json\/wp\/v2\/product\/245695","targetHints":{"allow":["GET"]}}],"collection":[{"href":"https:\/\/aromasentia.com\/fr\/wp-json\/wp\/v2\/product"}],"about":[{"href":"https:\/\/aromasentia.com\/fr\/wp-json\/wp\/v2\/types\/product"}],"replies":[{"embeddable":true,"href":"https:\/\/aromasentia.com\/fr\/wp-json\/wp\/v2\/comments?post=245695"}],"version-history":[{"count":0,"href":"https:\/\/aromasentia.com\/fr\/wp-json\/wp\/v2\/product\/245695\/revisions"}],"wp:featuredmedia":[{"embeddable":true,"href":"https:\/\/aromasentia.com\/fr\/wp-json\/wp\/v2\/media\/439843"}],"wp:attachment":[{"href":"https:\/\/aromasentia.com\/fr\/wp-json\/wp\/v2\/media?parent=245695"}],"wp:term":[{"taxonomy":"product_brand","embeddable":true,"href":"https:\/\/aromasentia.com\/fr\/wp-json\/wp\/v2\/product_brand?post=245695"},{"taxonomy":"product_cat","embeddable":true,"href":"https:\/\/aromasentia.com\/fr\/wp-json\/wp\/v2\/product_cat?post=245695"},{"taxonomy":"product_tag","embeddable":true,"href":"https:\/\/aromasentia.com\/fr\/wp-json\/wp\/v2\/product_tag?post=245695"}],"curies":[{"name":"wp","href":"https:\/\/api.w.org\/{rel}","templated":true}]}}