{"id":245686,"date":"2025-03-23T12:13:23","date_gmt":"2025-03-23T12:13:23","guid":{"rendered":"https:\/\/aromasentia.com\/product\/checkmate-book-light-tan-200-pages-decle-edged-20x15cm\/"},"modified":"2025-06-23T19:26:54","modified_gmt":"2025-06-23T19:26:54","slug":"carnet-dechecs-beige-clair-200-pages-a-bords-biseautes-20x15cm","status":"publish","type":"product","link":"https:\/\/aromasentia.com\/fr\/carnet-dechecs-beige-clair-200-pages-a-bords-biseautes-20x15cm\/","title":{"rendered":"Carnet d&rsquo;\u00c9checs &#8211; Beige Clair &#8211; 200 Pages \u00e0 Bords Biseaut\u00e9s &#8211; 20x15cm"},"content":{"rendered":"<p>Capturez vos pens\u00e9es et vos id\u00e9es dans ce carnet \u00ab\u00a0Checkmate\u00a0\u00bb de couleur beige clair. Dot\u00e9 de 200 pages \u00e0 bord plat et mesurant 20 x 15 cm, il est parfait pour la r\u00e9daction d&rsquo;un journal, l&rsquo;\u00e9criture cr\u00e9ative ou comme carnet de notes unique.<\/p>\n","protected":false},"excerpt":{"rendered":"<p>Capturez vos pens\u00e9es et vos id\u00e9es dans ce carnet \u00ab\u00a0Checkmate\u00a0\u00bb de couleur beige clair. Dot\u00e9 de 200 pages \u00e0 bord plat et mesurant 20 x 15 cm, il est parfait pour la r\u00e9daction d&rsquo;un journal, l&rsquo;\u00e9criture cr\u00e9ative ou comme carnet de notes unique.<\/p>\n","protected":false},"featured_media":439760,"comment_status":"closed","ping_status":"open","template":"","meta":{"_angie_page":false},"product_brand":[],"product_cat":[14054,14053],"product_tag":[],"class_list":{"0":"post-245686","1":"product","2":"type-product","3":"status-publish","4":"has-post-thumbnail","6":"product_cat-cadeaux-vintage-et-souvenirs","7":"product_cat-carnets-et-cashiers","8":"pa_collection-leather-notebooks-diaries-fr","9":"pa_made-in-inde","11":"first","12":"instock","13":"purchasable","14":"product-type-simple"},"supplier_id":null,"supplier_sku":"LBN-52","barcode":null,"atum_controlled":true,"out_stock_date":null,"out_stock_threshold":null,"inheritable":false,"inbound_stock":null,"stock_on_hold":0,"sold_today":0,"sales_last_days":0,"reserved_stock":null,"customer_returns":null,"warehouse_damage":null,"lost_in_post":null,"other_logs":null,"out_stock_days":0,"lost_sales":0,"has_location":null,"update_date":"2026-04-29T18:51:01","atum_locations":[],"atum_stock_status":"instock","restock_status":false,"low_stock_amount":"","sales_update_date":"2026-02-06T00:00:47","calc_backorders":null,"_links":{"self":[{"href":"https:\/\/aromasentia.com\/fr\/wp-json\/wp\/v2\/product\/245686","targetHints":{"allow":["GET"]}}],"collection":[{"href":"https:\/\/aromasentia.com\/fr\/wp-json\/wp\/v2\/product"}],"about":[{"href":"https:\/\/aromasentia.com\/fr\/wp-json\/wp\/v2\/types\/product"}],"replies":[{"embeddable":true,"href":"https:\/\/aromasentia.com\/fr\/wp-json\/wp\/v2\/comments?post=245686"}],"version-history":[{"count":0,"href":"https:\/\/aromasentia.com\/fr\/wp-json\/wp\/v2\/product\/245686\/revisions"}],"wp:featuredmedia":[{"embeddable":true,"href":"https:\/\/aromasentia.com\/fr\/wp-json\/wp\/v2\/media\/439760"}],"wp:attachment":[{"href":"https:\/\/aromasentia.com\/fr\/wp-json\/wp\/v2\/media?parent=245686"}],"wp:term":[{"taxonomy":"product_brand","embeddable":true,"href":"https:\/\/aromasentia.com\/fr\/wp-json\/wp\/v2\/product_brand?post=245686"},{"taxonomy":"product_cat","embeddable":true,"href":"https:\/\/aromasentia.com\/fr\/wp-json\/wp\/v2\/product_cat?post=245686"},{"taxonomy":"product_tag","embeddable":true,"href":"https:\/\/aromasentia.com\/fr\/wp-json\/wp\/v2\/product_tag?post=245686"}],"curies":[{"name":"wp","href":"https:\/\/api.w.org\/{rel}","templated":true}]}}