{"id":245683,"date":"2025-03-23T12:13:23","date_gmt":"2025-03-23T12:13:23","guid":{"rendered":"https:\/\/aromasentia.com\/product\/large-book-of-shadows-dark-tan-200-pages-decle-edged-25x18x3cm\/"},"modified":"2025-06-23T19:26:53","modified_gmt":"2025-06-23T19:26:53","slug":"grand-livre-des-ombres-brun-fonce-200-pages-a-bords-biseautes-25x18x3cm","status":"publish","type":"product","link":"https:\/\/aromasentia.com\/fr\/grand-livre-des-ombres-brun-fonce-200-pages-a-bords-biseautes-25x18x3cm\/","title":{"rendered":"Grand Livre des Ombres &#8211; Brun Fonc\u00e9 &#8211; 200 Pages \u00e0 Bords Biseaut\u00e9s &#8211; 25x18x3cm"},"content":{"rendered":"<p>Consignez vos travaux magiques dans ce grand Livre des Ombres de couleur beige fonc\u00e9. Avec ses 200 pages \u00e0 bord plat et ses 25x18x3cm, il est id\u00e9al pour documenter vos pratiques spirituelles et vos intuitions.<\/p>\n","protected":false},"excerpt":{"rendered":"<p>Consignez vos travaux magiques dans ce grand Livre des Ombres de couleur beige fonc\u00e9. Avec ses 200 pages \u00e0 bord plat et ses 25x18x3cm, il est id\u00e9al pour documenter vos pratiques spirituelles et vos intuitions.<\/p>\n","protected":false},"featured_media":439735,"comment_status":"closed","ping_status":"open","template":"","meta":{"_angie_page":false},"product_brand":[],"product_cat":[14054,14053],"product_tag":[],"class_list":{"0":"post-245683","1":"product","2":"type-product","3":"status-publish","4":"has-post-thumbnail","6":"product_cat-cadeaux-vintage-et-souvenirs","7":"product_cat-carnets-et-cashiers","8":"pa_collection-leather-notebooks-diaries-fr","9":"pa_made-in-inde","11":"first","12":"instock","13":"purchasable","14":"product-type-simple"},"supplier_id":null,"supplier_sku":"LBN-51","barcode":null,"atum_controlled":true,"out_stock_date":null,"out_stock_threshold":null,"inheritable":false,"inbound_stock":null,"stock_on_hold":0,"sold_today":0,"sales_last_days":0,"reserved_stock":null,"customer_returns":null,"warehouse_damage":null,"lost_in_post":null,"other_logs":null,"out_stock_days":0,"lost_sales":0,"has_location":null,"update_date":"2026-04-30T19:05:32","atum_locations":[],"atum_stock_status":"instock","restock_status":false,"low_stock_amount":"","sales_update_date":"2026-01-20T05:13:53","calc_backorders":null,"_links":{"self":[{"href":"https:\/\/aromasentia.com\/fr\/wp-json\/wp\/v2\/product\/245683","targetHints":{"allow":["GET"]}}],"collection":[{"href":"https:\/\/aromasentia.com\/fr\/wp-json\/wp\/v2\/product"}],"about":[{"href":"https:\/\/aromasentia.com\/fr\/wp-json\/wp\/v2\/types\/product"}],"replies":[{"embeddable":true,"href":"https:\/\/aromasentia.com\/fr\/wp-json\/wp\/v2\/comments?post=245683"}],"version-history":[{"count":0,"href":"https:\/\/aromasentia.com\/fr\/wp-json\/wp\/v2\/product\/245683\/revisions"}],"wp:featuredmedia":[{"embeddable":true,"href":"https:\/\/aromasentia.com\/fr\/wp-json\/wp\/v2\/media\/439735"}],"wp:attachment":[{"href":"https:\/\/aromasentia.com\/fr\/wp-json\/wp\/v2\/media?parent=245683"}],"wp:term":[{"taxonomy":"product_brand","embeddable":true,"href":"https:\/\/aromasentia.com\/fr\/wp-json\/wp\/v2\/product_brand?post=245683"},{"taxonomy":"product_cat","embeddable":true,"href":"https:\/\/aromasentia.com\/fr\/wp-json\/wp\/v2\/product_cat?post=245683"},{"taxonomy":"product_tag","embeddable":true,"href":"https:\/\/aromasentia.com\/fr\/wp-json\/wp\/v2\/product_tag?post=245683"}],"curies":[{"name":"wp","href":"https:\/\/api.w.org\/{rel}","templated":true}]}}