{"id":245680,"date":"2025-03-23T12:13:23","date_gmt":"2025-03-23T12:13:23","guid":{"rendered":"https:\/\/aromasentia.com\/product\/large-book-of-shadows-black-200-pages-decle-edged-25x18x3cm\/"},"modified":"2025-06-23T19:26:53","modified_gmt":"2025-06-23T19:26:53","slug":"grand-livre-des-ombres-noir-200-pages-a-tranche-decentree-25x18x3cm","status":"publish","type":"product","link":"https:\/\/aromasentia.com\/fr\/grand-livre-des-ombres-noir-200-pages-a-tranche-decentree-25x18x3cm\/","title":{"rendered":"Grand Livre des Ombres &#8211; Noir &#8211; 200 Pages \u00e0 Tranche D\u00e9centr\u00e9e &#8211; 25x18x3cm"},"content":{"rendered":"<p>Consignez votre voyage spirituel dans ce grand Livre des Ombres noir. Avec ses 200 pages \u00e0 bord plat et ses dimensions de 25 x 18 x 3 cm, il est parfait pour consigner les sorts, les rituels et les r\u00e9flexions personnelles.<\/p>\n","protected":false},"excerpt":{"rendered":"<p>Consignez votre voyage spirituel dans ce grand Livre des Ombres noir. Avec ses 200 pages \u00e0 bord plat et ses dimensions de 25 x 18 x 3 cm, il est parfait pour consigner les sorts, les rituels et les r\u00e9flexions personnelles.<\/p>\n","protected":false},"featured_media":439694,"comment_status":"closed","ping_status":"open","template":"","meta":{"_angie_page":false},"product_brand":[],"product_cat":[14054,14053],"product_tag":[],"class_list":{"0":"post-245680","1":"product","2":"type-product","3":"status-publish","4":"has-post-thumbnail","6":"product_cat-cadeaux-vintage-et-souvenirs","7":"product_cat-carnets-et-cashiers","8":"pa_collection-leather-notebooks-diaries-fr","9":"pa_made-in-inde","11":"first","12":"instock","13":"purchasable","14":"product-type-simple"},"supplier_id":null,"supplier_sku":"LBN-50","barcode":null,"atum_controlled":true,"out_stock_date":null,"out_stock_threshold":null,"inheritable":false,"inbound_stock":null,"stock_on_hold":0,"sold_today":0,"sales_last_days":0,"reserved_stock":null,"customer_returns":null,"warehouse_damage":null,"lost_in_post":null,"other_logs":null,"out_stock_days":0,"lost_sales":0,"has_location":null,"update_date":"2026-05-04T00:03:57","atum_locations":[],"atum_stock_status":"instock","restock_status":false,"low_stock_amount":"","sales_update_date":"2026-01-30T01:24:31","calc_backorders":null,"_links":{"self":[{"href":"https:\/\/aromasentia.com\/fr\/wp-json\/wp\/v2\/product\/245680","targetHints":{"allow":["GET"]}}],"collection":[{"href":"https:\/\/aromasentia.com\/fr\/wp-json\/wp\/v2\/product"}],"about":[{"href":"https:\/\/aromasentia.com\/fr\/wp-json\/wp\/v2\/types\/product"}],"replies":[{"embeddable":true,"href":"https:\/\/aromasentia.com\/fr\/wp-json\/wp\/v2\/comments?post=245680"}],"version-history":[{"count":0,"href":"https:\/\/aromasentia.com\/fr\/wp-json\/wp\/v2\/product\/245680\/revisions"}],"wp:featuredmedia":[{"embeddable":true,"href":"https:\/\/aromasentia.com\/fr\/wp-json\/wp\/v2\/media\/439694"}],"wp:attachment":[{"href":"https:\/\/aromasentia.com\/fr\/wp-json\/wp\/v2\/media?parent=245680"}],"wp:term":[{"taxonomy":"product_brand","embeddable":true,"href":"https:\/\/aromasentia.com\/fr\/wp-json\/wp\/v2\/product_brand?post=245680"},{"taxonomy":"product_cat","embeddable":true,"href":"https:\/\/aromasentia.com\/fr\/wp-json\/wp\/v2\/product_cat?post=245680"},{"taxonomy":"product_tag","embeddable":true,"href":"https:\/\/aromasentia.com\/fr\/wp-json\/wp\/v2\/product_tag?post=245680"}],"curies":[{"name":"wp","href":"https:\/\/api.w.org\/{rel}","templated":true}]}}