{"id":245677,"date":"2025-03-23T12:13:23","date_gmt":"2025-03-23T12:13:23","guid":{"rendered":"https:\/\/aromasentia.com\/product\/huge-tomb-book-charkra-stones-dragon-mandala-100-pages-25x34cm\/"},"modified":"2025-06-23T19:26:52","modified_gmt":"2025-06-23T19:26:52","slug":"grand-livre-tombeau-pierres-chakra-dragon-mandala-100-pages-25x34cm","status":"publish","type":"product","link":"https:\/\/aromasentia.com\/fr\/grand-livre-tombeau-pierres-chakra-dragon-mandala-100-pages-25x34cm\/","title":{"rendered":"Grand Livre Tombeau &#8211; Pierres Chakra Dragon Mandala 100 Pages &#8211; 25x34cm"},"content":{"rendered":"<p>Lib\u00e9rez votre cr\u00e9ativit\u00e9 dans cet impressionnant \u00ab\u00a0Tomb Book\u00a0\u00bb qui pr\u00e9sente un mandala de pierres de chakra et de dragon. Avec 100 pages et un grand format de 25x34cm, il est parfait pour la r\u00e9daction d&rsquo;un journal, d&rsquo;un croquis ou comme pi\u00e8ce artistique unique.<\/p>\n","protected":false},"excerpt":{"rendered":"<p>Lib\u00e9rez votre cr\u00e9ativit\u00e9 dans cet impressionnant \u00ab\u00a0Tomb Book\u00a0\u00bb qui pr\u00e9sente un mandala de pierres de chakra et de dragon. Avec 100 pages et un grand format de 25x34cm, il est parfait pour la r\u00e9daction d&rsquo;un journal, d&rsquo;un croquis ou comme pi\u00e8ce artistique unique.<\/p>\n","protected":false},"featured_media":439669,"comment_status":"closed","ping_status":"open","template":"","meta":{"_angie_page":false},"product_brand":[],"product_cat":[14054,14053],"product_tag":[],"class_list":{"0":"post-245677","1":"product","2":"type-product","3":"status-publish","4":"has-post-thumbnail","6":"product_cat-cadeaux-vintage-et-souvenirs","7":"product_cat-carnets-et-cashiers","8":"pa_collection-leather-notebooks-diaries-fr","9":"pa_made-in-inde","11":"first","12":"instock","13":"purchasable","14":"product-type-simple"},"supplier_id":null,"supplier_sku":"LBN-49","barcode":null,"atum_controlled":true,"out_stock_date":null,"out_stock_threshold":null,"inheritable":false,"inbound_stock":null,"stock_on_hold":0,"sold_today":0,"sales_last_days":0,"reserved_stock":null,"customer_returns":null,"warehouse_damage":null,"lost_in_post":null,"other_logs":null,"out_stock_days":0,"lost_sales":0,"has_location":null,"update_date":"2026-04-27T07:10:50","atum_locations":[],"atum_stock_status":"instock","restock_status":false,"low_stock_amount":"","sales_update_date":"2026-01-30T01:26:26","calc_backorders":null,"_links":{"self":[{"href":"https:\/\/aromasentia.com\/fr\/wp-json\/wp\/v2\/product\/245677","targetHints":{"allow":["GET"]}}],"collection":[{"href":"https:\/\/aromasentia.com\/fr\/wp-json\/wp\/v2\/product"}],"about":[{"href":"https:\/\/aromasentia.com\/fr\/wp-json\/wp\/v2\/types\/product"}],"replies":[{"embeddable":true,"href":"https:\/\/aromasentia.com\/fr\/wp-json\/wp\/v2\/comments?post=245677"}],"version-history":[{"count":0,"href":"https:\/\/aromasentia.com\/fr\/wp-json\/wp\/v2\/product\/245677\/revisions"}],"wp:featuredmedia":[{"embeddable":true,"href":"https:\/\/aromasentia.com\/fr\/wp-json\/wp\/v2\/media\/439669"}],"wp:attachment":[{"href":"https:\/\/aromasentia.com\/fr\/wp-json\/wp\/v2\/media?parent=245677"}],"wp:term":[{"taxonomy":"product_brand","embeddable":true,"href":"https:\/\/aromasentia.com\/fr\/wp-json\/wp\/v2\/product_brand?post=245677"},{"taxonomy":"product_cat","embeddable":true,"href":"https:\/\/aromasentia.com\/fr\/wp-json\/wp\/v2\/product_cat?post=245677"},{"taxonomy":"product_tag","embeddable":true,"href":"https:\/\/aromasentia.com\/fr\/wp-json\/wp\/v2\/product_tag?post=245677"}],"curies":[{"name":"wp","href":"https:\/\/api.w.org\/{rel}","templated":true}]}}