{"id":245674,"date":"2025-03-23T12:13:23","date_gmt":"2025-03-23T12:13:23","guid":{"rendered":"https:\/\/aromasentia.com\/product\/black-tan-daily-note-book-100-lined-pages-18x13cm\/"},"modified":"2025-06-23T19:26:52","modified_gmt":"2025-06-23T19:26:52","slug":"carnet-de-notes-journalier-noir-et-beige-100-pages-lignees-18x13cm","status":"publish","type":"product","link":"https:\/\/aromasentia.com\/fr\/carnet-de-notes-journalier-noir-et-beige-100-pages-lignees-18x13cm\/","title":{"rendered":"Carnet de Notes Journalier Noir et Beige &#8211; 100 Pages Lign\u00e9es &#8211; 18x13cm"},"content":{"rendered":"<p>Gardez une trace de vos t\u00e2ches quotidiennes et de vos id\u00e9es dans ce carnet de taille moyenne en noir et tan, qui comporte 100 pages lign\u00e9es. Mesurant 18 x 13 cm, il constitue un choix pratique pour un usage quotidien.<\/p>\n","protected":false},"excerpt":{"rendered":"<p>Gardez une trace de vos t\u00e2ches quotidiennes et de vos id\u00e9es dans ce carnet de taille moyenne en noir et tan, qui comporte 100 pages lign\u00e9es. Mesurant 18 x 13 cm, il constitue un choix pratique pour un usage quotidien.<\/p>\n","protected":false},"featured_media":439652,"comment_status":"closed","ping_status":"open","template":"","meta":{"_angie_page":false},"product_brand":[],"product_cat":[14054,14053],"product_tag":[],"class_list":{"0":"post-245674","1":"product","2":"type-product","3":"status-publish","4":"has-post-thumbnail","6":"product_cat-cadeaux-vintage-et-souvenirs","7":"product_cat-carnets-et-cashiers","8":"pa_collection-leather-notebooks-diaries-fr","9":"pa_made-in-inde","11":"first","12":"instock","13":"purchasable","14":"product-type-simple"},"supplier_id":null,"supplier_sku":"LBN-48","barcode":null,"atum_controlled":true,"out_stock_date":null,"out_stock_threshold":null,"inheritable":false,"inbound_stock":null,"stock_on_hold":0,"sold_today":0,"sales_last_days":0,"reserved_stock":null,"customer_returns":null,"warehouse_damage":null,"lost_in_post":null,"other_logs":null,"out_stock_days":0,"lost_sales":0,"has_location":null,"update_date":"2026-04-27T07:10:50","atum_locations":[],"atum_stock_status":"instock","restock_status":false,"low_stock_amount":"","sales_update_date":"2026-02-06T00:02:28","calc_backorders":null,"_links":{"self":[{"href":"https:\/\/aromasentia.com\/fr\/wp-json\/wp\/v2\/product\/245674","targetHints":{"allow":["GET"]}}],"collection":[{"href":"https:\/\/aromasentia.com\/fr\/wp-json\/wp\/v2\/product"}],"about":[{"href":"https:\/\/aromasentia.com\/fr\/wp-json\/wp\/v2\/types\/product"}],"replies":[{"embeddable":true,"href":"https:\/\/aromasentia.com\/fr\/wp-json\/wp\/v2\/comments?post=245674"}],"version-history":[{"count":0,"href":"https:\/\/aromasentia.com\/fr\/wp-json\/wp\/v2\/product\/245674\/revisions"}],"wp:featuredmedia":[{"embeddable":true,"href":"https:\/\/aromasentia.com\/fr\/wp-json\/wp\/v2\/media\/439652"}],"wp:attachment":[{"href":"https:\/\/aromasentia.com\/fr\/wp-json\/wp\/v2\/media?parent=245674"}],"wp:term":[{"taxonomy":"product_brand","embeddable":true,"href":"https:\/\/aromasentia.com\/fr\/wp-json\/wp\/v2\/product_brand?post=245674"},{"taxonomy":"product_cat","embeddable":true,"href":"https:\/\/aromasentia.com\/fr\/wp-json\/wp\/v2\/product_cat?post=245674"},{"taxonomy":"product_tag","embeddable":true,"href":"https:\/\/aromasentia.com\/fr\/wp-json\/wp\/v2\/product_tag?post=245674"}],"curies":[{"name":"wp","href":"https:\/\/api.w.org\/{rel}","templated":true}]}}