{"id":245668,"date":"2025-03-23T12:13:23","date_gmt":"2025-03-23T12:13:23","guid":{"rendered":"https:\/\/aromasentia.com\/product\/med-dark-tan-daily-note-book-100-lined-pages-18x13cm\/"},"modified":"2025-06-23T19:26:51","modified_gmt":"2025-06-23T19:26:51","slug":"carnet-de-notes-journalier-beige-fonce-100-pages-lignees-18-x-13-cm","status":"publish","type":"product","link":"https:\/\/aromasentia.com\/fr\/carnet-de-notes-journalier-beige-fonce-100-pages-lignees-18-x-13-cm\/","title":{"rendered":"Carnet de Notes Journalier Beige Fonc\u00e9 &#8211; 100 Pages Lign\u00e9es &#8211; 18 x 13 cm"},"content":{"rendered":"<p>Notez vos pens\u00e9es et vos t\u00e2ches quotidiennes dans ce carnet de taille moyenne de couleur havane fonc\u00e9, qui comporte 100 pages lign\u00e9es. D&rsquo;une taille de 18 x 13 cm, il est pratique \u00e0 transporter.<\/p>\n","protected":false},"excerpt":{"rendered":"<p>Notez vos pens\u00e9es et vos t\u00e2ches quotidiennes dans ce carnet de taille moyenne de couleur havane fonc\u00e9, qui comporte 100 pages lign\u00e9es. D&rsquo;une taille de 18 x 13 cm, il est pratique \u00e0 transporter.<\/p>\n","protected":false},"featured_media":439610,"comment_status":"closed","ping_status":"open","template":"","meta":{"_angie_page":false},"product_brand":[],"product_cat":[14054,14053],"product_tag":[],"class_list":{"0":"post-245668","1":"product","2":"type-product","3":"status-publish","4":"has-post-thumbnail","6":"product_cat-cadeaux-vintage-et-souvenirs","7":"product_cat-carnets-et-cashiers","8":"pa_collection-leather-notebooks-diaries-fr","9":"pa_made-in-inde","11":"first","12":"instock","13":"purchasable","14":"product-type-simple"},"supplier_id":null,"supplier_sku":"LBN-46","barcode":null,"atum_controlled":true,"out_stock_date":null,"out_stock_threshold":null,"inheritable":false,"inbound_stock":null,"stock_on_hold":0,"sold_today":0,"sales_last_days":0,"reserved_stock":null,"customer_returns":null,"warehouse_damage":null,"lost_in_post":null,"other_logs":null,"out_stock_days":0,"lost_sales":0,"has_location":null,"update_date":"2026-05-08T05:11:59","atum_locations":[],"atum_stock_status":"instock","restock_status":false,"low_stock_amount":"","sales_update_date":"2026-01-30T01:24:43","calc_backorders":null,"_links":{"self":[{"href":"https:\/\/aromasentia.com\/fr\/wp-json\/wp\/v2\/product\/245668","targetHints":{"allow":["GET"]}}],"collection":[{"href":"https:\/\/aromasentia.com\/fr\/wp-json\/wp\/v2\/product"}],"about":[{"href":"https:\/\/aromasentia.com\/fr\/wp-json\/wp\/v2\/types\/product"}],"replies":[{"embeddable":true,"href":"https:\/\/aromasentia.com\/fr\/wp-json\/wp\/v2\/comments?post=245668"}],"version-history":[{"count":0,"href":"https:\/\/aromasentia.com\/fr\/wp-json\/wp\/v2\/product\/245668\/revisions"}],"wp:featuredmedia":[{"embeddable":true,"href":"https:\/\/aromasentia.com\/fr\/wp-json\/wp\/v2\/media\/439610"}],"wp:attachment":[{"href":"https:\/\/aromasentia.com\/fr\/wp-json\/wp\/v2\/media?parent=245668"}],"wp:term":[{"taxonomy":"product_brand","embeddable":true,"href":"https:\/\/aromasentia.com\/fr\/wp-json\/wp\/v2\/product_brand?post=245668"},{"taxonomy":"product_cat","embeddable":true,"href":"https:\/\/aromasentia.com\/fr\/wp-json\/wp\/v2\/product_cat?post=245668"},{"taxonomy":"product_tag","embeddable":true,"href":"https:\/\/aromasentia.com\/fr\/wp-json\/wp\/v2\/product_tag?post=245668"}],"curies":[{"name":"wp","href":"https:\/\/api.w.org\/{rel}","templated":true}]}}