{"id":245635,"date":"2025-03-23T12:14:33","date_gmt":"2025-03-23T12:14:33","guid":{"rendered":"https:\/\/aromasentia.com\/product\/v-large-money-cat\/"},"modified":"2025-06-23T19:26:44","modified_gmt":"2025-06-23T19:26:44","slug":"grand-chat-chinois","status":"publish","type":"product","link":"https:\/\/aromasentia.com\/fr\/grand-chat-chinois\/","title":{"rendered":"Grand Chat Chinois"},"content":{"rendered":"<p><strong><span style=\"color: rgb(75, 80, 88);\">Grand Chat Chinois<\/span><\/strong> invite l&rsquo;argent, la propri\u00e9t\u00e9, la richesse, les opportunit\u00e9s d&rsquo;affaires et les amis \u00e0 celui qui en poss\u00e8de un, agitant la bonne fortune pour ses propri\u00e9taires.&nbsp;<\/p>\n<p>La main gauche se d\u00e9place d&rsquo;avant en arri\u00e8re d&rsquo;une mani\u00e8re ondulante, ce qui aide \u00e0 attirer la richesse et la fortune.&nbsp;<\/p>\n<p>Ils fonctionnent avec une ou deux piles AA et AAA <strong><span style=\"color: rgb(75, 80, 88);\">(non incluses).&nbsp;<\/span><\/strong><\/p>\n<p><strong><span style=\"color: rgb(75, 80, 88);\">Veuillez noter : le compartiment de la batterie n&rsquo;a pas de couvercle et n&rsquo;a pas non plus de bouton marche\/arr\u00eat car il est con&ccedil;u pour onduler constamment.<\/span><span style=\"color: rgb(141, 186, 216);\">&nbsp;<\/span><\/strong><\/p>\n<p><strong><span style=\"color: rgb(141, 186, 216);\">Commandez maintenant ce d\u00e9cor populaire et la bonne fortune vous trouvera.<\/span><\/strong><\/p>\n<p><span style=\"color: rgb(75, 80, 88);\">MCAT-04 &nbsp; Dimensions \u00e0 la BASE : 14CM(L)X14.5CM(D) &nbsp;&nbsp;<\/span><\/p>\n<p><span style=\"color: rgb(75, 80, 88);\">&nbsp; &nbsp; &nbsp; &nbsp; &nbsp; &nbsp; &nbsp; &nbsp; &nbsp; &nbsp; &nbsp;Dimensions \u00e0 hauteur du bras : 17CM &nbsp;25.5CM&nbsp;<\/span><\/p>\n","protected":false},"excerpt":{"rendered":"<p>Grand Chat Chinois invite l&rsquo;argent, la propri\u00e9t\u00e9, la richesse, les opportunit\u00e9s d&rsquo;affaires et les amis \u00e0 celui qui en poss\u00e8de un, agitant la bonne fortune pour ses propri\u00e9taires.&nbsp; La main gauche se d\u00e9place d&rsquo;avant en arri\u00e8re d&rsquo;une mani\u00e8re ondulante, ce qui aide \u00e0 attirer la richesse et la fortune.&nbsp; Ils fonctionnent avec une ou deux [&hellip;]<\/p>\n","protected":false},"featured_media":439978,"comment_status":"closed","ping_status":"open","template":"","meta":[],"product_brand":[],"product_cat":[14054,14404],"product_tag":[],"class_list":{"0":"post-245635","1":"product","2":"type-product","3":"status-publish","4":"has-post-thumbnail","6":"product_cat-cadeaux-vintage-et-souvenirs","7":"product_cat-feng-shui-et-collection-tibetaine","8":"pa_collection-lucky-waving-chinese-cat-fr","9":"pa_made-in-chine","11":"first","12":"instock","13":"purchasable","14":"product-type-simple"},"supplier_id":null,"supplier_sku":"MCAT-04","barcode":null,"atum_controlled":true,"out_stock_date":null,"out_stock_threshold":null,"inheritable":false,"inbound_stock":null,"stock_on_hold":0,"sold_today":0,"sales_last_days":0,"reserved_stock":null,"customer_returns":null,"warehouse_damage":null,"lost_in_post":null,"other_logs":null,"out_stock_days":0,"lost_sales":0,"has_location":null,"update_date":"2026-01-27T12:52:24","atum_locations":[],"atum_stock_status":"instock","restock_status":false,"low_stock_amount":"","sales_update_date":"2025-09-03T00:25:48","calc_backorders":null,"_links":{"self":[{"href":"https:\/\/aromasentia.com\/fr\/wp-json\/wp\/v2\/product\/245635","targetHints":{"allow":["GET"]}}],"collection":[{"href":"https:\/\/aromasentia.com\/fr\/wp-json\/wp\/v2\/product"}],"about":[{"href":"https:\/\/aromasentia.com\/fr\/wp-json\/wp\/v2\/types\/product"}],"replies":[{"embeddable":true,"href":"https:\/\/aromasentia.com\/fr\/wp-json\/wp\/v2\/comments?post=245635"}],"version-history":[{"count":0,"href":"https:\/\/aromasentia.com\/fr\/wp-json\/wp\/v2\/product\/245635\/revisions"}],"wp:featuredmedia":[{"embeddable":true,"href":"https:\/\/aromasentia.com\/fr\/wp-json\/wp\/v2\/media\/439978"}],"wp:attachment":[{"href":"https:\/\/aromasentia.com\/fr\/wp-json\/wp\/v2\/media?parent=245635"}],"wp:term":[{"taxonomy":"product_brand","embeddable":true,"href":"https:\/\/aromasentia.com\/fr\/wp-json\/wp\/v2\/product_brand?post=245635"},{"taxonomy":"product_cat","embeddable":true,"href":"https:\/\/aromasentia.com\/fr\/wp-json\/wp\/v2\/product_cat?post=245635"},{"taxonomy":"product_tag","embeddable":true,"href":"https:\/\/aromasentia.com\/fr\/wp-json\/wp\/v2\/product_tag?post=245635"}],"curies":[{"name":"wp","href":"https:\/\/api.w.org\/{rel}","templated":true}]}}