{"id":245596,"date":"2025-03-23T12:15:38","date_gmt":"2025-03-23T12:15:38","guid":{"rendered":"https:\/\/aromasentia.com\/product\/small-notebook-with-strap-leaves-on-the-same-tree\/"},"modified":"2025-06-23T19:26:35","modified_gmt":"2025-06-23T19:26:35","slug":"petit-carnet-a-bandouliere-feuilles-sur-le-meme-arbre","status":"publish","type":"product","link":"https:\/\/aromasentia.com\/fr\/petit-carnet-a-bandouliere-feuilles-sur-le-meme-arbre\/","title":{"rendered":"Petit carnet \u00e0 bandouli\u00e8re &#8211; Feuilles sur le m\u00eame arbre"},"content":{"rendered":"<p>Ce carnet \u00e0 bandouli\u00e8re en gros est vraiment incroyable ! &nbsp;<\/p>\n<p>Chaque carnet contient 200 pages de papier recycl\u00e9 ancien difficile \u00e0 trouver. Les pages ne sont pas lign\u00e9es, afin que vos clients puissent \u00eatre cr\u00e9atifs et \u00e9crire ou dessiner, ou les deux.&nbsp;<\/p>\n<p>Le carnet de taille id\u00e9ale avec sangle et bouton en noix de coco est une excellente ligne de ramassage dans n&rsquo;importe quelle boutique de cadeaux.&nbsp;<\/p>\n<p>Bon \u00e0 afficher en magasin &#8211; article de vente rapide.&nbsp;<\/p>\n<p>* 200 pages de papier \u00e9cologique&nbsp;<\/p>\n<p>* Taille : 18 x 12,5 cm&nbsp;<\/p>\n<p>* Sangle avec bouton en noix de coco * &nbsp;<\/p>\n<p>Fabriqu\u00e9 \u00e0 la main en Inde.<\/p>\n<p><strong><span style=\"color: rgb(141, 186, 216);\">R\u00e9alisez des ventes suppl\u00e9mentaires maintenant.<\/span><\/strong><\/p>\n","protected":false},"excerpt":{"rendered":"<p>Ce carnet \u00e0 bandouli\u00e8re en gros est vraiment incroyable ! &nbsp; Chaque carnet contient 200 pages de papier recycl\u00e9 ancien difficile \u00e0 trouver. Les pages ne sont pas lign\u00e9es, afin que vos clients puissent \u00eatre cr\u00e9atifs et \u00e9crire ou dessiner, ou les deux.&nbsp; Le carnet de taille id\u00e9ale avec sangle et bouton en noix de [&hellip;]<\/p>\n","protected":false},"featured_media":667983,"comment_status":"closed","ping_status":"open","template":"","meta":[],"product_brand":[],"product_cat":[14054,14053],"product_tag":[],"class_list":{"0":"post-245596","1":"product","2":"type-product","3":"status-publish","4":"has-post-thumbnail","6":"product_cat-cadeaux-vintage-et-souvenirs","7":"product_cat-carnets-et-cashiers","8":"pa_collection-designer-notebooks-fr","9":"pa_made-in-inde","11":"first","12":"instock","13":"purchasable","14":"product-type-simple"},"supplier_id":null,"supplier_sku":"PNB-02","barcode":null,"atum_controlled":true,"out_stock_date":null,"out_stock_threshold":null,"inheritable":false,"inbound_stock":null,"stock_on_hold":0,"sold_today":0,"sales_last_days":0,"reserved_stock":null,"customer_returns":null,"warehouse_damage":null,"lost_in_post":null,"other_logs":null,"out_stock_days":0,"lost_sales":0,"has_location":null,"update_date":"2026-01-30T01:24:57","atum_locations":[],"atum_stock_status":"instock","restock_status":false,"low_stock_amount":"","sales_update_date":"2026-01-30T01:24:57","calc_backorders":null,"_links":{"self":[{"href":"https:\/\/aromasentia.com\/fr\/wp-json\/wp\/v2\/product\/245596","targetHints":{"allow":["GET"]}}],"collection":[{"href":"https:\/\/aromasentia.com\/fr\/wp-json\/wp\/v2\/product"}],"about":[{"href":"https:\/\/aromasentia.com\/fr\/wp-json\/wp\/v2\/types\/product"}],"replies":[{"embeddable":true,"href":"https:\/\/aromasentia.com\/fr\/wp-json\/wp\/v2\/comments?post=245596"}],"version-history":[{"count":0,"href":"https:\/\/aromasentia.com\/fr\/wp-json\/wp\/v2\/product\/245596\/revisions"}],"wp:featuredmedia":[{"embeddable":true,"href":"https:\/\/aromasentia.com\/fr\/wp-json\/wp\/v2\/media\/667983"}],"wp:attachment":[{"href":"https:\/\/aromasentia.com\/fr\/wp-json\/wp\/v2\/media?parent=245596"}],"wp:term":[{"taxonomy":"product_brand","embeddable":true,"href":"https:\/\/aromasentia.com\/fr\/wp-json\/wp\/v2\/product_brand?post=245596"},{"taxonomy":"product_cat","embeddable":true,"href":"https:\/\/aromasentia.com\/fr\/wp-json\/wp\/v2\/product_cat?post=245596"},{"taxonomy":"product_tag","embeddable":true,"href":"https:\/\/aromasentia.com\/fr\/wp-json\/wp\/v2\/product_tag?post=245596"}],"curies":[{"name":"wp","href":"https:\/\/api.w.org\/{rel}","templated":true}]}}