{"id":245572,"date":"2025-03-23T12:15:38","date_gmt":"2025-03-23T12:15:38","guid":{"rendered":"https:\/\/aromasentia.com\/product\/handmade-leather-journal-little-book-of-big-plans-red-80-pages\/"},"modified":"2025-06-23T19:26:31","modified_gmt":"2025-06-23T19:26:31","slug":"carnet-en-cuir-petit-livre-de-grands-reves-rouge","status":"publish","type":"product","link":"https:\/\/aromasentia.com\/fr\/carnet-en-cuir-petit-livre-de-grands-reves-rouge\/","title":{"rendered":"Carnet en Cuir &#8211; Petit livre de grands r\u00eaves &#8211; Rouge"},"content":{"rendered":"<p>Le cadeau vintage unique pour vos proches pour de nombreuses occasions. Livret mince rechargeable avec un design en relief incroyable, une bande \u00e9lastique, des bords br\u00fbl\u00e9s et une section de remplissage efficace.&nbsp;<\/p>\n<p><strong><span style=\"color: rgb(75, 80, 88);\">Journal en cuir fait main &#8211; Petit Livre de Grands R\u00eaves &#8211; Rouge (80 pages)<\/span><\/strong> peut \u00eatre utilis\u00e9 comme carnet, journal intime ou carnet de croquis. Bande enveloppante &#8211; tr\u00e8s chic.&nbsp;<\/p>\n<p>\u2714 Cadeau de passage \u00e0 l&rsquo;\u00e2ge adulte populaire&nbsp;<\/p>\n<p>\u2714 Grand affichage en magasin &#8211; vente rapide&nbsp;<\/p>\n<p>\u2714 80 pages &#8211; faites avec du papier \u00e9cologique&nbsp;<\/p>\n<p><strong><span style=\"color: rgb(141, 186, 216);\">R\u00e9alisez des ventes suppl\u00e9mentaires.<\/span><\/strong><\/p>\n","protected":false},"excerpt":{"rendered":"<p>Le cadeau vintage unique pour vos proches pour de nombreuses occasions. Livret mince rechargeable avec un design en relief incroyable, une bande \u00e9lastique, des bords br\u00fbl\u00e9s et une section de remplissage efficace.&nbsp; Journal en cuir fait main &#8211; Petit Livre de Grands R\u00eaves &#8211; Rouge (80 pages) peut \u00eatre utilis\u00e9 comme carnet, journal intime ou [&hellip;]<\/p>\n","protected":false},"featured_media":670504,"comment_status":"closed","ping_status":"open","template":"","meta":{"_angie_page":false},"product_brand":[],"product_cat":[14054,14053],"product_tag":[],"class_list":{"0":"post-245572","1":"product","2":"type-product","3":"status-publish","4":"has-post-thumbnail","6":"product_cat-cadeaux-vintage-et-souvenirs","7":"product_cat-carnets-et-cashiers","8":"pa_collection-leather-message-journals-fr","9":"pa_made-in-inde","11":"first","12":"outofstock","13":"purchasable","14":"product-type-simple"},"supplier_id":null,"supplier_sku":"MSJ-08","barcode":null,"atum_controlled":true,"out_stock_date":"2026-04-25 16:43:48","out_stock_threshold":null,"inheritable":false,"inbound_stock":null,"stock_on_hold":0,"sold_today":0,"sales_last_days":0,"reserved_stock":null,"customer_returns":null,"warehouse_damage":null,"lost_in_post":null,"other_logs":null,"out_stock_days":0,"lost_sales":0,"has_location":null,"update_date":"2026-04-27T07:14:16","atum_locations":[],"atum_stock_status":"outofstock","restock_status":false,"low_stock_amount":"","sales_update_date":"2026-02-06T00:02:27","calc_backorders":null,"_links":{"self":[{"href":"https:\/\/aromasentia.com\/fr\/wp-json\/wp\/v2\/product\/245572","targetHints":{"allow":["GET"]}}],"collection":[{"href":"https:\/\/aromasentia.com\/fr\/wp-json\/wp\/v2\/product"}],"about":[{"href":"https:\/\/aromasentia.com\/fr\/wp-json\/wp\/v2\/types\/product"}],"replies":[{"embeddable":true,"href":"https:\/\/aromasentia.com\/fr\/wp-json\/wp\/v2\/comments?post=245572"}],"version-history":[{"count":0,"href":"https:\/\/aromasentia.com\/fr\/wp-json\/wp\/v2\/product\/245572\/revisions"}],"wp:featuredmedia":[{"embeddable":true,"href":"https:\/\/aromasentia.com\/fr\/wp-json\/wp\/v2\/media\/670504"}],"wp:attachment":[{"href":"https:\/\/aromasentia.com\/fr\/wp-json\/wp\/v2\/media?parent=245572"}],"wp:term":[{"taxonomy":"product_brand","embeddable":true,"href":"https:\/\/aromasentia.com\/fr\/wp-json\/wp\/v2\/product_brand?post=245572"},{"taxonomy":"product_cat","embeddable":true,"href":"https:\/\/aromasentia.com\/fr\/wp-json\/wp\/v2\/product_cat?post=245572"},{"taxonomy":"product_tag","embeddable":true,"href":"https:\/\/aromasentia.com\/fr\/wp-json\/wp\/v2\/product_tag?post=245572"}],"curies":[{"name":"wp","href":"https:\/\/api.w.org\/{rel}","templated":true}]}}