{"id":245533,"date":"2025-03-23T12:17:27","date_gmt":"2025-03-23T12:17:27","guid":{"rendered":"https:\/\/aromasentia.com\/product\/tree-of-life-dreamcatcher-cotton-22cm-assorted\/"},"modified":"2025-06-23T19:26:21","modified_gmt":"2025-06-23T19:26:21","slug":"attrape-reves-assortis-arbre-de-vie-coton-22cm","status":"publish","type":"product","link":"https:\/\/aromasentia.com\/fr\/attrape-reves-assortis-arbre-de-vie-coton-22cm\/","title":{"rendered":"Attrape-r\u00eaves assortis Arbre de Vie- Coton 22cm"},"content":{"rendered":"<p>Les Am\u00e9rindiens croient que la nuit apporte de bons et de mauvais r\u00eaves. &nbsp;<\/p>\n<p>Les Attrape-r\u00eaves, lorsqu&rsquo;il sont accroch\u00e9s pr\u00e8s de votre lit, attrapent les r\u00eaves.&nbsp;<\/p>\n<p>Les bons r\u00eaves savent passer \u00e0 travers l&rsquo;attrape-r\u00eaves, les mauvais r\u00eaves ne sachant pas le chemin s&#8217;emm\u00ealent dans l&rsquo;attrape-r\u00eaves et p\u00e9rissent aux premi\u00e8res lueurs de l&rsquo;aube.&nbsp;<\/p>\n<p>A Bali, les locaux sont tr\u00e8s en contact avec le monde des esprits et ont adopt\u00e9 l&rsquo;attrape-r\u00eave et renouvel\u00e9 son pouvoir.&nbsp;<\/p>\n<p>Ce capteur de r\u00eaves est fait avec amour et b\u00e9n\u00e9dictions. Beaux r\u00eaves.&nbsp;<\/p>\n<p><strong><span style=\"color: rgb(75, 80, 88);\">Le poids du Dreamcatcher est de 97g&nbsp;<\/span><\/strong><\/p>\n<p><strong><span style=\"color: rgb(75, 80, 88);\">Taille : Diam\u00e8tre 22cm, Longueur 66cm<\/span><\/strong><\/p>\n","protected":false},"excerpt":{"rendered":"<p>Les Am\u00e9rindiens croient que la nuit apporte de bons et de mauvais r\u00eaves. &nbsp; Les Attrape-r\u00eaves, lorsqu&rsquo;il sont accroch\u00e9s pr\u00e8s de votre lit, attrapent les r\u00eaves.&nbsp; Les bons r\u00eaves savent passer \u00e0 travers l&rsquo;attrape-r\u00eaves, les mauvais r\u00eaves ne sachant pas le chemin s&#8217;emm\u00ealent dans l&rsquo;attrape-r\u00eaves et p\u00e9rissent aux premi\u00e8res lueurs de l&rsquo;aube.&nbsp; A Bali, les [&hellip;]<\/p>\n","protected":false},"featured_media":668025,"comment_status":"closed","ping_status":"open","template":"","meta":[],"product_brand":[],"product_cat":[14054,14447,14446],"product_tag":[],"class_list":{"0":"post-245533","1":"product","2":"type-product","3":"status-publish","4":"has-post-thumbnail","6":"product_cat-cadeaux-vintage-et-souvenirs","7":"product_cat-macrames-et-capteur-de-reves","8":"product_cat-maison-et-jardin","9":"pa_collection-macrame-dreamcatcher-tree-of-life-fr","10":"pa_made-in-indonesie","12":"first","13":"instock","14":"purchasable","15":"product-type-simple"},"supplier_id":null,"supplier_sku":"TOLD-03","barcode":null,"atum_controlled":true,"out_stock_date":null,"out_stock_threshold":null,"inheritable":false,"inbound_stock":null,"stock_on_hold":0,"sold_today":0,"sales_last_days":0,"reserved_stock":null,"customer_returns":null,"warehouse_damage":null,"lost_in_post":null,"other_logs":null,"out_stock_days":0,"lost_sales":0,"has_location":null,"update_date":"2026-02-06T00:02:13","atum_locations":[],"atum_stock_status":"instock","restock_status":false,"low_stock_amount":"","sales_update_date":"2026-02-06T00:02:13","calc_backorders":null,"_links":{"self":[{"href":"https:\/\/aromasentia.com\/fr\/wp-json\/wp\/v2\/product\/245533","targetHints":{"allow":["GET"]}}],"collection":[{"href":"https:\/\/aromasentia.com\/fr\/wp-json\/wp\/v2\/product"}],"about":[{"href":"https:\/\/aromasentia.com\/fr\/wp-json\/wp\/v2\/types\/product"}],"replies":[{"embeddable":true,"href":"https:\/\/aromasentia.com\/fr\/wp-json\/wp\/v2\/comments?post=245533"}],"version-history":[{"count":0,"href":"https:\/\/aromasentia.com\/fr\/wp-json\/wp\/v2\/product\/245533\/revisions"}],"wp:featuredmedia":[{"embeddable":true,"href":"https:\/\/aromasentia.com\/fr\/wp-json\/wp\/v2\/media\/668025"}],"wp:attachment":[{"href":"https:\/\/aromasentia.com\/fr\/wp-json\/wp\/v2\/media?parent=245533"}],"wp:term":[{"taxonomy":"product_brand","embeddable":true,"href":"https:\/\/aromasentia.com\/fr\/wp-json\/wp\/v2\/product_brand?post=245533"},{"taxonomy":"product_cat","embeddable":true,"href":"https:\/\/aromasentia.com\/fr\/wp-json\/wp\/v2\/product_cat?post=245533"},{"taxonomy":"product_tag","embeddable":true,"href":"https:\/\/aromasentia.com\/fr\/wp-json\/wp\/v2\/product_tag?post=245533"}],"curies":[{"name":"wp","href":"https:\/\/api.w.org\/{rel}","templated":true}]}}