{"id":245506,"date":"2025-03-23T12:22:08","date_gmt":"2025-03-23T12:22:08","guid":{"rendered":"https:\/\/aromasentia.com\/product\/medium-notebook-with-strap-cosmic-goddess\/"},"modified":"2025-06-23T19:26:15","modified_gmt":"2025-06-23T19:26:15","slug":"carnet-moyen-avec-bandouliere-cosmic-goddess","status":"publish","type":"product","link":"https:\/\/aromasentia.com\/fr\/carnet-moyen-avec-bandouliere-cosmic-goddess\/","title":{"rendered":"Carnet moyen avec bandouli\u00e8re &#8211; Cosmic Goddess"},"content":{"rendered":"<p><strong><span style=\"color: rgb(75, 80, 88);\">Gros carnet moyen avec sangle &#8211; Cosmic Goddess<\/span><\/strong> est vraiment incroyable et unique en son genre. Fabriqu\u00e9 \u00e0 la main \u00e0 partir de cuir et de papier au tannage v\u00e9g\u00e9tal indien.&nbsp;<\/p>\n<p>Le tannage v\u00e9g\u00e9tal \u00e9tait la principale m\u00e9thode de tannage jusqu&rsquo;au 20\u00e8me si\u00e8cle et gagne \u00e0 nouveau en importance aujourd&rsquo;hui. Il utilise des extraits d&rsquo;\u00e9corces, de feuilles, de fruits, de baies, de racines et de bois.&nbsp;<\/p>\n<p>Cette m\u00e9thode de tannage est sans danger pour l&rsquo;environnement et les travailleurs du cuir. Le cuir au tannage v\u00e9g\u00e9tal doit respirer. Cela peut prendre jusqu&rsquo;\u00e0 2 semaines pour s\u00e9cher jusqu&rsquo;\u00e0 ce qu&rsquo;ils prennent une belle couleur beige.&nbsp;<\/p>\n<p>Les \u00e9l\u00e9ments de la nature s&rsquo;infiltrent dans son grain au fil du temps, renfor&ccedil;ant son caract\u00e8re authentique et terreux. Ce carnet vieillira magnifiquement avec le temps. Vous aimerez peut-\u00eatre aussi nos journaux en cuir faits \u00e0 la main ou nos carnets de cr\u00e9ateurs.&nbsp;<\/p>\n<p>Le carnet est de bonne taille, avec une sangle, et sera une excellente ligne de ramassage dans n&rsquo;importe quelle boutique de cadeaux. Il contient des pages non lign\u00e9es, afin que vos clients puissent \u00e9crire ou dessiner ; les lignes imprim\u00e9es ne limiteront pas leur cr\u00e9ativit\u00e9 \ud83d\ude42&nbsp;<\/p>\n<p>* Sans chrome&nbsp;<\/p>\n<p>* Sans plomb&nbsp;<\/p>\n<p>* Sans azo&nbsp;<\/p>\n<p>* \u00e9tiquette GI activ\u00e9e&nbsp;<\/p>\n<p>* Respectueux de l&rsquo;environnement&nbsp;<\/p>\n<p>* Fait \u00e0 la main &nbsp;<\/p>\n<p><strong><span style=\"color: rgb(141, 186, 216);\">Alors prenez note et r\u00e9alisez des ventes suppl\u00e9mentaires. Faites le plein aujourd&rsquo;hui.<\/span><\/strong><\/p>\n","protected":false},"excerpt":{"rendered":"<p>Gros carnet moyen avec sangle &#8211; Cosmic Goddess est vraiment incroyable et unique en son genre. Fabriqu\u00e9 \u00e0 la main \u00e0 partir de cuir et de papier au tannage v\u00e9g\u00e9tal indien.&nbsp; Le tannage v\u00e9g\u00e9tal \u00e9tait la principale m\u00e9thode de tannage jusqu&rsquo;au 20\u00e8me si\u00e8cle et gagne \u00e0 nouveau en importance aujourd&rsquo;hui. Il utilise des extraits d&rsquo;\u00e9corces, [&hellip;]<\/p>\n","protected":false},"featured_media":668123,"comment_status":"closed","ping_status":"open","template":"","meta":[],"product_brand":[],"product_cat":[14054,14053],"product_tag":[],"class_list":{"0":"post-245506","1":"product","2":"type-product","3":"status-publish","4":"has-post-thumbnail","6":"product_cat-cadeaux-vintage-et-souvenirs","7":"product_cat-carnets-et-cashiers","8":"pa_collection-vegetable-tanned-leather-notebooks-fr","9":"pa_made-in-inde","11":"first","12":"instock","13":"purchasable","14":"product-type-simple"},"supplier_id":null,"supplier_sku":"VNB-06","barcode":null,"atum_controlled":true,"out_stock_date":null,"out_stock_threshold":null,"inheritable":false,"inbound_stock":0,"stock_on_hold":0,"sold_today":0,"sales_last_days":0,"reserved_stock":0,"customer_returns":0,"warehouse_damage":0,"lost_in_post":0,"other_logs":0,"out_stock_days":0,"lost_sales":0,"has_location":false,"update_date":"2026-01-30T10:34:17","atum_locations":[],"atum_stock_status":"instock","restock_status":false,"low_stock_amount":"","sales_update_date":"2025-09-03T00:26:03","calc_backorders":null,"_links":{"self":[{"href":"https:\/\/aromasentia.com\/fr\/wp-json\/wp\/v2\/product\/245506","targetHints":{"allow":["GET"]}}],"collection":[{"href":"https:\/\/aromasentia.com\/fr\/wp-json\/wp\/v2\/product"}],"about":[{"href":"https:\/\/aromasentia.com\/fr\/wp-json\/wp\/v2\/types\/product"}],"replies":[{"embeddable":true,"href":"https:\/\/aromasentia.com\/fr\/wp-json\/wp\/v2\/comments?post=245506"}],"version-history":[{"count":0,"href":"https:\/\/aromasentia.com\/fr\/wp-json\/wp\/v2\/product\/245506\/revisions"}],"wp:featuredmedia":[{"embeddable":true,"href":"https:\/\/aromasentia.com\/fr\/wp-json\/wp\/v2\/media\/668123"}],"wp:attachment":[{"href":"https:\/\/aromasentia.com\/fr\/wp-json\/wp\/v2\/media?parent=245506"}],"wp:term":[{"taxonomy":"product_brand","embeddable":true,"href":"https:\/\/aromasentia.com\/fr\/wp-json\/wp\/v2\/product_brand?post=245506"},{"taxonomy":"product_cat","embeddable":true,"href":"https:\/\/aromasentia.com\/fr\/wp-json\/wp\/v2\/product_cat?post=245506"},{"taxonomy":"product_tag","embeddable":true,"href":"https:\/\/aromasentia.com\/fr\/wp-json\/wp\/v2\/product_tag?post=245506"}],"curies":[{"name":"wp","href":"https:\/\/api.w.org\/{rel}","templated":true}]}}