{"id":245488,"date":"2025-03-23T12:22:33","date_gmt":"2025-03-23T12:22:33","guid":{"rendered":"https:\/\/aromasentia.com\/product\/white-washed-wooden-box-6x4-slavic-design\/"},"modified":"2025-06-23T19:26:13","modified_gmt":"2025-06-23T19:26:13","slug":"boite-en-bois-delavee-blanc-6x4-design-slave","status":"publish","type":"product","link":"https:\/\/aromasentia.com\/fr\/boite-en-bois-delavee-blanc-6x4-design-slave\/","title":{"rendered":"Bo\u00eete en Bois D\u00e9lav\u00e9e Blanc &#8211; 6&#215;4 Design Slave"},"content":{"rendered":"<p>Vos clients peuvent les utiliser comme emballages cadeaux ou comme coffrets \u00e0 bijoux, id\u00e9alement aussi pour ranger des pilules.<\/p>\n<p>Ils sont faciles \u00e0 ouvrir et \u00e0 fermer, tr\u00e8s pratiques et fonctionnels et aussi tr\u00e8s \u00e9l\u00e9gants.<br \/>Remarque: Parce que ces produits sont fait \u00e0 la main, chaque pi\u00e8ce est unique.<\/p>\n","protected":false},"excerpt":{"rendered":"<p>Vos clients peuvent les utiliser comme emballages cadeaux ou comme coffrets \u00e0 bijoux, id\u00e9alement aussi pour ranger des pilules. Ils sont faciles \u00e0 ouvrir et \u00e0 fermer, tr\u00e8s pratiques et fonctionnels et aussi tr\u00e8s \u00e9l\u00e9gants.Remarque: Parce que ces produits sont fait \u00e0 la main, chaque pi\u00e8ce est unique.<\/p>\n","protected":false},"featured_media":668883,"comment_status":"closed","ping_status":"open","template":"","meta":[],"product_brand":[],"product_cat":[14137,14138],"product_tag":[],"class_list":{"0":"post-245488","1":"product","2":"type-product","3":"status-publish","4":"has-post-thumbnail","6":"product_cat-emballages-boites-et-sacs-cadeau","7":"product_cat-rangement-coffrets-et-boites-cadeaux","8":"pa_collection-white-washed-wooden-box-fr","9":"pa_made-in-inde","11":"first","12":"instock","13":"purchasable","14":"product-type-simple"},"supplier_id":null,"supplier_sku":"WWIB-03","barcode":null,"atum_controlled":true,"out_stock_date":null,"out_stock_threshold":null,"inheritable":false,"inbound_stock":0,"stock_on_hold":0,"sold_today":0,"sales_last_days":0,"reserved_stock":0,"customer_returns":0,"warehouse_damage":0,"lost_in_post":0,"other_logs":0,"out_stock_days":0,"lost_sales":0,"has_location":false,"update_date":"2026-01-30T01:24:50","atum_locations":[],"atum_stock_status":"instock","restock_status":false,"low_stock_amount":"","sales_update_date":"2026-01-30T01:24:50","calc_backorders":null,"_links":{"self":[{"href":"https:\/\/aromasentia.com\/fr\/wp-json\/wp\/v2\/product\/245488","targetHints":{"allow":["GET"]}}],"collection":[{"href":"https:\/\/aromasentia.com\/fr\/wp-json\/wp\/v2\/product"}],"about":[{"href":"https:\/\/aromasentia.com\/fr\/wp-json\/wp\/v2\/types\/product"}],"replies":[{"embeddable":true,"href":"https:\/\/aromasentia.com\/fr\/wp-json\/wp\/v2\/comments?post=245488"}],"version-history":[{"count":0,"href":"https:\/\/aromasentia.com\/fr\/wp-json\/wp\/v2\/product\/245488\/revisions"}],"wp:featuredmedia":[{"embeddable":true,"href":"https:\/\/aromasentia.com\/fr\/wp-json\/wp\/v2\/media\/668883"}],"wp:attachment":[{"href":"https:\/\/aromasentia.com\/fr\/wp-json\/wp\/v2\/media?parent=245488"}],"wp:term":[{"taxonomy":"product_brand","embeddable":true,"href":"https:\/\/aromasentia.com\/fr\/wp-json\/wp\/v2\/product_brand?post=245488"},{"taxonomy":"product_cat","embeddable":true,"href":"https:\/\/aromasentia.com\/fr\/wp-json\/wp\/v2\/product_cat?post=245488"},{"taxonomy":"product_tag","embeddable":true,"href":"https:\/\/aromasentia.com\/fr\/wp-json\/wp\/v2\/product_tag?post=245488"}],"curies":[{"name":"wp","href":"https:\/\/api.w.org\/{rel}","templated":true}]}}