{"id":245460,"date":"2025-03-20T14:25:16","date_gmt":"2025-03-20T14:25:16","guid":{"rendered":"https:\/\/aromasentia.com\/product\/large-volcano-effect-aroma-diffuser-plug-two-colours\/"},"modified":"2025-06-23T19:26:07","modified_gmt":"2025-06-23T19:26:07","slug":"grand-diffuseur-daromes-a-effet-volcanique-bouchon-deux-couleurs","status":"publish","type":"product","link":"https:\/\/aromasentia.com\/fr\/grand-diffuseur-daromes-a-effet-volcanique-bouchon-deux-couleurs\/","title":{"rendered":"Grand Diffuseur d&rsquo;Ar\u00f4mes \u00e0 Effet Volcanique (bouchon) Deux couleurs"},"content":{"rendered":"<p><strong><span style=\"color: rgb(75, 80, 88);\">Diffuseur d&rsquo;ar\u00f4me \u00e0 effet volcan<\/span><\/strong> en gros d&rsquo;une capacit\u00e9 de 360 ml. Ajoutez une certaine quantit\u00e9 d&rsquo;eau et quelques gouttes de votre huile essentielle pr\u00e9f\u00e9r\u00e9e pour am\u00e9liorer votre exp\u00e9rience d&rsquo;aromath\u00e9rapie.&nbsp;<\/p>\n<p>La brume l\u00e9g\u00e8re produite par cet humidificateur cr\u00e9e une incroyable <strong><span style=\"color: rgb(75, 80, 88);\">flamme 3D ou un effet volcanique<\/span><\/strong>, vous permettant de r\u00e9gler entre des flammes jaunes chaudes et des flammes bleues froides. Aliment\u00e9 par un moteur \u00e0 ultrasons, ce diffuseur fonctionne silencieusement. Il peut \u00eatre utilis\u00e9 sans effort avec un seul bouton ou commut\u00e9 facilement entre diff\u00e9rents modes et effets \u00e0 l&rsquo;aide de la<strong><span style=\"color: rgb(75, 80, 88);\">&nbsp;t\u00e9l\u00e9commande incluse.<\/span><\/strong>&nbsp;<\/p>\n<p>La s\u00e9curit\u00e9 et la commodit\u00e9 sont assur\u00e9es gr\u00e2ce \u00e0 la fonction minuterie et \u00e0 la puce de protection int\u00e9gr\u00e9e. Vous pouvez r\u00e9gler l&rsquo;humidificateur pour qu&rsquo;il s&rsquo;\u00e9teigne automatiquement toutes les <strong><span style=\"color: rgb(75, 80, 88);\">3 ou 6 heures<\/span><\/strong>, garantissant ainsi une tranquillit\u00e9 d&rsquo;esprit pendant votre sommeil r\u00e9parateur. La puce de protection int\u00e9gr\u00e9e garantit que l&rsquo;appareil s&rsquo;\u00e9teint lorsque le niveau d&rsquo;eau est faible, \u00e9vitant ainsi tout risque potentiel.&nbsp;<\/p>\n<p>Sa polyvalence le rend parfait pour une utilisation \u00e0 la maison, dans les h\u00f4tels, les \u00e9coles, les chambres, les chambres de b\u00e9b\u00e9, les studios de yoga, les espaces climatis\u00e9s et les zones s\u00e8ches. Am\u00e9liorez votre espace avec le parfum apaisant de vos huiles essentielles pr\u00e9f\u00e9r\u00e9es et cr\u00e9ez une atmosph\u00e8re agr\u00e9able et relaxante.&nbsp;<\/p>\n<p><strong><span style=\"color: rgb(75, 80, 88);\">NB :<\/span><\/strong> Pour garantir la long\u00e9vit\u00e9 de votre produit, \u00e9vitez de le nettoyer directement \u00e0 l&rsquo;eau du robinet ou de mouiller l&rsquo;entr\u00e9e d&rsquo;alimentation, car cela pourrait entra\u00eener un court-circuit. Nous vous recommandons d&rsquo;utiliser un chiffon en coton pour le nettoyage.<\/p>\n","protected":false},"excerpt":{"rendered":"<p>Diffuseur d&rsquo;ar\u00f4me \u00e0 effet volcan en gros d&rsquo;une capacit\u00e9 de 360 ml. Ajoutez une certaine quantit\u00e9 d&rsquo;eau et quelques gouttes de votre huile essentielle pr\u00e9f\u00e9r\u00e9e pour am\u00e9liorer votre exp\u00e9rience d&rsquo;aromath\u00e9rapie.&nbsp; La brume l\u00e9g\u00e8re produite par cet humidificateur cr\u00e9e une incroyable flamme 3D ou un effet volcanique, vous permettant de r\u00e9gler entre des flammes jaunes chaudes [&hellip;]<\/p>\n","protected":false},"featured_media":254083,"comment_status":"closed","ping_status":"open","template":"","meta":{"_angie_page":false},"product_brand":[],"product_cat":[16450],"product_tag":[],"class_list":{"0":"post-245460","1":"product","2":"type-product","3":"status-publish","4":"has-post-thumbnail","6":"product_cat-aromatherapie-et-parfums-d-ambiance","7":"pa_collection-electronic-led-colour-aroma-diffusers-fr","8":"pa_made-in-chine","10":"first","11":"instock","12":"purchasable","13":"product-type-simple"},"supplier_id":null,"supplier_sku":"AATOM-29","barcode":null,"atum_controlled":true,"out_stock_date":null,"out_stock_threshold":null,"inheritable":false,"inbound_stock":null,"stock_on_hold":0,"sold_today":0,"sales_last_days":0,"reserved_stock":null,"customer_returns":null,"warehouse_damage":null,"lost_in_post":null,"other_logs":null,"out_stock_days":0,"lost_sales":0,"has_location":null,"update_date":"2026-04-30T06:45:56","atum_locations":[],"atum_stock_status":"instock","restock_status":false,"low_stock_amount":"","sales_update_date":"2025-10-09T03:22:16","calc_backorders":null,"_links":{"self":[{"href":"https:\/\/aromasentia.com\/fr\/wp-json\/wp\/v2\/product\/245460","targetHints":{"allow":["GET"]}}],"collection":[{"href":"https:\/\/aromasentia.com\/fr\/wp-json\/wp\/v2\/product"}],"about":[{"href":"https:\/\/aromasentia.com\/fr\/wp-json\/wp\/v2\/types\/product"}],"replies":[{"embeddable":true,"href":"https:\/\/aromasentia.com\/fr\/wp-json\/wp\/v2\/comments?post=245460"}],"version-history":[{"count":0,"href":"https:\/\/aromasentia.com\/fr\/wp-json\/wp\/v2\/product\/245460\/revisions"}],"wp:featuredmedia":[{"embeddable":true,"href":"https:\/\/aromasentia.com\/fr\/wp-json\/wp\/v2\/media\/254083"}],"wp:attachment":[{"href":"https:\/\/aromasentia.com\/fr\/wp-json\/wp\/v2\/media?parent=245460"}],"wp:term":[{"taxonomy":"product_brand","embeddable":true,"href":"https:\/\/aromasentia.com\/fr\/wp-json\/wp\/v2\/product_brand?post=245460"},{"taxonomy":"product_cat","embeddable":true,"href":"https:\/\/aromasentia.com\/fr\/wp-json\/wp\/v2\/product_cat?post=245460"},{"taxonomy":"product_tag","embeddable":true,"href":"https:\/\/aromasentia.com\/fr\/wp-json\/wp\/v2\/product_tag?post=245460"}],"curies":[{"name":"wp","href":"https:\/\/api.w.org\/{rel}","templated":true}]}}