{"id":245452,"date":"2025-03-20T14:25:16","date_gmt":"2025-03-20T14:25:16","guid":{"rendered":"https:\/\/aromasentia.com\/product\/himalayan-salt-aroma-diffuser-night-light-usb-c-flame-effect-salt-included\/"},"modified":"2025-06-23T19:26:06","modified_gmt":"2025-06-23T19:26:06","slug":"diffuseur-daromes-sel-de-lhimalaya-veilleuse-usb-c-effet-flamme-sel-inclus","status":"publish","type":"product","link":"https:\/\/aromasentia.com\/fr\/diffuseur-daromes-sel-de-lhimalaya-veilleuse-usb-c-effet-flamme-sel-inclus\/","title":{"rendered":"Diffuseur d&rsquo;Ar\u00f4mes Sel de l&rsquo;Himalaya &#8211; Veilleuse &#8211; USB-C &#8211; Effet Flamme (Sel inclus)"},"content":{"rendered":"<p><strong><span style=\"color: rgb(75, 80, 88);\">Le Diffuseur d&rsquo;ar\u00f4mes de l&rsquo;Himalaya&nbsp;<\/span><\/strong>en gros est id\u00e9al pour parfumer votre chambre ou votre bureau. Ajoutez simplement de l&rsquo;eau et une huile essentielle ou parfum\u00e9e pr\u00e9f\u00e9r\u00e9e pour une exp\u00e9rience aromatique instantan\u00e9e.&nbsp;<\/p>\n<p>Il utilise des ondes ultrasonores pour vaporiser instantan\u00e9ment l&rsquo;eau et l&rsquo;huile essentielle dans le r\u00e9servoir pour cr\u00e9er une brume fra\u00eeche et s\u00e8che.&nbsp;<\/p>\n<p><strong><span style=\"color: rgb(75, 80, 88);\">Les morceaux de sel sont inclus.<\/span><\/strong><br style=\"color: rgb(34, 34, 34); font-family: Arial, Helvetica, sans-serif; font-size: small; font-style: normal; font-variant-ligatures: normal; font-variant-caps: normal; font-weight: 400; letter-spacing: normal; orphans: 2; text-align: start; text-indent: 0px; text-transform: none; white-space: normal; widows: 2; word-spacing: 0px; -webkit-text-stroke-width: 0px; background-color: rgb(255, 255, 255); text-decoration-thickness: initial; text-decoration-style: initial; text-decoration-color: initial;\">Capacit\u00e9 du r\u00e9servoir : 220 ml<br style=\"color: rgb(34, 34, 34); font-family: Arial, Helvetica, sans-serif; font-size: small; font-style: normal; font-variant-ligatures: normal; font-variant-caps: normal; font-weight: 400; letter-spacing: normal; orphans: 2; text-align: start; text-indent: 0px; text-transform: none; white-space: normal; widows: 2; word-spacing: 0px; -webkit-text-stroke-width: 0px; background-color: rgb(255, 255, 255); text-decoration-thickness: initial; text-decoration-style: initial; text-decoration-color: initial;\">Aliment\u00e9 par USB (longueur du cordon min. 80 cm)<br style=\"color: rgb(34, 34, 34); font-family: Arial, Helvetica, sans-serif; font-size: small; font-style: normal; font-variant-ligatures: normal; font-variant-caps: normal; font-weight: 400; letter-spacing: normal; orphans: 2; text-align: start; text-indent: 0px; text-transform: none; white-space: normal; widows: 2; word-spacing: 0px; -webkit-text-stroke-width: 0px; background-color: rgb(255, 255, 255); text-decoration-thickness: initial; text-decoration-style: initial; text-decoration-color: initial;\">Minuterie : 1-3-6h<br style=\"color: rgb(34, 34, 34); font-family: Arial, Helvetica, sans-serif; font-size: small; font-style: normal; font-variant-ligatures: normal; font-variant-caps: normal; font-weight: 400; letter-spacing: normal; orphans: 2; text-align: start; text-indent: 0px; text-transform: none; white-space: normal; widows: 2; word-spacing: 0px; -webkit-text-stroke-width: 0px; background-color: rgb(255, 255, 255); text-decoration-thickness: initial; text-decoration-style: initial; text-decoration-color: initial;\">Dimensions : hauteur 12 cm, diam\u00e8tre 10 cm<br style=\"color: rgb(34, 34, 34); font-family: Arial, Helvetica, sans-serif; font-size: small; font-style: normal; font-variant-ligatures: normal; font-variant-caps: normal; font-weight: 400; letter-spacing: normal; orphans: 2; text-align: start; text-indent: 0px; text-transform: none; white-space: normal; widows: 2; word-spacing: 0px; -webkit-text-stroke-width: 0px; background-color: rgb(255, 255, 255); text-decoration-thickness: initial; text-decoration-style: initial; text-decoration-color: initial;\">A utiliser uniquement avec des huiles essentielles ou huiles parfum\u00e9es m\u00e9lang\u00e9es \u00e0 de l&rsquo;eau !&nbsp;<\/p>\n<p><strong><span style=\"color: rgb(141, 186, 216);\">Faites le plein aujourd&rsquo;hui pour atomiser totalement vos ventes.<\/span><\/strong><\/p>\n","protected":false},"excerpt":{"rendered":"<p>Le Diffuseur d&rsquo;ar\u00f4mes de l&rsquo;Himalaya&nbsp;en gros est id\u00e9al pour parfumer votre chambre ou votre bureau. Ajoutez simplement de l&rsquo;eau et une huile essentielle ou parfum\u00e9e pr\u00e9f\u00e9r\u00e9e pour une exp\u00e9rience aromatique instantan\u00e9e.&nbsp; Il utilise des ondes ultrasonores pour vaporiser instantan\u00e9ment l&rsquo;eau et l&rsquo;huile essentielle dans le r\u00e9servoir pour cr\u00e9er une brume fra\u00eeche et s\u00e8che.&nbsp; Les morceaux [&hellip;]<\/p>\n","protected":false},"featured_media":254033,"comment_status":"closed","ping_status":"open","template":"","meta":[],"product_brand":[],"product_cat":[16450],"product_tag":[],"class_list":{"0":"post-245452","1":"product","2":"type-product","3":"status-publish","4":"has-post-thumbnail","6":"product_cat-aromatherapie-et-parfums-d-ambiance","7":"pa_collection-electronic-led-colour-aroma-diffusers-fr","8":"pa_made-in-chine","10":"first","11":"instock","12":"purchasable","13":"product-type-simple"},"supplier_id":null,"supplier_sku":"AATOM-27","barcode":null,"atum_controlled":true,"out_stock_date":null,"out_stock_threshold":null,"inheritable":false,"inbound_stock":null,"stock_on_hold":0,"sold_today":0,"sales_last_days":0,"reserved_stock":null,"customer_returns":null,"warehouse_damage":null,"lost_in_post":null,"other_logs":null,"out_stock_days":0,"lost_sales":0,"has_location":null,"update_date":"2026-02-10T11:25:42","atum_locations":[],"atum_stock_status":"instock","restock_status":false,"low_stock_amount":"","sales_update_date":"2025-10-09T03:22:16","calc_backorders":null,"_links":{"self":[{"href":"https:\/\/aromasentia.com\/fr\/wp-json\/wp\/v2\/product\/245452","targetHints":{"allow":["GET"]}}],"collection":[{"href":"https:\/\/aromasentia.com\/fr\/wp-json\/wp\/v2\/product"}],"about":[{"href":"https:\/\/aromasentia.com\/fr\/wp-json\/wp\/v2\/types\/product"}],"replies":[{"embeddable":true,"href":"https:\/\/aromasentia.com\/fr\/wp-json\/wp\/v2\/comments?post=245452"}],"version-history":[{"count":0,"href":"https:\/\/aromasentia.com\/fr\/wp-json\/wp\/v2\/product\/245452\/revisions"}],"wp:featuredmedia":[{"embeddable":true,"href":"https:\/\/aromasentia.com\/fr\/wp-json\/wp\/v2\/media\/254033"}],"wp:attachment":[{"href":"https:\/\/aromasentia.com\/fr\/wp-json\/wp\/v2\/media?parent=245452"}],"wp:term":[{"taxonomy":"product_brand","embeddable":true,"href":"https:\/\/aromasentia.com\/fr\/wp-json\/wp\/v2\/product_brand?post=245452"},{"taxonomy":"product_cat","embeddable":true,"href":"https:\/\/aromasentia.com\/fr\/wp-json\/wp\/v2\/product_cat?post=245452"},{"taxonomy":"product_tag","embeddable":true,"href":"https:\/\/aromasentia.com\/fr\/wp-json\/wp\/v2\/product_tag?post=245452"}],"curies":[{"name":"wp","href":"https:\/\/api.w.org\/{rel}","templated":true}]}}