{"id":245444,"date":"2025-03-20T14:25:16","date_gmt":"2025-03-20T14:25:16","guid":{"rendered":"https:\/\/aromasentia.com\/product\/blaze-aroma-diffuser-himalayan-salt-chamber-usb-c-flame-effect-salt-included\/"},"modified":"2025-06-23T19:26:02","modified_gmt":"2025-06-23T19:26:02","slug":"diffuseur-daromes-blaze-chambre-a-sel-de-lhimalaya-usb-c-effet-flamme-sel-inclus","status":"publish","type":"product","link":"https:\/\/aromasentia.com\/fr\/diffuseur-daromes-blaze-chambre-a-sel-de-lhimalaya-usb-c-effet-flamme-sel-inclus\/","title":{"rendered":"Diffuseur d&rsquo;Ar\u00f4mes Blaze &#8211; Chambre \u00e0 Sel de l&rsquo;Himalaya &#8211; USB-C &#8211; Effet flamme (sel inclus)"},"content":{"rendered":"<p><strong><span style=\"color: rgb(75, 80, 88);\">Le diffuseur d&rsquo;ar\u00f4mes Himalaya<\/span><\/strong> en gros cr\u00e9e \u00e0 partir d&rsquo;une combinaison de lumi\u00e8re et de brouillard un effet de flamme br\u00fblante pour parfumer votre chambre ou votre bureau.&nbsp;<\/p>\n<p>Ajoutez simplement de l&rsquo;eau et une huile essentielle ou parfum\u00e9e pr\u00e9f\u00e9r\u00e9e pour une exp\u00e9rience aromatique instantan\u00e9e.&nbsp;<\/p>\n<p>Il utilise des ondes ultrasonores pour vaporiser instantan\u00e9ment l&rsquo;eau et l&rsquo;huile essentielle dans le r\u00e9servoir pour cr\u00e9er une brume fra\u00eeche et s\u00e8che. &nbsp;<\/p>\n<p>_x000D_<br \/>\n<strong><span style=\"color: rgb(75, 80, 88);\">Les morceaux de sel sont inclus.<\/span><\/strong><\/p>\n<p><strong><span style=\"color: rgb(141, 186, 216);\">Vente rapide &#8211; faites le plein aujourd&rsquo;hui pour atomiser totalement vos ventes.<\/span><\/strong><\/p>\n","protected":false},"excerpt":{"rendered":"<p>Le diffuseur d&rsquo;ar\u00f4mes Himalaya en gros cr\u00e9e \u00e0 partir d&rsquo;une combinaison de lumi\u00e8re et de brouillard un effet de flamme br\u00fblante pour parfumer votre chambre ou votre bureau.&nbsp; Ajoutez simplement de l&rsquo;eau et une huile essentielle ou parfum\u00e9e pr\u00e9f\u00e9r\u00e9e pour une exp\u00e9rience aromatique instantan\u00e9e.&nbsp; Il utilise des ondes ultrasonores pour vaporiser instantan\u00e9ment l&rsquo;eau et l&rsquo;huile [&hellip;]<\/p>\n","protected":false},"featured_media":253983,"comment_status":"closed","ping_status":"open","template":"","meta":[],"product_brand":[],"product_cat":[16450],"product_tag":[],"class_list":{"0":"post-245444","1":"product","2":"type-product","3":"status-publish","4":"has-post-thumbnail","6":"product_cat-aromatherapie-et-parfums-d-ambiance","7":"pa_collection-electronic-led-colour-aroma-diffusers-fr","8":"pa_made-in-chine","10":"first","11":"instock","12":"purchasable","13":"product-type-simple"},"supplier_id":null,"supplier_sku":"AATOM-25","barcode":null,"atum_controlled":true,"out_stock_date":null,"out_stock_threshold":null,"inheritable":false,"inbound_stock":0,"stock_on_hold":0,"sold_today":0,"sales_last_days":0,"reserved_stock":0,"customer_returns":0,"warehouse_damage":0,"lost_in_post":0,"other_logs":0,"out_stock_days":0,"lost_sales":0,"has_location":false,"update_date":"2026-02-08T14:32:19","atum_locations":[],"atum_stock_status":"instock","restock_status":false,"low_stock_amount":"","sales_update_date":"2025-10-09T03:22:16","calc_backorders":null,"_links":{"self":[{"href":"https:\/\/aromasentia.com\/fr\/wp-json\/wp\/v2\/product\/245444","targetHints":{"allow":["GET"]}}],"collection":[{"href":"https:\/\/aromasentia.com\/fr\/wp-json\/wp\/v2\/product"}],"about":[{"href":"https:\/\/aromasentia.com\/fr\/wp-json\/wp\/v2\/types\/product"}],"replies":[{"embeddable":true,"href":"https:\/\/aromasentia.com\/fr\/wp-json\/wp\/v2\/comments?post=245444"}],"version-history":[{"count":0,"href":"https:\/\/aromasentia.com\/fr\/wp-json\/wp\/v2\/product\/245444\/revisions"}],"wp:featuredmedia":[{"embeddable":true,"href":"https:\/\/aromasentia.com\/fr\/wp-json\/wp\/v2\/media\/253983"}],"wp:attachment":[{"href":"https:\/\/aromasentia.com\/fr\/wp-json\/wp\/v2\/media?parent=245444"}],"wp:term":[{"taxonomy":"product_brand","embeddable":true,"href":"https:\/\/aromasentia.com\/fr\/wp-json\/wp\/v2\/product_brand?post=245444"},{"taxonomy":"product_cat","embeddable":true,"href":"https:\/\/aromasentia.com\/fr\/wp-json\/wp\/v2\/product_cat?post=245444"},{"taxonomy":"product_tag","embeddable":true,"href":"https:\/\/aromasentia.com\/fr\/wp-json\/wp\/v2\/product_tag?post=245444"}],"curies":[{"name":"wp","href":"https:\/\/api.w.org\/{rel}","templated":true}]}}