{"id":245432,"date":"2025-03-20T14:25:16","date_gmt":"2025-03-20T14:25:16","guid":{"rendered":"https:\/\/aromasentia.com\/product\/copenhagen-atomiser-usb-colour-change-timer\/"},"modified":"2025-06-23T19:26:01","modified_gmt":"2025-06-23T19:26:01","slug":"diffiseur-copenhague-usb-change-de-couleur-minuteur","status":"publish","type":"product","link":"https:\/\/aromasentia.com\/fr\/diffiseur-copenhague-usb-change-de-couleur-minuteur\/","title":{"rendered":"Diffiseur Copenhague &#8211; USB &#8211; Change de Couleur &#8211; Minuteur"},"content":{"rendered":"<p>D\u00e9couvrez le <strong>Diffuseur d&rsquo;Ar\u00f4mes Copenhagen<\/strong>, un mod\u00e8le \u00e9l\u00e9gant et pratique id\u00e9al pour vos clients. Ce diffuseur ultrasonique de 120 ml utilise des ondes ultrasoniques pour vaporiser instantan\u00e9ment l&rsquo;eau et l&rsquo;huile essentielle, cr\u00e9ant une brume parfum\u00e9e, fra\u00eeche et s\u00e8che sans flamme ni fum\u00e9e. Parfait pour parfumer les bureaux, salons, spas, ou \u00e0 la maison.<\/p>\n<p><strong>Caract\u00e9ristiques :<\/strong><\/p>\n<ul data-end=\"935\" data-start=\"403\">\n<li data-end=\"469\" data-start=\"403\">\n<p><strong>Capacit\u00e9 du r\u00e9servoir&nbsp;<\/strong>: 120 ml pour une diffusion prolong\u00e9e.<\/p>\n<\/li>\n<li data-end=\"541\" data-start=\"470\">\n<p><strong>Lumi\u00e8re LED<\/strong> : 4 couleurs changeantes pour une ambiance relaxante.<\/p>\n<\/li>\n<li data-end=\"611\" data-start=\"542\">\n<p><strong>Alimentation par USB&nbsp;<\/strong>: Pratique avec un c\u00e2ble de 100 cm inclus.<\/p>\n<\/li>\n<li data-end=\"699\" data-start=\"612\">\n<p><strong>Fonction d&rsquo;arr\u00eat automatique<\/strong> : S\u00e9curitaire et pratique lorsque l&rsquo;eau est \u00e9puis\u00e9e.<\/p>\n<\/li>\n<li data-end=\"764\" data-start=\"700\">\n<p><strong>Minuterie<\/strong> : 1, 3, ou 6 heures pour une diffusion continue.<\/p>\n<\/li>\n<li data-end=\"841\" data-start=\"765\">\n<p><strong>Dimensions&nbsp;<\/strong>: Hauteur de 14 cm, diam\u00e8tre de 10,5 cm, poids de 0,400 kg.<\/p>\n<\/li>\n<li data-end=\"935\" data-start=\"842\">\n<p><strong>Utilisation<\/strong> : Convient uniquement pour les huiles essentielles m\u00e9lang\u00e9es avec de l&rsquo;eau.<\/p>\n<\/li>\n<\/ul>\n<p>Le Diffuseur Copenhagen est un ajout parfait \u00e0 votre assortiment. Offrez \u00e0 vos clients une exp\u00e9rience aromatique apaisante et \u00e9l\u00e9gante, id\u00e9ale pour toute pi\u00e8ce.&nbsp;<\/p>\n<p><strong>Commandez d\u00e8s aujourd&rsquo;hui et ajoutez ce diffuseur pratique et raffin\u00e9 \u00e0 votre boutique !<\/strong><\/p>\n","protected":false},"excerpt":{"rendered":"<p>D\u00e9couvrez le Diffuseur d&rsquo;Ar\u00f4mes Copenhagen, un mod\u00e8le \u00e9l\u00e9gant et pratique id\u00e9al pour vos clients. Ce diffuseur ultrasonique de 120 ml utilise des ondes ultrasoniques pour vaporiser instantan\u00e9ment l&rsquo;eau et l&rsquo;huile essentielle, cr\u00e9ant une brume parfum\u00e9e, fra\u00eeche et s\u00e8che sans flamme ni fum\u00e9e. Parfait pour parfumer les bureaux, salons, spas, ou \u00e0 la maison. Caract\u00e9ristiques : [&hellip;]<\/p>\n","protected":false},"featured_media":253892,"comment_status":"closed","ping_status":"open","template":"","meta":[],"product_brand":[],"product_cat":[16514,24956],"product_tag":[],"class_list":{"0":"post-245432","1":"product","2":"type-product","3":"status-publish","4":"has-post-thumbnail","6":"product_cat-diffuseurs-ultrason-et-dambiance","7":"product_cat-diffuseurs-ultrasoniques","8":"pa_collection-electronic-led-colour-aroma-diffusers-fr","9":"pa_made-in-chine","11":"first","12":"instock","13":"purchasable","14":"product-type-simple"},"supplier_id":null,"supplier_sku":"AATOM-19","barcode":null,"atum_controlled":true,"out_stock_date":null,"out_stock_threshold":null,"inheritable":false,"inbound_stock":null,"stock_on_hold":0,"sold_today":0,"sales_last_days":0,"reserved_stock":null,"customer_returns":null,"warehouse_damage":null,"lost_in_post":null,"other_logs":null,"out_stock_days":0,"lost_sales":0,"has_location":null,"update_date":"2026-02-12T05:52:45","atum_locations":[],"atum_stock_status":"instock","restock_status":false,"low_stock_amount":"","sales_update_date":"2025-10-09T03:22:15","calc_backorders":null,"_links":{"self":[{"href":"https:\/\/aromasentia.com\/fr\/wp-json\/wp\/v2\/product\/245432","targetHints":{"allow":["GET"]}}],"collection":[{"href":"https:\/\/aromasentia.com\/fr\/wp-json\/wp\/v2\/product"}],"about":[{"href":"https:\/\/aromasentia.com\/fr\/wp-json\/wp\/v2\/types\/product"}],"replies":[{"embeddable":true,"href":"https:\/\/aromasentia.com\/fr\/wp-json\/wp\/v2\/comments?post=245432"}],"version-history":[{"count":0,"href":"https:\/\/aromasentia.com\/fr\/wp-json\/wp\/v2\/product\/245432\/revisions"}],"wp:featuredmedia":[{"embeddable":true,"href":"https:\/\/aromasentia.com\/fr\/wp-json\/wp\/v2\/media\/253892"}],"wp:attachment":[{"href":"https:\/\/aromasentia.com\/fr\/wp-json\/wp\/v2\/media?parent=245432"}],"wp:term":[{"taxonomy":"product_brand","embeddable":true,"href":"https:\/\/aromasentia.com\/fr\/wp-json\/wp\/v2\/product_brand?post=245432"},{"taxonomy":"product_cat","embeddable":true,"href":"https:\/\/aromasentia.com\/fr\/wp-json\/wp\/v2\/product_cat?post=245432"},{"taxonomy":"product_tag","embeddable":true,"href":"https:\/\/aromasentia.com\/fr\/wp-json\/wp\/v2\/product_tag?post=245432"}],"curies":[{"name":"wp","href":"https:\/\/api.w.org\/{rel}","templated":true}]}}