{"id":245396,"date":"2025-03-20T14:25:16","date_gmt":"2025-03-20T14:25:16","guid":{"rendered":"https:\/\/aromasentia.com\/product\/ibiza-atomiser-infinity-lights-usb-colour-change\/"},"modified":"2025-06-23T19:25:55","modified_gmt":"2025-06-23T19:25:55","slug":"diffuseur-ibiza-usb-et-led-couleurs","status":"publish","type":"product","link":"https:\/\/aromasentia.com\/fr\/diffuseur-ibiza-usb-et-led-couleurs\/","title":{"rendered":"Diffuseur Ibiza USB et LED Couleurs"},"content":{"rendered":"<p><strong>Le diffuseur d&rsquo;ar\u00f4mes Ibiza &#8211; Infinity Lights est intemporel et \u00e9l\u00e9gant.&nbsp;<\/strong><\/p>\n<p>Il permet de parfumer votre pi\u00e8ce ou votre bureau sans flamme ni fum\u00e9e. Ajoutez simplement de l&rsquo;eau et votre huile essentielle pr\u00e9f\u00e9r\u00e9e pour une exp\u00e9rience aromatique instantan\u00e9e.&nbsp;<\/p>\n<p>Il utilise des ondes ultrasoniques pour vaporiser instantan\u00e9ment l&rsquo;eau et l&rsquo;huile essentielle dans le r\u00e9servoir afin de cr\u00e9er une brume parfum\u00e9e fra\u00eeche et s\u00e8che.&nbsp;<\/p>\n<p>&#8211; Capacit\u00e9 du r\u00e9cipient &#8211; 100ml<\/p>\n<p>&#8211; Couleurs LED &#8211; 7 couleurs<\/p>\n<p>&#8211; Prise USB ( longueur du fil 100cm)<\/p>\n<p>&#8211; S&rsquo;arr\u00eate automatiquement quand il n&rsquo;y a plus d&rsquo;eau<\/p>\n<p>&#8211; Chrono: 1, 3, 6h<\/p>\n<p>&#8211; Hauteur: 23,5 cm, Diam\u00e8tre: 12,5cm, Poids: 500g<\/p>\n<p><strong>A utiliser uniquement avec des huiles essentielles m\u00e9lang\u00e9es \u00e0 de l&rsquo;eau !<\/strong> <\/p>\n","protected":false},"excerpt":{"rendered":"<p>Le diffuseur d&rsquo;ar\u00f4mes Ibiza &#8211; Infinity Lights est intemporel et \u00e9l\u00e9gant.&nbsp; Il permet de parfumer votre pi\u00e8ce ou votre bureau sans flamme ni fum\u00e9e. Ajoutez simplement de l&rsquo;eau et votre huile essentielle pr\u00e9f\u00e9r\u00e9e pour une exp\u00e9rience aromatique instantan\u00e9e.&nbsp; Il utilise des ondes ultrasoniques pour vaporiser instantan\u00e9ment l&rsquo;eau et l&rsquo;huile essentielle dans le r\u00e9servoir afin de [&hellip;]<\/p>\n","protected":false},"featured_media":253779,"comment_status":"closed","ping_status":"open","template":"","meta":[],"product_brand":[],"product_cat":[16514,24956],"product_tag":[],"class_list":{"0":"post-245396","1":"product","2":"type-product","3":"status-publish","4":"has-post-thumbnail","6":"product_cat-diffuseurs-ultrason-et-dambiance","7":"product_cat-diffuseurs-ultrasoniques","8":"pa_collection-electronic-led-colour-aroma-diffusers-fr","9":"pa_made-in-chine","11":"first","12":"outofstock","13":"purchasable","14":"product-type-simple"},"supplier_id":null,"supplier_sku":"AATOM-13","barcode":null,"atum_controlled":true,"out_stock_date":"2025-10-09 15:16:57","out_stock_threshold":null,"inheritable":false,"inbound_stock":null,"stock_on_hold":0,"sold_today":0,"sales_last_days":0,"reserved_stock":null,"customer_returns":null,"warehouse_damage":null,"lost_in_post":null,"other_logs":null,"out_stock_days":112,"lost_sales":0,"has_location":null,"update_date":"2026-01-30T01:25:17","atum_locations":[],"atum_stock_status":"outofstock","restock_status":false,"low_stock_amount":"","sales_update_date":"2026-01-30T01:25:17","calc_backorders":null,"_links":{"self":[{"href":"https:\/\/aromasentia.com\/fr\/wp-json\/wp\/v2\/product\/245396","targetHints":{"allow":["GET"]}}],"collection":[{"href":"https:\/\/aromasentia.com\/fr\/wp-json\/wp\/v2\/product"}],"about":[{"href":"https:\/\/aromasentia.com\/fr\/wp-json\/wp\/v2\/types\/product"}],"replies":[{"embeddable":true,"href":"https:\/\/aromasentia.com\/fr\/wp-json\/wp\/v2\/comments?post=245396"}],"version-history":[{"count":0,"href":"https:\/\/aromasentia.com\/fr\/wp-json\/wp\/v2\/product\/245396\/revisions"}],"wp:featuredmedia":[{"embeddable":true,"href":"https:\/\/aromasentia.com\/fr\/wp-json\/wp\/v2\/media\/253779"}],"wp:attachment":[{"href":"https:\/\/aromasentia.com\/fr\/wp-json\/wp\/v2\/media?parent=245396"}],"wp:term":[{"taxonomy":"product_brand","embeddable":true,"href":"https:\/\/aromasentia.com\/fr\/wp-json\/wp\/v2\/product_brand?post=245396"},{"taxonomy":"product_cat","embeddable":true,"href":"https:\/\/aromasentia.com\/fr\/wp-json\/wp\/v2\/product_cat?post=245396"},{"taxonomy":"product_tag","embeddable":true,"href":"https:\/\/aromasentia.com\/fr\/wp-json\/wp\/v2\/product_tag?post=245396"}],"curies":[{"name":"wp","href":"https:\/\/api.w.org\/{rel}","templated":true}]}}