{"id":245380,"date":"2025-03-20T14:25:16","date_gmt":"2025-03-20T14:25:16","guid":{"rendered":"https:\/\/aromasentia.com\/product\/box-of-140ml-reed-diffuser-fell-berry\/"},"modified":"2025-06-23T19:25:53","modified_gmt":"2025-06-23T19:25:53","slug":"box-of-140ml-reed-diffuser-fell-berry","status":"publish","type":"product","link":"https:\/\/aromasentia.com\/fr\/box-of-140ml-reed-diffuser-fell-berry\/","title":{"rendered":"Box of 140ml Reed Diffuser &#8211; Fell Berry"},"content":{"rendered":"<p>D\u00e9couvrez le charme rustique de Fell Berry avec ce diffuseur de 140 ml. \u00c9voquant des images de baies sauvages cueillies sur des terrains accident\u00e9s et balay\u00e9s par le vent, ce parfum offre un d\u00e9licieux m\u00e9lange de notes juteuses, l\u00e9g\u00e8rement acidul\u00e9es et subtilement terreuses. C&rsquo;est un parfum qui vous connecte \u00e0 la beaut\u00e9 sauvage de la nature, remplissant votre maison d&rsquo;un ar\u00f4me r\u00e9confortant et revigorant. Laissez le riche parfum de baies embellir continuellement votre espace, cr\u00e9ant une ambiance chaleureuse et accueillante qui \u00e9voque l&rsquo;abondance naturelle et les plaisirs simples que l&rsquo;on trouve dans la nature.<\/p>\n","protected":false},"excerpt":{"rendered":"<p>D\u00e9couvrez le charme rustique de Fell Berry avec ce diffuseur de 140 ml. \u00c9voquant des images de baies sauvages cueillies sur des terrains accident\u00e9s et balay\u00e9s par le vent, ce parfum offre un d\u00e9licieux m\u00e9lange de notes juteuses, l\u00e9g\u00e8rement acidul\u00e9es et subtilement terreuses. C&rsquo;est un parfum qui vous connecte \u00e0 la beaut\u00e9 sauvage de la [&hellip;]<\/p>\n","protected":false},"featured_media":666383,"comment_status":"closed","ping_status":"open","template":"","meta":{"_angie_page":false},"product_brand":[27089],"product_cat":[16515,16514],"product_tag":[],"class_list":{"0":"post-245380","1":"product","2":"type-product","3":"status-publish","4":"has-post-thumbnail","6":"product_brand-agnes-and-cat","7":"product_cat-diffuseurs-a-tiges","8":"product_cat-diffuseurs-ultrason-et-dambiance","9":"pa_collection-reed-diffusers-140ml-fr","10":"pa_made-in-royaume-uni","11":"pa_size-140ml","13":"first","14":"instock","15":"purchasable","16":"product-type-simple"},"supplier_id":null,"supplier_sku":"ACD-03DS","barcode":null,"atum_controlled":true,"out_stock_date":null,"out_stock_threshold":null,"inheritable":false,"inbound_stock":null,"stock_on_hold":0,"sold_today":0,"sales_last_days":0,"reserved_stock":null,"customer_returns":null,"warehouse_damage":null,"lost_in_post":null,"other_logs":null,"out_stock_days":0,"lost_sales":0,"has_location":null,"update_date":"2026-04-27T07:27:46","atum_locations":[],"atum_stock_status":"instock","restock_status":false,"low_stock_amount":"","sales_update_date":"2026-01-30T01:26:40","calc_backorders":null,"_links":{"self":[{"href":"https:\/\/aromasentia.com\/fr\/wp-json\/wp\/v2\/product\/245380","targetHints":{"allow":["GET"]}}],"collection":[{"href":"https:\/\/aromasentia.com\/fr\/wp-json\/wp\/v2\/product"}],"about":[{"href":"https:\/\/aromasentia.com\/fr\/wp-json\/wp\/v2\/types\/product"}],"replies":[{"embeddable":true,"href":"https:\/\/aromasentia.com\/fr\/wp-json\/wp\/v2\/comments?post=245380"}],"version-history":[{"count":0,"href":"https:\/\/aromasentia.com\/fr\/wp-json\/wp\/v2\/product\/245380\/revisions"}],"wp:featuredmedia":[{"embeddable":true,"href":"https:\/\/aromasentia.com\/fr\/wp-json\/wp\/v2\/media\/666383"}],"wp:attachment":[{"href":"https:\/\/aromasentia.com\/fr\/wp-json\/wp\/v2\/media?parent=245380"}],"wp:term":[{"taxonomy":"product_brand","embeddable":true,"href":"https:\/\/aromasentia.com\/fr\/wp-json\/wp\/v2\/product_brand?post=245380"},{"taxonomy":"product_cat","embeddable":true,"href":"https:\/\/aromasentia.com\/fr\/wp-json\/wp\/v2\/product_cat?post=245380"},{"taxonomy":"product_tag","embeddable":true,"href":"https:\/\/aromasentia.com\/fr\/wp-json\/wp\/v2\/product_tag?post=245380"}],"curies":[{"name":"wp","href":"https:\/\/api.w.org\/{rel}","templated":true}]}}