{"id":245368,"date":"2025-03-20T14:25:16","date_gmt":"2025-03-20T14:25:16","guid":{"rendered":"https:\/\/aromasentia.com\/product\/box-of-140ml-reed-diffuser-windermere\/"},"modified":"2025-06-23T19:25:52","modified_gmt":"2025-06-23T19:25:52","slug":"box-of-140ml-reed-diffuser-windermere","status":"publish","type":"product","link":"https:\/\/aromasentia.com\/fr\/box-of-140ml-reed-diffuser-windermere\/","title":{"rendered":"Box of 140ml Reed Diffuser &#8211; Windermere"},"content":{"rendered":"<p>Immergez votre espace dans l&rsquo;essence sereine de Windermere. Ce diffuseur \u00e0 roseaux de 140 ml lib\u00e8re doucement un ar\u00f4me rafra\u00eechissant et tranquille, rappelant une douce brise sur un lac calme, entour\u00e9 d&rsquo;une verdure luxuriante. C&rsquo;est une fa\u00e7on parfaite d&rsquo;apporter l&rsquo;esprit frais et propre de l&rsquo;ext\u00e9rieur dans votre maison, en cr\u00e9ant une atmosph\u00e8re de paix et de clart\u00e9. Laissez le parfum subtil et continu vous transporter dans un lieu de beaut\u00e9 naturelle et de contemplation tranquille, en am\u00e9liorant sans effort votre environnement jour apr\u00e8s jour avec sa pr\u00e9sence captivante et apaisante.<\/p>\n","protected":false},"excerpt":{"rendered":"<p>Immergez votre espace dans l&rsquo;essence sereine de Windermere. Ce diffuseur \u00e0 roseaux de 140 ml lib\u00e8re doucement un ar\u00f4me rafra\u00eechissant et tranquille, rappelant une douce brise sur un lac calme, entour\u00e9 d&rsquo;une verdure luxuriante. C&rsquo;est une fa\u00e7on parfaite d&rsquo;apporter l&rsquo;esprit frais et propre de l&rsquo;ext\u00e9rieur dans votre maison, en cr\u00e9ant une atmosph\u00e8re de paix et [&hellip;]<\/p>\n","protected":false},"featured_media":666375,"comment_status":"closed","ping_status":"open","template":"","meta":{"_angie_page":false},"product_brand":[27089],"product_cat":[16515,16514],"product_tag":[],"class_list":{"0":"post-245368","1":"product","2":"type-product","3":"status-publish","4":"has-post-thumbnail","6":"product_brand-agnes-and-cat","7":"product_cat-diffuseurs-a-tiges","8":"product_cat-diffuseurs-ultrason-et-dambiance","9":"pa_collection-reed-diffusers-140ml-fr","10":"pa_made-in-royaume-uni","11":"pa_size-140ml","13":"first","14":"instock","15":"purchasable","16":"product-type-simple"},"supplier_id":null,"supplier_sku":"ACD-01DS","barcode":null,"atum_controlled":true,"out_stock_date":null,"out_stock_threshold":null,"inheritable":false,"inbound_stock":null,"stock_on_hold":0,"sold_today":0,"sales_last_days":0,"reserved_stock":null,"customer_returns":null,"warehouse_damage":null,"lost_in_post":null,"other_logs":null,"out_stock_days":0,"lost_sales":0,"has_location":null,"update_date":"2026-04-27T07:27:46","atum_locations":[],"atum_stock_status":"instock","restock_status":false,"low_stock_amount":"","sales_update_date":"2026-01-30T01:25:36","calc_backorders":null,"_links":{"self":[{"href":"https:\/\/aromasentia.com\/fr\/wp-json\/wp\/v2\/product\/245368","targetHints":{"allow":["GET"]}}],"collection":[{"href":"https:\/\/aromasentia.com\/fr\/wp-json\/wp\/v2\/product"}],"about":[{"href":"https:\/\/aromasentia.com\/fr\/wp-json\/wp\/v2\/types\/product"}],"replies":[{"embeddable":true,"href":"https:\/\/aromasentia.com\/fr\/wp-json\/wp\/v2\/comments?post=245368"}],"version-history":[{"count":0,"href":"https:\/\/aromasentia.com\/fr\/wp-json\/wp\/v2\/product\/245368\/revisions"}],"wp:featuredmedia":[{"embeddable":true,"href":"https:\/\/aromasentia.com\/fr\/wp-json\/wp\/v2\/media\/666375"}],"wp:attachment":[{"href":"https:\/\/aromasentia.com\/fr\/wp-json\/wp\/v2\/media?parent=245368"}],"wp:term":[{"taxonomy":"product_brand","embeddable":true,"href":"https:\/\/aromasentia.com\/fr\/wp-json\/wp\/v2\/product_brand?post=245368"},{"taxonomy":"product_cat","embeddable":true,"href":"https:\/\/aromasentia.com\/fr\/wp-json\/wp\/v2\/product_cat?post=245368"},{"taxonomy":"product_tag","embeddable":true,"href":"https:\/\/aromasentia.com\/fr\/wp-json\/wp\/v2\/product_tag?post=245368"}],"curies":[{"name":"wp","href":"https:\/\/api.w.org\/{rel}","templated":true}]}}