{"id":245352,"date":"2025-03-20T14:25:16","date_gmt":"2025-03-20T14:25:16","guid":{"rendered":"https:\/\/aromasentia.com\/product\/aromatherapy-bath-potion-in-kraft-bag-350g-wake-up\/"},"modified":"2025-06-23T19:25:48","modified_gmt":"2025-06-23T19:25:48","slug":"potions-de-bain-aromatherapie-350g-bien-etre","status":"publish","type":"product","link":"https:\/\/aromasentia.com\/fr\/potions-de-bain-aromatherapie-350g-bien-etre\/","title":{"rendered":"Potions de bain Aromath\u00e9rapie 350g &#8211; Bien-\u00eatre"},"content":{"rendered":"<p style=\"text-align: center;\"><strong><span style=\"color: rgb(250, 197, 28);\">Pamplemousse, Menthe Poivr\u00e9e &amp; May Chang<\/span><\/strong><\/p>\n<p>Ces <strong>potions de bain d\u2019aromath\u00e9rapie 350g<\/strong> sont artisanalement fabriqu\u00e9es avec un m\u00e9lange astucieux d\u2019Huiles Essentielles pures et de Sel de Mer dans notre site de production \u00e0 Sheffield, en Angleterre.<\/p>\n<p><strong>Elles sont disponibles par lot de 5 sacs Kraft de 350g chaque.&nbsp;<\/strong><\/p>\n<p>Ces potions de bain sont le cadeau parfait \u00e0 offrir \u00e0 des proches ou pour se faire plaisir. Cette potion de bain d\u00e9tendra votre corps, dynamisera et \u00e9claircira votre esprit.&nbsp;<\/p>\n<p><strong>Instruction<\/strong>: simplement ajoutez 2 ou 3 cuill\u00e8res \u00e0 caf\u00e9 de sel de bain \u00e0 un bain qui coule pour une exp\u00e9rience d&rsquo;aromath\u00e9rapie ultime.&nbsp;<\/p>\n<p>Si vous recherchez une quantit\u00e9 en gros, nos potions de bain sont \u00e9galement disponibles en <a href=\"https:\/\/aromasentia.com\/abp\" rel=\"noopener noreferrer\" target=\"_blank\">sacs de Hesse de 7 kg<\/a>.&nbsp;<\/p>\n<p><strong>Commandez aujourd\u2019hui pour offrir \u00e0 vos clients une exp\u00e9rience magique de bain.<\/strong><\/p>\n","protected":false},"excerpt":{"rendered":"<p>Pamplemousse, Menthe Poivr\u00e9e &amp; May Chang Ces potions de bain d\u2019aromath\u00e9rapie 350g sont artisanalement fabriqu\u00e9es avec un m\u00e9lange astucieux d\u2019Huiles Essentielles pures et de Sel de Mer dans notre site de production \u00e0 Sheffield, en Angleterre. Elles sont disponibles par lot de 5 sacs Kraft de 350g chaque.&nbsp; Ces potions de bain sont le cadeau [&hellip;]<\/p>\n","protected":false},"featured_media":254610,"comment_status":"closed","ping_status":"open","template":"","meta":{"_angie_page":false},"product_brand":[],"product_cat":[19443,20681],"product_tag":[],"class_list":{"0":"post-245352","1":"product","2":"type-product","3":"status-publish","4":"has-post-thumbnail","6":"product_cat-bain-et-corps","7":"product_cat-sels-de-bain","8":"pa_collection-aromatherapy-bath-potion-350g-fr","9":"pa_made-in-royaume-uni","10":"pa_size-350g","12":"first","13":"instock","14":"purchasable","15":"product-type-simple"},"supplier_id":null,"supplier_sku":"ABPC-05","barcode":null,"atum_controlled":true,"out_stock_date":null,"out_stock_threshold":null,"inheritable":false,"inbound_stock":null,"stock_on_hold":0,"sold_today":0,"sales_last_days":0,"reserved_stock":null,"customer_returns":null,"warehouse_damage":null,"lost_in_post":null,"other_logs":null,"out_stock_days":0,"lost_sales":0,"has_location":null,"update_date":"2026-04-27T06:49:04","atum_locations":[],"atum_stock_status":"instock","restock_status":false,"low_stock_amount":"","sales_update_date":"2025-10-09T03:22:27","calc_backorders":null,"_links":{"self":[{"href":"https:\/\/aromasentia.com\/fr\/wp-json\/wp\/v2\/product\/245352","targetHints":{"allow":["GET"]}}],"collection":[{"href":"https:\/\/aromasentia.com\/fr\/wp-json\/wp\/v2\/product"}],"about":[{"href":"https:\/\/aromasentia.com\/fr\/wp-json\/wp\/v2\/types\/product"}],"replies":[{"embeddable":true,"href":"https:\/\/aromasentia.com\/fr\/wp-json\/wp\/v2\/comments?post=245352"}],"version-history":[{"count":0,"href":"https:\/\/aromasentia.com\/fr\/wp-json\/wp\/v2\/product\/245352\/revisions"}],"wp:featuredmedia":[{"embeddable":true,"href":"https:\/\/aromasentia.com\/fr\/wp-json\/wp\/v2\/media\/254610"}],"wp:attachment":[{"href":"https:\/\/aromasentia.com\/fr\/wp-json\/wp\/v2\/media?parent=245352"}],"wp:term":[{"taxonomy":"product_brand","embeddable":true,"href":"https:\/\/aromasentia.com\/fr\/wp-json\/wp\/v2\/product_brand?post=245352"},{"taxonomy":"product_cat","embeddable":true,"href":"https:\/\/aromasentia.com\/fr\/wp-json\/wp\/v2\/product_cat?post=245352"},{"taxonomy":"product_tag","embeddable":true,"href":"https:\/\/aromasentia.com\/fr\/wp-json\/wp\/v2\/product_tag?post=245352"}],"curies":[{"name":"wp","href":"https:\/\/api.w.org\/{rel}","templated":true}]}}