{"id":245328,"date":"2025-03-20T14:25:16","date_gmt":"2025-03-20T14:25:16","guid":{"rendered":"https:\/\/aromasentia.com\/product\/white-nano-mist-face-fan-spray-usb-chargable\/"},"modified":"2025-06-23T19:25:45","modified_gmt":"2025-06-23T19:25:45","slug":"ventilateur-et-vaporisateur-de-visage-nano-mist-blanc-rechargeable-par-usb","status":"publish","type":"product","link":"https:\/\/aromasentia.com\/fr\/ventilateur-et-vaporisateur-de-visage-nano-mist-blanc-rechargeable-par-usb\/","title":{"rendered":"Ventilateur et Vaporisateur de Visage  Nano Mist Blanc &#8211; Rechargeable par USB"},"content":{"rendered":"<p><strong>Le Ventilateur &amp; Vaporisateur de Visage Nano Mist Blanc<\/strong> est con&ccedil;u pour offrir une hydratation en d\u00e9placement et une brume rafra\u00eechissante, ce qui en fait un compl\u00e9ment indispensable \u00e0 votre inventaire.&nbsp;<\/p>\n<p>Il utilise la technologie avanc\u00e9e de la nano-vaporisation pour d\u00e9livrer une fine brume rafra\u00eechissante qui hydrate et revitalise instantan\u00e9ment la peau. Con&ccedil;u pour \u00eatre compact et l\u00e9ger, il est id\u00e9al pour une utilisation \u00e0 la maison, au bureau ou en voyage.&nbsp;<\/p>\n<p>Cet appareil est \u00e9galement dot\u00e9 d&rsquo;un chargeur USB, ce qui le rend plus pratique et plus facile \u00e0 utiliser en d\u00e9placement.&nbsp;<\/p>\n<p><strong>Il s&rsquo;agit d&rsquo;un ventilateur rafra\u00eechissant et d&rsquo;un brumisateur en un seul appareil<\/strong>, ce qui le rend id\u00e9al pour les journ\u00e9es chaudes ou apr\u00e8s les soins de la peau.&nbsp;<\/p>\n<p>Les clients ayant des pr\u00e9f\u00e9rences esth\u00e9tiques vari\u00e9es seront attir\u00e9s par son \u00e9l\u00e9gante finition blanche et bleue, qui ajoute une touche de style \u00e0 n&rsquo;importe quel environnement.&nbsp;<\/p>\n<p>Le Ventilateur &amp; Vaporisateur de Visage Nano Mist Blanc ajoutera de la valeur \u00e0 vos produits et offrira \u00e0 vos clients une hydratation et un rafra\u00eechissement portables et \u00e9l\u00e9gants.&nbsp;<\/p>\n<p><strong>Am\u00e9liorez votre inventaire avec le Ventilateur &amp; Vaporisateur de Visage Nano Mist Blanc et offrez \u00e0 vos clients le luxe d&rsquo;une hydratation et d&rsquo;un rafra\u00eechissement portables et \u00e9l\u00e9gants, o\u00f9qu&rsquo;ils aillent.<\/strong><\/p>\n","protected":false},"excerpt":{"rendered":"<p>Le Ventilateur &amp; Vaporisateur de Visage Nano Mist Blanc est con&ccedil;u pour offrir une hydratation en d\u00e9placement et une brume rafra\u00eechissante, ce qui en fait un compl\u00e9ment indispensable \u00e0 votre inventaire.&nbsp; Il utilise la technologie avanc\u00e9e de la nano-vaporisation pour d\u00e9livrer une fine brume rafra\u00eechissante qui hydrate et revitalise instantan\u00e9ment la peau. Con&ccedil;u pour \u00eatre [&hellip;]<\/p>\n","protected":false},"featured_media":254460,"comment_status":"closed","ping_status":"open","template":"","meta":[],"product_brand":[],"product_cat":[16450],"product_tag":[],"class_list":{"0":"post-245328","1":"product","2":"type-product","3":"status-publish","4":"has-post-thumbnail","6":"product_cat-aromatherapie-et-parfums-d-ambiance","7":"pa_collection-electronic-led-colour-aroma-diffusers-fr","8":"pa_made-in-chine","10":"first","11":"instock","12":"purchasable","13":"product-type-simple"},"supplier_id":null,"supplier_sku":"AATOM-35","barcode":null,"atum_controlled":true,"out_stock_date":null,"out_stock_threshold":null,"inheritable":false,"inbound_stock":null,"stock_on_hold":0,"sold_today":0,"sales_last_days":0,"reserved_stock":null,"customer_returns":null,"warehouse_damage":null,"lost_in_post":null,"other_logs":null,"out_stock_days":0,"lost_sales":0,"has_location":null,"update_date":"2026-02-06T00:01:37","atum_locations":[],"atum_stock_status":"instock","restock_status":false,"low_stock_amount":"","sales_update_date":"2026-02-06T00:01:37","calc_backorders":null,"_links":{"self":[{"href":"https:\/\/aromasentia.com\/fr\/wp-json\/wp\/v2\/product\/245328","targetHints":{"allow":["GET"]}}],"collection":[{"href":"https:\/\/aromasentia.com\/fr\/wp-json\/wp\/v2\/product"}],"about":[{"href":"https:\/\/aromasentia.com\/fr\/wp-json\/wp\/v2\/types\/product"}],"replies":[{"embeddable":true,"href":"https:\/\/aromasentia.com\/fr\/wp-json\/wp\/v2\/comments?post=245328"}],"version-history":[{"count":0,"href":"https:\/\/aromasentia.com\/fr\/wp-json\/wp\/v2\/product\/245328\/revisions"}],"wp:featuredmedia":[{"embeddable":true,"href":"https:\/\/aromasentia.com\/fr\/wp-json\/wp\/v2\/media\/254460"}],"wp:attachment":[{"href":"https:\/\/aromasentia.com\/fr\/wp-json\/wp\/v2\/media?parent=245328"}],"wp:term":[{"taxonomy":"product_brand","embeddable":true,"href":"https:\/\/aromasentia.com\/fr\/wp-json\/wp\/v2\/product_brand?post=245328"},{"taxonomy":"product_cat","embeddable":true,"href":"https:\/\/aromasentia.com\/fr\/wp-json\/wp\/v2\/product_cat?post=245328"},{"taxonomy":"product_tag","embeddable":true,"href":"https:\/\/aromasentia.com\/fr\/wp-json\/wp\/v2\/product_tag?post=245328"}],"curies":[{"name":"wp","href":"https:\/\/api.w.org\/{rel}","templated":true}]}}