{"id":245324,"date":"2025-03-20T14:25:16","date_gmt":"2025-03-20T14:25:16","guid":{"rendered":"https:\/\/aromasentia.com\/product\/pink-humidifer-mondo-planet-usb-colour-change-down-light\/"},"modified":"2025-06-23T19:25:43","modified_gmt":"2025-06-23T19:25:43","slug":"humidificateur-rose-mondo-planet-usb-changement-de-couleur-lumiere-du-bas","status":"publish","type":"product","link":"https:\/\/aromasentia.com\/fr\/humidificateur-rose-mondo-planet-usb-changement-de-couleur-lumiere-du-bas\/","title":{"rendered":"Humidificateur Rose Mondo Planet &#8211; USB &#8211; Changement de Couleur (lumi\u00e8re du bas)"},"content":{"rendered":"<p><strong>L&rsquo;humidificateur rose Mondo Planet <\/strong>pr\u00e9sente un design moderne et transparent qui r\u00e9pond \u00e0 l&rsquo;esth\u00e9tique contemporaine. Il est con&ccedil;u pour maintenir un niveau d&rsquo;humidit\u00e9 optimal, ce qui permet de mieux respirer et d&rsquo;avoir une peau plus saine.&nbsp;<\/p>\n<p><strong>Mode d&#8217;emploi : <\/strong><\/p>\n<p>Bouton d&rsquo;\u00e9clairage : Le premier clic permet d&rsquo;allumer la lumi\u00e8re blanche chaude, le deuxi\u00e8me clic permet d&rsquo;allumer toutes les lumi\u00e8res, le troisi\u00e8me clic permet d&rsquo;allumer la lampe et le quatri\u00e8me clic permet d&rsquo;\u00e9teindre la lumi\u00e8re.&nbsp;<\/p>\n<p>Bouton de vaporisation : Appuyer et maintenir enfonc\u00e9 la premi\u00e8re fois pour activer le spray, et appuyer et maintenir enfonc\u00e9 \u00e0 nouveau pour d\u00e9sactiver le spray. M\u00e9thode d&rsquo;ajout d&rsquo;eau : Saisissez le fond du r\u00e9servoir d&rsquo;eau avec votre main, ouvrez le r\u00e9servoir d&rsquo;eau dans le sens indiqu\u00e9 par l&rsquo;\u00e9tiquette et ajoutez de l&rsquo;eau. Apr\u00e8s avoir ajout\u00e9 de l&rsquo;eau, verrouillez l&rsquo;int\u00e9rieur du r\u00e9servoir d&rsquo;eau. Alignez l&rsquo;identification avec le corps principal, tournez dans le sens des aiguilles d&rsquo;une montre pour verrouiller le r\u00e9servoir d&rsquo;eau et dans le sens inverse des aiguilles d&rsquo;une montre pour ouvrir le r\u00e9servoir d&rsquo;eau.&nbsp;<\/p>\n<p><strong>Remarque :&nbsp;<\/strong>cette machine est \u00e9quip\u00e9e de deux cotons-tiges (un de secours). Pour la premi\u00e8re utilisation, veuillez retirer le manchon et le coton-tige de la pochette d&rsquo;accessoires. Apr\u00e8s avoir tremp\u00e9 le coton-tige dans l&rsquo;eau, ins\u00e9rez-le dans le manchon et fixez le manchon contenant le coton-tige sur le support int\u00e9rieur du r\u00e9servoir d&rsquo;eau, au-dessus du niveau maximum de l&rsquo;eau. Serrez le r\u00e9servoir d&rsquo;eau et suivez les instructions pour commencer \u00e0 travailler.<\/p>\n","protected":false},"excerpt":{"rendered":"<p>L&rsquo;humidificateur rose Mondo Planet pr\u00e9sente un design moderne et transparent qui r\u00e9pond \u00e0 l&rsquo;esth\u00e9tique contemporaine. Il est con&ccedil;u pour maintenir un niveau d&rsquo;humidit\u00e9 optimal, ce qui permet de mieux respirer et d&rsquo;avoir une peau plus saine.&nbsp; Mode d&#8217;emploi : Bouton d&rsquo;\u00e9clairage : Le premier clic permet d&rsquo;allumer la lumi\u00e8re blanche chaude, le deuxi\u00e8me clic permet [&hellip;]<\/p>\n","protected":false},"featured_media":254435,"comment_status":"closed","ping_status":"open","template":"","meta":{"_angie_page":false},"product_brand":[],"product_cat":[16450],"product_tag":[],"class_list":{"0":"post-245324","1":"product","2":"type-product","3":"status-publish","4":"has-post-thumbnail","6":"product_cat-aromatherapie-et-parfums-d-ambiance","7":"pa_collection-electronic-led-colour-aroma-diffusers-fr","8":"pa_made-in-chine","10":"first","11":"instock","12":"purchasable","13":"product-type-simple"},"supplier_id":null,"supplier_sku":"AATOM-34","barcode":null,"atum_controlled":true,"out_stock_date":null,"out_stock_threshold":null,"inheritable":false,"inbound_stock":null,"stock_on_hold":0,"sold_today":0,"sales_last_days":0,"reserved_stock":null,"customer_returns":null,"warehouse_damage":null,"lost_in_post":null,"other_logs":null,"out_stock_days":0,"lost_sales":0,"has_location":null,"update_date":"2026-05-09T13:16:10","atum_locations":[],"atum_stock_status":"instock","restock_status":false,"low_stock_amount":"","sales_update_date":"2026-01-30T01:26:00","calc_backorders":null,"_links":{"self":[{"href":"https:\/\/aromasentia.com\/fr\/wp-json\/wp\/v2\/product\/245324","targetHints":{"allow":["GET"]}}],"collection":[{"href":"https:\/\/aromasentia.com\/fr\/wp-json\/wp\/v2\/product"}],"about":[{"href":"https:\/\/aromasentia.com\/fr\/wp-json\/wp\/v2\/types\/product"}],"replies":[{"embeddable":true,"href":"https:\/\/aromasentia.com\/fr\/wp-json\/wp\/v2\/comments?post=245324"}],"version-history":[{"count":0,"href":"https:\/\/aromasentia.com\/fr\/wp-json\/wp\/v2\/product\/245324\/revisions"}],"wp:featuredmedia":[{"embeddable":true,"href":"https:\/\/aromasentia.com\/fr\/wp-json\/wp\/v2\/media\/254435"}],"wp:attachment":[{"href":"https:\/\/aromasentia.com\/fr\/wp-json\/wp\/v2\/media?parent=245324"}],"wp:term":[{"taxonomy":"product_brand","embeddable":true,"href":"https:\/\/aromasentia.com\/fr\/wp-json\/wp\/v2\/product_brand?post=245324"},{"taxonomy":"product_cat","embeddable":true,"href":"https:\/\/aromasentia.com\/fr\/wp-json\/wp\/v2\/product_cat?post=245324"},{"taxonomy":"product_tag","embeddable":true,"href":"https:\/\/aromasentia.com\/fr\/wp-json\/wp\/v2\/product_tag?post=245324"}],"curies":[{"name":"wp","href":"https:\/\/api.w.org\/{rel}","templated":true}]}}