{"id":245312,"date":"2025-03-20T14:25:16","date_gmt":"2025-03-20T14:25:16","guid":{"rendered":"https:\/\/aromasentia.com\/product\/urban-aroma-diffuser-white-bronze-usb-colour-change\/"},"modified":"2025-06-23T19:25:42","modified_gmt":"2025-06-23T19:25:42","slug":"diffuseur-daromes-urbain-blanc-et-bronze-usb-changement-de-couleur","status":"publish","type":"product","link":"https:\/\/aromasentia.com\/fr\/diffuseur-daromes-urbain-blanc-et-bronze-usb-changement-de-couleur\/","title":{"rendered":"Diffuseur d&rsquo;Ar\u00f4mes Urbain Blanc et Bronze &#8211; USB &#8211; Changement de Couleur"},"content":{"rendered":"<p>Veilleuse Humidificateur d&rsquo;aromath\u00e9rapie avec fonction veilleuse.&nbsp;<\/p>\n<p><strong>Utiliser un connecteur de type C pour l&rsquo;alimentation \u00e9lectrique.&nbsp;<\/strong><\/p>\n<p><strong>Dimensions &nbsp;: 12&#215;8,8&#215;8,8cm&nbsp;<\/strong><\/p>\n<p><strong>Capacit\u00e9 du r\u00e9servoir d&rsquo;eau : 120ml <\/strong><\/p>\n<p><strong>Mode d&#8217;emploi :<\/strong> Ajoutez de l&rsquo;eau avant d&rsquo;utiliser ce produit, il est interdit d&rsquo;utiliser la fonction d&rsquo;humidification en cas de manque d&rsquo;eau.&nbsp;<\/p>\n<p>Lorsque vous nettoyez le produit, ne le lavez pas directement avec un robinet afin d&rsquo;\u00e9viter tout risque de court-circuit.&nbsp;<\/p>\n<p>Mise sous tension, les lumi\u00e8res RVB clignotent une fois chacune (0,5 seconde chacune). Appuyer bri\u00e8vement une fois pour commencer la pulv\u00e9risation, le ventilateur tourne et les lumi\u00e8res RVB s&rsquo;allument par cycles color\u00e9s, puis appuyer bri\u00e8vement \u00e0 nouveau pour \u00e9teindre l&rsquo;appareil.&nbsp;<\/p>\n<p>Pendant le fonctionnement, appuyer longuement pendant 2 secondes pour fixer la couleur et la lumi\u00e8re s&rsquo;allume, puis appuyer longuement pendant 2 secondes pour \u00e9teindre la lumi\u00e8re.<\/p>\n","protected":false},"excerpt":{"rendered":"<p>Veilleuse Humidificateur d&rsquo;aromath\u00e9rapie avec fonction veilleuse.&nbsp; Utiliser un connecteur de type C pour l&rsquo;alimentation \u00e9lectrique.&nbsp; Dimensions &nbsp;: 12&#215;8,8&#215;8,8cm&nbsp; Capacit\u00e9 du r\u00e9servoir d&rsquo;eau : 120ml Mode d&#8217;emploi : Ajoutez de l&rsquo;eau avant d&rsquo;utiliser ce produit, il est interdit d&rsquo;utiliser la fonction d&rsquo;humidification en cas de manque d&rsquo;eau.&nbsp; Lorsque vous nettoyez le produit, ne le lavez pas [&hellip;]<\/p>\n","protected":false},"featured_media":254328,"comment_status":"closed","ping_status":"open","template":"","meta":[],"product_brand":[],"product_cat":[16450],"product_tag":[],"class_list":{"0":"post-245312","1":"product","2":"type-product","3":"status-publish","4":"has-post-thumbnail","6":"product_cat-aromatherapie-et-parfums-d-ambiance","7":"pa_collection-electronic-led-colour-aroma-diffusers-fr","8":"pa_made-in-chine","10":"first","11":"instock","12":"purchasable","13":"product-type-simple"},"supplier_id":null,"supplier_sku":"AATOM-31","barcode":null,"atum_controlled":true,"out_stock_date":null,"out_stock_threshold":null,"inheritable":false,"inbound_stock":null,"stock_on_hold":0,"sold_today":0,"sales_last_days":0,"reserved_stock":null,"customer_returns":null,"warehouse_damage":null,"lost_in_post":null,"other_logs":null,"out_stock_days":0,"lost_sales":0,"has_location":null,"update_date":"2026-02-10T10:29:39","atum_locations":[],"atum_stock_status":"instock","restock_status":false,"low_stock_amount":"","sales_update_date":"2025-10-09T03:22:17","calc_backorders":null,"_links":{"self":[{"href":"https:\/\/aromasentia.com\/fr\/wp-json\/wp\/v2\/product\/245312","targetHints":{"allow":["GET"]}}],"collection":[{"href":"https:\/\/aromasentia.com\/fr\/wp-json\/wp\/v2\/product"}],"about":[{"href":"https:\/\/aromasentia.com\/fr\/wp-json\/wp\/v2\/types\/product"}],"replies":[{"embeddable":true,"href":"https:\/\/aromasentia.com\/fr\/wp-json\/wp\/v2\/comments?post=245312"}],"version-history":[{"count":0,"href":"https:\/\/aromasentia.com\/fr\/wp-json\/wp\/v2\/product\/245312\/revisions"}],"wp:featuredmedia":[{"embeddable":true,"href":"https:\/\/aromasentia.com\/fr\/wp-json\/wp\/v2\/media\/254328"}],"wp:attachment":[{"href":"https:\/\/aromasentia.com\/fr\/wp-json\/wp\/v2\/media?parent=245312"}],"wp:term":[{"taxonomy":"product_brand","embeddable":true,"href":"https:\/\/aromasentia.com\/fr\/wp-json\/wp\/v2\/product_brand?post=245312"},{"taxonomy":"product_cat","embeddable":true,"href":"https:\/\/aromasentia.com\/fr\/wp-json\/wp\/v2\/product_cat?post=245312"},{"taxonomy":"product_tag","embeddable":true,"href":"https:\/\/aromasentia.com\/fr\/wp-json\/wp\/v2\/product_tag?post=245312"}],"curies":[{"name":"wp","href":"https:\/\/api.w.org\/{rel}","templated":true}]}}