{"id":245308,"date":"2025-03-20T14:25:16","date_gmt":"2025-03-20T14:25:16","guid":{"rendered":"https:\/\/aromasentia.com\/product\/double-switchable-essential-oil-waterless-nebulizer-usb-to-c\/"},"modified":"2025-06-23T19:25:41","modified_gmt":"2025-06-23T19:25:41","slug":"nebuliseur-double-commutable-dhuiles-essentielles-sans-eau-usb-a-c","status":"publish","type":"product","link":"https:\/\/aromasentia.com\/fr\/nebuliseur-double-commutable-dhuiles-essentielles-sans-eau-usb-a-c\/","title":{"rendered":"N\u00e9buliseur Double (commutable) d&rsquo;Huiles Essentielles sans Eau &#8211; USB \u00e0 C"},"content":{"rendered":"<p><strong>Le double n\u00e9buliseur d&rsquo;huiles essentielles<\/strong> sans eau n&rsquo;a pas besoin d&rsquo;eau ni de chaleur. Il atomise directement l&rsquo;huile essentielle en particules de 1 \u00e0 3 nanom\u00e8tres, ce qui n&rsquo;endommage pas la structure mol\u00e9culaire de l&rsquo;huile et renforce son parfum.&nbsp;<\/p>\n<p>Pour la premi\u00e8re utilisation, appuyez doucement sur le bouton situ\u00e9 en bas de l&rsquo;appareil avec vos doigts. Retirer le flacon vide et le remplacer par un nouveau flacon d&rsquo;huile essentielle, puis mettre l&#8217;embout. Remettre en place le produit d&rsquo;origine. Les symboles triangulaires sur l&#8217;embout doivent correspondre.&nbsp;<\/p>\n<p><strong>Remarque :&nbsp;<\/strong>Lors du remplacement du flacon d&rsquo;huile essentielle, se r\u00e9f\u00e9rer \u00e0 la figure suivante : Si l&rsquo;huile essentielle n&rsquo;est pas \u00e9puis\u00e9e lors du remplacement, veuillez redresser la machine. Serrez l&rsquo;assemblage de la buse et installez-la au cas o\u00f9elle ne pourrait pas \u00eatre retir\u00e9e.&nbsp;<\/p>\n<p>Le produit est charg\u00e9 avec une tension de 5V DC, qui peut \u00eatre charg\u00e9e avec un adaptateur de port USB ou un chargeur de voiture avec un port USB. Lorsque le produit est en cours de chargement, le voyant de chargement de type C est allum\u00e9. Lorsque la batterie est enti\u00e8rement charg\u00e9e, le voyant de chargement est toujours rouge.&nbsp;<\/p>\n<p>Lors de la mise sous tension, lorsque la capacit\u00e9 restante de la batterie est inf\u00e9rieure \u00e0 15 %, le voyant de charge situ\u00e9 au-dessus du connecteur Type-C s&rsquo;allume en rouge et clignote 3 fois en 1 seconde (clignotement rapide), indiquant que le produit doit \u00eatre recharg\u00e9.&nbsp;<\/p>\n<p><strong>Convient pour les huiles essentielles en bouteille de 10 ml.<\/strong><\/p>\n","protected":false},"excerpt":{"rendered":"<p>Le double n\u00e9buliseur d&rsquo;huiles essentielles sans eau n&rsquo;a pas besoin d&rsquo;eau ni de chaleur. Il atomise directement l&rsquo;huile essentielle en particules de 1 \u00e0 3 nanom\u00e8tres, ce qui n&rsquo;endommage pas la structure mol\u00e9culaire de l&rsquo;huile et renforce son parfum.&nbsp; Pour la premi\u00e8re utilisation, appuyez doucement sur le bouton situ\u00e9 en bas de l&rsquo;appareil avec vos [&hellip;]<\/p>\n","protected":false},"featured_media":254287,"comment_status":"closed","ping_status":"open","template":"","meta":{"_angie_page":false},"product_brand":[],"product_cat":[16450],"product_tag":[],"class_list":{"0":"post-245308","1":"product","2":"type-product","3":"status-publish","4":"has-post-thumbnail","6":"product_cat-aromatherapie-et-parfums-d-ambiance","7":"pa_collection-electronic-led-colour-aroma-diffusers-fr","8":"pa_made-in-chine","10":"first","11":"instock","12":"purchasable","13":"product-type-simple"},"supplier_id":null,"supplier_sku":"AATOM-37","barcode":null,"atum_controlled":true,"out_stock_date":null,"out_stock_threshold":null,"inheritable":false,"inbound_stock":null,"stock_on_hold":0,"sold_today":0,"sales_last_days":0,"reserved_stock":null,"customer_returns":null,"warehouse_damage":null,"lost_in_post":null,"other_logs":null,"out_stock_days":0,"lost_sales":0,"has_location":null,"update_date":"2026-04-27T06:48:46","atum_locations":[],"atum_stock_status":"instock","restock_status":false,"low_stock_amount":"","sales_update_date":"2026-01-30T01:24:47","calc_backorders":null,"_links":{"self":[{"href":"https:\/\/aromasentia.com\/fr\/wp-json\/wp\/v2\/product\/245308","targetHints":{"allow":["GET"]}}],"collection":[{"href":"https:\/\/aromasentia.com\/fr\/wp-json\/wp\/v2\/product"}],"about":[{"href":"https:\/\/aromasentia.com\/fr\/wp-json\/wp\/v2\/types\/product"}],"replies":[{"embeddable":true,"href":"https:\/\/aromasentia.com\/fr\/wp-json\/wp\/v2\/comments?post=245308"}],"version-history":[{"count":0,"href":"https:\/\/aromasentia.com\/fr\/wp-json\/wp\/v2\/product\/245308\/revisions"}],"wp:featuredmedia":[{"embeddable":true,"href":"https:\/\/aromasentia.com\/fr\/wp-json\/wp\/v2\/media\/254287"}],"wp:attachment":[{"href":"https:\/\/aromasentia.com\/fr\/wp-json\/wp\/v2\/media?parent=245308"}],"wp:term":[{"taxonomy":"product_brand","embeddable":true,"href":"https:\/\/aromasentia.com\/fr\/wp-json\/wp\/v2\/product_brand?post=245308"},{"taxonomy":"product_cat","embeddable":true,"href":"https:\/\/aromasentia.com\/fr\/wp-json\/wp\/v2\/product_cat?post=245308"},{"taxonomy":"product_tag","embeddable":true,"href":"https:\/\/aromasentia.com\/fr\/wp-json\/wp\/v2\/product_tag?post=245308"}],"curies":[{"name":"wp","href":"https:\/\/api.w.org\/{rel}","templated":true}]}}