{"id":245304,"date":"2025-03-20T14:25:16","date_gmt":"2025-03-20T14:25:16","guid":{"rendered":"https:\/\/aromasentia.com\/product\/mini-single-waterless-oil-nebulizer-usb-to-c-movement-dectector\/"},"modified":"2025-06-23T19:25:41","modified_gmt":"2025-06-23T19:25:41","slug":"mini-nebuliseurs-huile-essentielle-sans-eau-usb-a-c-detecteur-de-mouvement","status":"publish","type":"product","link":"https:\/\/aromasentia.com\/fr\/mini-nebuliseurs-huile-essentielle-sans-eau-usb-a-c-detecteur-de-mouvement\/","title":{"rendered":"Mini N\u00e9buliseurs Huile Essentielle Sans Eau &#8211; USB \u00e0 C &#8211; D\u00e9tecteur de Mouvement"},"content":{"rendered":"<p>Ce produit convient aux huiles essentielles en flacon de 10 ml.&nbsp;<\/p>\n<p><strong>Pour la premi\u00e8re utilisation<\/strong>, retirez le couvercle anti-poussi\u00e8re, retournez le diffuseur et ins\u00e9rez le flacon d&rsquo;huile essentielle.&nbsp;<\/p>\n<p><strong>Mode d&#8217;emploi :&nbsp;<\/strong><\/p>\n<p>Retournez le diffuseur et ins\u00e9rez le flacon d&rsquo;huile essentielle, tournez dans le sens des aiguilles d&rsquo;une montre pour serrer, et dans le sens inverse pour desserrer le flacon. (Remarque : lors de l&rsquo;installation de l&rsquo;huile essentielle, ne pas retirer le robinet d&rsquo;\u00e9tranglement).&nbsp;<\/p>\n<p>Tourner le diffuseur verticalement, appuyer longuement sur le bouton pendant 2 secondes pour d\u00e9marrer\/arr\u00eater le diffuseur, appuyer bri\u00e8vement pour passer d&rsquo;une vitesse \u00e0 l&rsquo;autre.&nbsp;<\/p>\n<p>La premi\u00e8re pression longue (lumi\u00e8re jaune) : le diffuseur fonctionne pendant 2 secondes, puis pendant 2 secondes \u00e0 chaque fois qu&rsquo;il d\u00e9tecte un mouvement.&nbsp;<\/p>\n<p>Deuxi\u00e8me pression (lumi\u00e8re verte) : le diffuseur fonctionne pendant 2 secondes, avec un intervalle de 10 minutes.&nbsp;<\/p>\n<p>Troisi\u00e8me pression (lumi\u00e8re bleue) mode parfum : fonctionne pendant 2 secondes avec un intervalle de 5 minutes.&nbsp;<\/p>\n<p>Quatri\u00e8me pression (lumi\u00e8re blanche) pour un parfum fort : 2 secondes de fonctionnement avec un intervalle de 1 minute. Le t\u00e9moin lumineux est allum\u00e9 pendant la charge (lumi\u00e8re rouge) et s&rsquo;\u00e9teint lorsque la charge est compl\u00e8te.&nbsp;<\/p>\n<p>Appuyez longuement pendant 2 secondes pour l&rsquo;\u00e9teindre.&nbsp;<\/p>\n<p><strong>Port\u00e9e de d\u00e9tection :<\/strong> 3 m\u00e8tres \/ 120 degr\u00e9s&nbsp;<\/p>\n<p><strong>Zone d&rsquo;application :<\/strong> 50-80m2<\/p>\n<p><strong>Dimensions :&nbsp;<\/strong>84,6 mm x 74,2 mm 84,6mm x 74,2mm<\/p>\n","protected":false},"excerpt":{"rendered":"<p>Ce produit convient aux huiles essentielles en flacon de 10 ml.&nbsp; Pour la premi\u00e8re utilisation, retirez le couvercle anti-poussi\u00e8re, retournez le diffuseur et ins\u00e9rez le flacon d&rsquo;huile essentielle.&nbsp; Mode d&#8217;emploi :&nbsp; Retournez le diffuseur et ins\u00e9rez le flacon d&rsquo;huile essentielle, tournez dans le sens des aiguilles d&rsquo;une montre pour serrer, et dans le sens inverse [&hellip;]<\/p>\n","protected":false},"featured_media":254246,"comment_status":"closed","ping_status":"open","template":"","meta":[],"product_brand":[],"product_cat":[16450],"product_tag":[],"class_list":{"0":"post-245304","1":"product","2":"type-product","3":"status-publish","4":"has-post-thumbnail","6":"product_cat-aromatherapie-et-parfums-d-ambiance","7":"pa_collection-electronic-led-colour-aroma-diffusers-fr","8":"pa_made-in-chine","10":"first","11":"instock","12":"purchasable","13":"product-type-simple"},"supplier_id":null,"supplier_sku":"AATOM-39","barcode":null,"atum_controlled":true,"out_stock_date":null,"out_stock_threshold":null,"inheritable":false,"inbound_stock":null,"stock_on_hold":0,"sold_today":0,"sales_last_days":0,"reserved_stock":null,"customer_returns":null,"warehouse_damage":null,"lost_in_post":null,"other_logs":null,"out_stock_days":0,"lost_sales":0,"has_location":null,"update_date":"2026-02-06T14:22:48","atum_locations":[],"atum_stock_status":"instock","restock_status":false,"low_stock_amount":"","sales_update_date":"2025-10-09T03:22:19","calc_backorders":null,"_links":{"self":[{"href":"https:\/\/aromasentia.com\/fr\/wp-json\/wp\/v2\/product\/245304","targetHints":{"allow":["GET"]}}],"collection":[{"href":"https:\/\/aromasentia.com\/fr\/wp-json\/wp\/v2\/product"}],"about":[{"href":"https:\/\/aromasentia.com\/fr\/wp-json\/wp\/v2\/types\/product"}],"replies":[{"embeddable":true,"href":"https:\/\/aromasentia.com\/fr\/wp-json\/wp\/v2\/comments?post=245304"}],"version-history":[{"count":0,"href":"https:\/\/aromasentia.com\/fr\/wp-json\/wp\/v2\/product\/245304\/revisions"}],"wp:featuredmedia":[{"embeddable":true,"href":"https:\/\/aromasentia.com\/fr\/wp-json\/wp\/v2\/media\/254246"}],"wp:attachment":[{"href":"https:\/\/aromasentia.com\/fr\/wp-json\/wp\/v2\/media?parent=245304"}],"wp:term":[{"taxonomy":"product_brand","embeddable":true,"href":"https:\/\/aromasentia.com\/fr\/wp-json\/wp\/v2\/product_brand?post=245304"},{"taxonomy":"product_cat","embeddable":true,"href":"https:\/\/aromasentia.com\/fr\/wp-json\/wp\/v2\/product_cat?post=245304"},{"taxonomy":"product_tag","embeddable":true,"href":"https:\/\/aromasentia.com\/fr\/wp-json\/wp\/v2\/product_tag?post=245304"}],"curies":[{"name":"wp","href":"https:\/\/api.w.org\/{rel}","templated":true}]}}