{"id":245300,"date":"2025-03-20T14:25:16","date_gmt":"2025-03-20T14:25:16","guid":{"rendered":"https:\/\/aromasentia.com\/product\/single-waterless-oil-nebulizer-usb-to-c-yellow\/"},"modified":"2025-06-23T19:25:40","modified_gmt":"2025-06-23T19:25:40","slug":"diffuseur-huile-essentielle-par-nebulisation-sans-eau-usb-a-c-jaune","status":"publish","type":"product","link":"https:\/\/aromasentia.com\/fr\/diffuseur-huile-essentielle-par-nebulisation-sans-eau-usb-a-c-jaune\/","title":{"rendered":"Diffuseur Huile Essentielle par N\u00e9bulisation Sans Eau &#8211; USB \u00e0 C Jaune"},"content":{"rendered":"<p><strong>N\u00e9buliseur d&rsquo;huile sans eau rechargeable<\/strong> &#8211; facile \u00e0 utiliser, adapt\u00e9 aux flacons de 10 ml ou 20 ml.&nbsp;<\/p>\n<h2><strong>Comment le charger :&nbsp;<\/strong><\/h2>\n<p>Utilisez la tension de sortie DC5V, l&rsquo;interface USB de l&rsquo;ordinateur, l&rsquo;adaptateur d&rsquo;interface USB ou le chargeur de voiture avec interface USB.&nbsp;<\/p>\n<p>Le voyant rouge clignote pendant la charge ; lorsqu&rsquo;il est compl\u00e8tement charg\u00e9, le voyant est toujours vert. Lors de la mise sous tension, si la puissance restante de la batterie est inf\u00e9rieure \u00e0 20 %, le voyant clignote rapidement dans tous les modes, ce qui indique qu&rsquo;il faut recharger. Il faut 2 \u00e0 3 heures pour recharger compl\u00e8tement le diffuseur. &nbsp;&nbsp;<\/p>\n<h2>Comment l&rsquo;utiliser ? <\/h2>\n<p>Pousser doucement la buse hors du fond du diffuseur. Ins\u00e9rer une <a href=\"https:\/\/aromasentia.com\/eo\">huile essentielle<\/a> dans le flacon, puis remettre le flacon dans l&#8217;embout.&nbsp;<\/p>\n<p>Attention au marquage du sens de positionnement sur le diffuseur.&nbsp;<\/p>\n<p><strong>Mode intelligent :&nbsp;<\/strong>Appuyer bri\u00e8vement sur le bouton du haut pour mettre en marche, le voyant de gauche s&rsquo;allume en blanc, ce qui signifie que l&rsquo;appareil entre en mode intelligent et d\u00e9marre\/arr\u00eate.&nbsp;<\/p>\n<p><strong>Mode manuel :<\/strong> Appuyer bri\u00e8vement sur le bouton du haut pour l&rsquo;allumer, la lumi\u00e8re du milieu s&rsquo;allume en blanc, ce qui signifie que l&rsquo;appareil est en mode ar\u00f4me l\u00e9ger, appuyer \u00e0 nouveau, la lumi\u00e8re de droite s&rsquo;allume et passe en mode ar\u00f4me fort. Il est recommand\u00e9 de n&rsquo;utiliser que des huiles essentielles.&nbsp;<\/p>\n<p><strong>Dimensions : <\/strong>105 mm x 65 mm : 105mmx 65mm<\/p>\n","protected":false},"excerpt":{"rendered":"<p>N\u00e9buliseur d&rsquo;huile sans eau rechargeable &#8211; facile \u00e0 utiliser, adapt\u00e9 aux flacons de 10 ml ou 20 ml.&nbsp; Comment le charger :&nbsp; Utilisez la tension de sortie DC5V, l&rsquo;interface USB de l&rsquo;ordinateur, l&rsquo;adaptateur d&rsquo;interface USB ou le chargeur de voiture avec interface USB.&nbsp; Le voyant rouge clignote pendant la charge ; lorsqu&rsquo;il est compl\u00e8tement charg\u00e9, [&hellip;]<\/p>\n","protected":false},"featured_media":254205,"comment_status":"closed","ping_status":"open","template":"","meta":{"_angie_page":false},"product_brand":[],"product_cat":[16450],"product_tag":[],"class_list":{"0":"post-245300","1":"product","2":"type-product","3":"status-publish","4":"has-post-thumbnail","6":"product_cat-aromatherapie-et-parfums-d-ambiance","7":"pa_collection-electronic-led-colour-aroma-diffusers-fr","8":"pa_made-in-chine","10":"first","11":"instock","12":"purchasable","13":"product-type-simple"},"supplier_id":null,"supplier_sku":"AATOM-38","barcode":null,"atum_controlled":true,"out_stock_date":null,"out_stock_threshold":null,"inheritable":false,"inbound_stock":null,"stock_on_hold":0,"sold_today":0,"sales_last_days":0,"reserved_stock":null,"customer_returns":null,"warehouse_damage":null,"lost_in_post":null,"other_logs":null,"out_stock_days":0,"lost_sales":0,"has_location":null,"update_date":"2026-05-08T05:02:33","atum_locations":[],"atum_stock_status":"instock","restock_status":false,"low_stock_amount":"","sales_update_date":"2026-01-30T01:24:31","calc_backorders":null,"_links":{"self":[{"href":"https:\/\/aromasentia.com\/fr\/wp-json\/wp\/v2\/product\/245300","targetHints":{"allow":["GET"]}}],"collection":[{"href":"https:\/\/aromasentia.com\/fr\/wp-json\/wp\/v2\/product"}],"about":[{"href":"https:\/\/aromasentia.com\/fr\/wp-json\/wp\/v2\/types\/product"}],"replies":[{"embeddable":true,"href":"https:\/\/aromasentia.com\/fr\/wp-json\/wp\/v2\/comments?post=245300"}],"version-history":[{"count":0,"href":"https:\/\/aromasentia.com\/fr\/wp-json\/wp\/v2\/product\/245300\/revisions"}],"wp:featuredmedia":[{"embeddable":true,"href":"https:\/\/aromasentia.com\/fr\/wp-json\/wp\/v2\/media\/254205"}],"wp:attachment":[{"href":"https:\/\/aromasentia.com\/fr\/wp-json\/wp\/v2\/media?parent=245300"}],"wp:term":[{"taxonomy":"product_brand","embeddable":true,"href":"https:\/\/aromasentia.com\/fr\/wp-json\/wp\/v2\/product_brand?post=245300"},{"taxonomy":"product_cat","embeddable":true,"href":"https:\/\/aromasentia.com\/fr\/wp-json\/wp\/v2\/product_cat?post=245300"},{"taxonomy":"product_tag","embeddable":true,"href":"https:\/\/aromasentia.com\/fr\/wp-json\/wp\/v2\/product_tag?post=245300"}],"curies":[{"name":"wp","href":"https:\/\/api.w.org\/{rel}","templated":true}]}}