{"id":245296,"date":"2025-03-20T14:28:43","date_gmt":"2025-03-20T14:28:43","guid":{"rendered":"https:\/\/aromasentia.com\/product\/box-of-140ml-reed-diffuser-tea-roses\/"},"modified":"2025-06-23T19:25:40","modified_gmt":"2025-06-23T19:25:40","slug":"box-of-140ml-reed-diffuser-tea-roses","status":"publish","type":"product","link":"https:\/\/aromasentia.com\/fr\/box-of-140ml-reed-diffuser-tea-roses\/","title":{"rendered":"Box of 140ml Reed Diffuser &#8211; Tea &#038; Roses"},"content":{"rendered":"<p>Laissez-vous s\u00e9duire par l&rsquo;\u00e9treinte \u00e9l\u00e9gante et r\u00e9confortante de Tea &#038; Roses gr\u00e2ce \u00e0 ce charmant diffuseur \u00e0 anche de 140 ml. Ce parfum sophistiqu\u00e9 marie admirablement l&rsquo;ar\u00f4me raffin\u00e9 et doux du th\u00e9 fra\u00eechement infus\u00e9 \u00e0 la senteur classique et romantique des roses en fleurs. Il cr\u00e9e une atmosph\u00e8re sereine et accueillante, parfaite pour les moments de d\u00e9tente et de contemplation tranquille. Laissez ce m\u00e9lange intemporel et apaisant embellir en permanence votre int\u00e9rieur, offrant un sentiment de chaleur, de gr\u00e2ce et de luxe discret qui apaise l&rsquo;esprit et ravit les sens gr\u00e2ce \u00e0 son \u00e9quilibre harmonieux.<\/p>\n","protected":false},"excerpt":{"rendered":"<p>Laissez-vous s\u00e9duire par l&rsquo;\u00e9treinte \u00e9l\u00e9gante et r\u00e9confortante de Tea &#038; Roses gr\u00e2ce \u00e0 ce charmant diffuseur \u00e0 anche de 140 ml. Ce parfum sophistiqu\u00e9 marie admirablement l&rsquo;ar\u00f4me raffin\u00e9 et doux du th\u00e9 fra\u00eechement infus\u00e9 \u00e0 la senteur classique et romantique des roses en fleurs. Il cr\u00e9e une atmosph\u00e8re sereine et accueillante, parfaite pour les moments [&hellip;]<\/p>\n","protected":false},"featured_media":254737,"comment_status":"closed","ping_status":"open","template":"","meta":{"_angie_page":false},"product_brand":[27089],"product_cat":[16515,16514],"product_tag":[],"class_list":{"0":"post-245296","1":"product","2":"type-product","3":"status-publish","4":"has-post-thumbnail","6":"product_brand-agnes-and-cat","7":"product_cat-diffuseurs-a-tiges","8":"product_cat-diffuseurs-ultrason-et-dambiance","9":"pa_collection-reed-diffusers-140ml-fr","10":"pa_made-in-royaume-uni","11":"pa_size-140ml","13":"first","14":"instock","15":"purchasable","16":"product-type-simple"},"supplier_id":null,"supplier_sku":"ACD-14DS","barcode":null,"atum_controlled":true,"out_stock_date":null,"out_stock_threshold":null,"inheritable":false,"inbound_stock":null,"stock_on_hold":0,"sold_today":0,"sales_last_days":0,"reserved_stock":null,"customer_returns":null,"warehouse_damage":null,"lost_in_post":null,"other_logs":null,"out_stock_days":0,"lost_sales":0,"has_location":null,"update_date":"2026-04-27T07:27:46","atum_locations":[],"atum_stock_status":"instock","restock_status":false,"low_stock_amount":"","sales_update_date":"2026-01-30T01:26:29","calc_backorders":null,"_links":{"self":[{"href":"https:\/\/aromasentia.com\/fr\/wp-json\/wp\/v2\/product\/245296","targetHints":{"allow":["GET"]}}],"collection":[{"href":"https:\/\/aromasentia.com\/fr\/wp-json\/wp\/v2\/product"}],"about":[{"href":"https:\/\/aromasentia.com\/fr\/wp-json\/wp\/v2\/types\/product"}],"replies":[{"embeddable":true,"href":"https:\/\/aromasentia.com\/fr\/wp-json\/wp\/v2\/comments?post=245296"}],"version-history":[{"count":0,"href":"https:\/\/aromasentia.com\/fr\/wp-json\/wp\/v2\/product\/245296\/revisions"}],"wp:featuredmedia":[{"embeddable":true,"href":"https:\/\/aromasentia.com\/fr\/wp-json\/wp\/v2\/media\/254737"}],"wp:attachment":[{"href":"https:\/\/aromasentia.com\/fr\/wp-json\/wp\/v2\/media?parent=245296"}],"wp:term":[{"taxonomy":"product_brand","embeddable":true,"href":"https:\/\/aromasentia.com\/fr\/wp-json\/wp\/v2\/product_brand?post=245296"},{"taxonomy":"product_cat","embeddable":true,"href":"https:\/\/aromasentia.com\/fr\/wp-json\/wp\/v2\/product_cat?post=245296"},{"taxonomy":"product_tag","embeddable":true,"href":"https:\/\/aromasentia.com\/fr\/wp-json\/wp\/v2\/product_tag?post=245296"}],"curies":[{"name":"wp","href":"https:\/\/api.w.org\/{rel}","templated":true}]}}