{"id":245292,"date":"2025-03-20T14:28:43","date_gmt":"2025-03-20T14:28:43","guid":{"rendered":"https:\/\/aromasentia.com\/product\/box-of-140ml-reed-diffuser-rhubarb-rhubarb\/"},"modified":"2025-06-23T19:25:39","modified_gmt":"2025-06-23T19:25:39","slug":"box-of-140ml-reed-diffuser-rhubarb-rhubarb","status":"publish","type":"product","link":"https:\/\/aromasentia.com\/fr\/box-of-140ml-reed-diffuser-rhubarb-rhubarb\/","title":{"rendered":"Box of 140ml Reed Diffuser &#8211; Rhubarb Rhubarb"},"content":{"rendered":"<p>D\u00e9couvrez la senteur unique et all\u00e9chante de Rhubarbe Rhubarbe avec notre diffuseur \u00e0 roseaux de 140 ml. Ce parfum capture les notes merveilleusement acidul\u00e9es, croquantes et rafra\u00eechissantes de la rhubarbe fra\u00eeche, avec juste un soup\u00e7on de douceur sous-jacente. C&rsquo;est un ar\u00f4me vibrant et vivant qui revigore les sens et ajoute une touche contemporaine et joyeuse \u00e0 n&rsquo;importe quel espace. Laissez ce parfum audacieux et distinctif envahir continuellement votre pi\u00e8ce, cr\u00e9ant une atmosph\u00e8re vivifiante et m\u00e9morable, \u00e0 la fois propre et ludiquement sophistiqu\u00e9e, r\u00e9veillant votre maison avec son charme piquant.<\/p>\n","protected":false},"excerpt":{"rendered":"<p>D\u00e9couvrez la senteur unique et all\u00e9chante de Rhubarbe Rhubarbe avec notre diffuseur \u00e0 roseaux de 140 ml. Ce parfum capture les notes merveilleusement acidul\u00e9es, croquantes et rafra\u00eechissantes de la rhubarbe fra\u00eeche, avec juste un soup\u00e7on de douceur sous-jacente. C&rsquo;est un ar\u00f4me vibrant et vivant qui revigore les sens et ajoute une touche contemporaine et joyeuse [&hellip;]<\/p>\n","protected":false},"featured_media":254728,"comment_status":"closed","ping_status":"open","template":"","meta":{"_angie_page":false},"product_brand":[27089],"product_cat":[16515,16514],"product_tag":[],"class_list":{"0":"post-245292","1":"product","2":"type-product","3":"status-publish","4":"has-post-thumbnail","6":"product_brand-agnes-and-cat","7":"product_cat-diffuseurs-a-tiges","8":"product_cat-diffuseurs-ultrason-et-dambiance","9":"pa_collection-reed-diffusers-140ml-fr","10":"pa_made-in-royaume-uni","11":"pa_size-140ml","13":"first","14":"instock","15":"purchasable","16":"product-type-simple"},"supplier_id":null,"supplier_sku":"ACD-13DS","barcode":null,"atum_controlled":true,"out_stock_date":null,"out_stock_threshold":null,"inheritable":false,"inbound_stock":null,"stock_on_hold":0,"sold_today":0,"sales_last_days":0,"reserved_stock":null,"customer_returns":null,"warehouse_damage":null,"lost_in_post":null,"other_logs":null,"out_stock_days":0,"lost_sales":0,"has_location":null,"update_date":"2026-04-27T07:27:46","atum_locations":[],"atum_stock_status":"instock","restock_status":false,"low_stock_amount":"","sales_update_date":"2026-01-30T01:25:39","calc_backorders":null,"_links":{"self":[{"href":"https:\/\/aromasentia.com\/fr\/wp-json\/wp\/v2\/product\/245292","targetHints":{"allow":["GET"]}}],"collection":[{"href":"https:\/\/aromasentia.com\/fr\/wp-json\/wp\/v2\/product"}],"about":[{"href":"https:\/\/aromasentia.com\/fr\/wp-json\/wp\/v2\/types\/product"}],"replies":[{"embeddable":true,"href":"https:\/\/aromasentia.com\/fr\/wp-json\/wp\/v2\/comments?post=245292"}],"version-history":[{"count":0,"href":"https:\/\/aromasentia.com\/fr\/wp-json\/wp\/v2\/product\/245292\/revisions"}],"wp:featuredmedia":[{"embeddable":true,"href":"https:\/\/aromasentia.com\/fr\/wp-json\/wp\/v2\/media\/254728"}],"wp:attachment":[{"href":"https:\/\/aromasentia.com\/fr\/wp-json\/wp\/v2\/media?parent=245292"}],"wp:term":[{"taxonomy":"product_brand","embeddable":true,"href":"https:\/\/aromasentia.com\/fr\/wp-json\/wp\/v2\/product_brand?post=245292"},{"taxonomy":"product_cat","embeddable":true,"href":"https:\/\/aromasentia.com\/fr\/wp-json\/wp\/v2\/product_cat?post=245292"},{"taxonomy":"product_tag","embeddable":true,"href":"https:\/\/aromasentia.com\/fr\/wp-json\/wp\/v2\/product_tag?post=245292"}],"curies":[{"name":"wp","href":"https:\/\/api.w.org\/{rel}","templated":true}]}}