{"id":245288,"date":"2025-03-20T14:28:43","date_gmt":"2025-03-20T14:28:43","guid":{"rendered":"https:\/\/aromasentia.com\/product\/box-of-140ml-reed-diffuser-citrus\/"},"modified":"2025-06-23T19:25:39","modified_gmt":"2025-06-23T19:25:39","slug":"box-of-140ml-reed-diffuser-citrus","status":"publish","type":"product","link":"https:\/\/aromasentia.com\/fr\/box-of-140ml-reed-diffuser-citrus\/","title":{"rendered":"Box of 140ml Reed Diffuser &#8211; Citrus"},"content":{"rendered":"<p>Energisez votre maison avec l&rsquo;ar\u00f4me vibrant et stimulant de notre diffuseur \u00e0 roseaux Citrus. Ce diffuseur de 140 ml d\u00e9borde d&rsquo;un m\u00e9lange lumineux de notes zest\u00e9es d&rsquo;agrumes, m\u00ealant \u00e9ventuellement le citron, l&rsquo;orange, le pamplemousse et la bergamote pour une exp\u00e9rience vraiment rafra\u00eechissante. Son parfum propre et vivifiant coupe instantan\u00e9ment l&rsquo;air vici\u00e9, cr\u00e9ant une atmosph\u00e8re vivante, joyeuse et revitalis\u00e9e. Parfait pour n&rsquo;importe quelle pi\u00e8ce, laissez ce parfum p\u00e9tillant et ensoleill\u00e9 se diffuser en continu, apportant une vague d&rsquo;\u00e9nergie pure et de clart\u00e9 \u00e0 votre espace, le rendant frais et accueillant.<\/p>\n","protected":false},"excerpt":{"rendered":"<p>Energisez votre maison avec l&rsquo;ar\u00f4me vibrant et stimulant de notre diffuseur \u00e0 roseaux Citrus. Ce diffuseur de 140 ml d\u00e9borde d&rsquo;un m\u00e9lange lumineux de notes zest\u00e9es d&rsquo;agrumes, m\u00ealant \u00e9ventuellement le citron, l&rsquo;orange, le pamplemousse et la bergamote pour une exp\u00e9rience vraiment rafra\u00eechissante. Son parfum propre et vivifiant coupe instantan\u00e9ment l&rsquo;air vici\u00e9, cr\u00e9ant une atmosph\u00e8re vivante, [&hellip;]<\/p>\n","protected":false},"featured_media":642288,"comment_status":"closed","ping_status":"open","template":"","meta":[],"product_brand":[27089],"product_cat":[16515,16514],"product_tag":[],"class_list":{"0":"post-245288","1":"product","2":"type-product","3":"status-publish","4":"has-post-thumbnail","6":"product_brand-agnes-and-cat","7":"product_cat-diffuseurs-a-tiges","8":"product_cat-diffuseurs-ultrason-et-dambiance","9":"pa_collection-reed-diffusers-140ml-fr","10":"pa_made-in-royaume-uni","11":"pa_size-140ml","13":"first","14":"instock","15":"purchasable","16":"product-type-simple"},"supplier_id":null,"supplier_sku":"ACD-26DS","barcode":null,"atum_controlled":true,"out_stock_date":null,"out_stock_threshold":null,"inheritable":false,"inbound_stock":0,"stock_on_hold":0,"sold_today":0,"sales_last_days":0,"reserved_stock":0,"customer_returns":0,"warehouse_damage":0,"lost_in_post":0,"other_logs":0,"out_stock_days":0,"lost_sales":0,"has_location":false,"update_date":"2026-01-30T01:25:56","atum_locations":[],"atum_stock_status":"instock","restock_status":false,"low_stock_amount":"","sales_update_date":"2026-01-30T01:25:56","calc_backorders":null,"_links":{"self":[{"href":"https:\/\/aromasentia.com\/fr\/wp-json\/wp\/v2\/product\/245288","targetHints":{"allow":["GET"]}}],"collection":[{"href":"https:\/\/aromasentia.com\/fr\/wp-json\/wp\/v2\/product"}],"about":[{"href":"https:\/\/aromasentia.com\/fr\/wp-json\/wp\/v2\/types\/product"}],"replies":[{"embeddable":true,"href":"https:\/\/aromasentia.com\/fr\/wp-json\/wp\/v2\/comments?post=245288"}],"version-history":[{"count":0,"href":"https:\/\/aromasentia.com\/fr\/wp-json\/wp\/v2\/product\/245288\/revisions"}],"wp:featuredmedia":[{"embeddable":true,"href":"https:\/\/aromasentia.com\/fr\/wp-json\/wp\/v2\/media\/642288"}],"wp:attachment":[{"href":"https:\/\/aromasentia.com\/fr\/wp-json\/wp\/v2\/media?parent=245288"}],"wp:term":[{"taxonomy":"product_brand","embeddable":true,"href":"https:\/\/aromasentia.com\/fr\/wp-json\/wp\/v2\/product_brand?post=245288"},{"taxonomy":"product_cat","embeddable":true,"href":"https:\/\/aromasentia.com\/fr\/wp-json\/wp\/v2\/product_cat?post=245288"},{"taxonomy":"product_tag","embeddable":true,"href":"https:\/\/aromasentia.com\/fr\/wp-json\/wp\/v2\/product_tag?post=245288"}],"curies":[{"name":"wp","href":"https:\/\/api.w.org\/{rel}","templated":true}]}}