{"id":245284,"date":"2025-03-20T14:28:43","date_gmt":"2025-03-20T14:28:43","guid":{"rendered":"https:\/\/aromasentia.com\/product\/box-of-140ml-reed-diffuser-provence\/"},"modified":"2025-06-23T19:25:37","modified_gmt":"2025-06-23T19:25:37","slug":"box-of-140ml-reed-diffuser-provence","status":"publish","type":"product","link":"https:\/\/aromasentia.com\/fr\/box-of-140ml-reed-diffuser-provence\/","title":{"rendered":"Box of 140ml Reed Diffuser &#8211; Provence"},"content":{"rendered":"<p>Transportez-vous dans les champs ensoleill\u00e9s de France avec notre diffuseur de roseaux de Provence. Ce diffuseur de 140 ml capture magnifiquement l&rsquo;essence aromatique de la r\u00e9gion, m\u00ealant probablement la lavande apaisante \u00e0 des notes d&rsquo;herbes sauvages comme le romarin et le thym, ainsi qu&rsquo;\u00e0 des fleurs gorg\u00e9es de soleil. Il cr\u00e9e une atmosph\u00e8re relaxante et apaisante, rappelant une promenade paisible dans des paysages proven\u00e7aux parfum\u00e9s. Laissez ce parfum classique, herbac\u00e9 et floral envahir continuellement votre maison, apportant un sentiment de tranquillit\u00e9 rustique et d&rsquo;\u00e9l\u00e9gance naturelle et intemporelle \u00e0 votre quotidien.<\/p>\n","protected":false},"excerpt":{"rendered":"<p>Transportez-vous dans les champs ensoleill\u00e9s de France avec notre diffuseur de roseaux de Provence. Ce diffuseur de 140 ml capture magnifiquement l&rsquo;essence aromatique de la r\u00e9gion, m\u00ealant probablement la lavande apaisante \u00e0 des notes d&rsquo;herbes sauvages comme le romarin et le thym, ainsi qu&rsquo;\u00e0 des fleurs gorg\u00e9es de soleil. Il cr\u00e9e une atmosph\u00e8re relaxante et [&hellip;]<\/p>\n","protected":false},"featured_media":642280,"comment_status":"closed","ping_status":"open","template":"","meta":{"_angie_page":false},"product_brand":[27089],"product_cat":[16515,16514],"product_tag":[],"class_list":{"0":"post-245284","1":"product","2":"type-product","3":"status-publish","4":"has-post-thumbnail","6":"product_brand-agnes-and-cat","7":"product_cat-diffuseurs-a-tiges","8":"product_cat-diffuseurs-ultrason-et-dambiance","9":"pa_collection-reed-diffusers-140ml-fr","10":"pa_made-in-royaume-uni","11":"pa_size-140ml","13":"first","14":"instock","15":"purchasable","16":"product-type-simple"},"supplier_id":null,"supplier_sku":"ACD-22DS","barcode":null,"atum_controlled":true,"out_stock_date":null,"out_stock_threshold":null,"inheritable":false,"inbound_stock":null,"stock_on_hold":0,"sold_today":0,"sales_last_days":0,"reserved_stock":null,"customer_returns":null,"warehouse_damage":null,"lost_in_post":null,"other_logs":null,"out_stock_days":0,"lost_sales":0,"has_location":null,"update_date":"2026-04-27T07:27:46","atum_locations":[],"atum_stock_status":"instock","restock_status":false,"low_stock_amount":"","sales_update_date":"2026-01-30T01:26:40","calc_backorders":null,"_links":{"self":[{"href":"https:\/\/aromasentia.com\/fr\/wp-json\/wp\/v2\/product\/245284","targetHints":{"allow":["GET"]}}],"collection":[{"href":"https:\/\/aromasentia.com\/fr\/wp-json\/wp\/v2\/product"}],"about":[{"href":"https:\/\/aromasentia.com\/fr\/wp-json\/wp\/v2\/types\/product"}],"replies":[{"embeddable":true,"href":"https:\/\/aromasentia.com\/fr\/wp-json\/wp\/v2\/comments?post=245284"}],"version-history":[{"count":0,"href":"https:\/\/aromasentia.com\/fr\/wp-json\/wp\/v2\/product\/245284\/revisions"}],"wp:featuredmedia":[{"embeddable":true,"href":"https:\/\/aromasentia.com\/fr\/wp-json\/wp\/v2\/media\/642280"}],"wp:attachment":[{"href":"https:\/\/aromasentia.com\/fr\/wp-json\/wp\/v2\/media?parent=245284"}],"wp:term":[{"taxonomy":"product_brand","embeddable":true,"href":"https:\/\/aromasentia.com\/fr\/wp-json\/wp\/v2\/product_brand?post=245284"},{"taxonomy":"product_cat","embeddable":true,"href":"https:\/\/aromasentia.com\/fr\/wp-json\/wp\/v2\/product_cat?post=245284"},{"taxonomy":"product_tag","embeddable":true,"href":"https:\/\/aromasentia.com\/fr\/wp-json\/wp\/v2\/product_tag?post=245284"}],"curies":[{"name":"wp","href":"https:\/\/api.w.org\/{rel}","templated":true}]}}