{"id":245268,"date":"2025-03-20T14:28:43","date_gmt":"2025-03-20T14:28:43","guid":{"rendered":"https:\/\/aromasentia.com\/product\/box-of-140ml-reed-diffuser-seasalt-and-moss\/"},"modified":"2025-06-23T19:25:35","modified_gmt":"2025-06-23T19:25:35","slug":"box-of-140ml-reed-diffuser-seasalt-and-moss","status":"publish","type":"product","link":"https:\/\/aromasentia.com\/fr\/box-of-140ml-reed-diffuser-seasalt-and-moss\/","title":{"rendered":"Box of 140ml Reed Diffuser &#8211; Seasalt and Moss"},"content":{"rendered":"<p>Invitez l&rsquo;esprit vivifiant de la c\u00f4te dans votre maison avec notre diffuseur de roseaux Seasalt et Moss. Ce diffuseur de 140 ml m\u00e9lange magistralement l&rsquo;essence fra\u00eeche et revitalisante du sel de mer frais avec les nuances profondes et terreuses de la mousse verdoyante. L&rsquo;ar\u00f4me qui en r\u00e9sulte est \u00e0 la fois rafra\u00eechissant et ancr\u00e9, rappelant une marche rapide le long d&rsquo;un rivage brumeux. Laissez ce parfum propre et naturel impr\u00e9gner continuellement votre espace, cr\u00e9ant une atmosph\u00e8re d&rsquo;\u00e9nergie calme et de puret\u00e9, apportant une bouff\u00e9e d&rsquo;air frais \u00e0 l&rsquo;int\u00e9rieur.<\/p>\n","protected":false},"excerpt":{"rendered":"<p>Invitez l&rsquo;esprit vivifiant de la c\u00f4te dans votre maison avec notre diffuseur de roseaux Seasalt et Moss. Ce diffuseur de 140 ml m\u00e9lange magistralement l&rsquo;essence fra\u00eeche et revitalisante du sel de mer frais avec les nuances profondes et terreuses de la mousse verdoyante. L&rsquo;ar\u00f4me qui en r\u00e9sulte est \u00e0 la fois rafra\u00eechissant et ancr\u00e9, rappelant [&hellip;]<\/p>\n","protected":false},"featured_media":254698,"comment_status":"closed","ping_status":"open","template":"","meta":[],"product_brand":[27089],"product_cat":[16515,16514],"product_tag":[],"class_list":{"0":"post-245268","1":"product","2":"type-product","3":"status-publish","4":"has-post-thumbnail","6":"product_brand-agnes-and-cat","7":"product_cat-diffuseurs-a-tiges","8":"product_cat-diffuseurs-ultrason-et-dambiance","9":"pa_collection-reed-diffusers-140ml-fr","10":"pa_made-in-royaume-uni","11":"pa_size-140ml","13":"first","14":"instock","15":"purchasable","16":"product-type-simple"},"supplier_id":null,"supplier_sku":"ACD-06DS","barcode":null,"atum_controlled":true,"out_stock_date":null,"out_stock_threshold":null,"inheritable":false,"inbound_stock":null,"stock_on_hold":0,"sold_today":0,"sales_last_days":0,"reserved_stock":null,"customer_returns":null,"warehouse_damage":null,"lost_in_post":null,"other_logs":null,"out_stock_days":0,"lost_sales":0,"has_location":null,"update_date":"2026-02-06T00:02:17","atum_locations":[],"atum_stock_status":"instock","restock_status":false,"low_stock_amount":"","sales_update_date":"2026-02-06T00:02:17","calc_backorders":null,"_links":{"self":[{"href":"https:\/\/aromasentia.com\/fr\/wp-json\/wp\/v2\/product\/245268","targetHints":{"allow":["GET"]}}],"collection":[{"href":"https:\/\/aromasentia.com\/fr\/wp-json\/wp\/v2\/product"}],"about":[{"href":"https:\/\/aromasentia.com\/fr\/wp-json\/wp\/v2\/types\/product"}],"replies":[{"embeddable":true,"href":"https:\/\/aromasentia.com\/fr\/wp-json\/wp\/v2\/comments?post=245268"}],"version-history":[{"count":0,"href":"https:\/\/aromasentia.com\/fr\/wp-json\/wp\/v2\/product\/245268\/revisions"}],"wp:featuredmedia":[{"embeddable":true,"href":"https:\/\/aromasentia.com\/fr\/wp-json\/wp\/v2\/media\/254698"}],"wp:attachment":[{"href":"https:\/\/aromasentia.com\/fr\/wp-json\/wp\/v2\/media?parent=245268"}],"wp:term":[{"taxonomy":"product_brand","embeddable":true,"href":"https:\/\/aromasentia.com\/fr\/wp-json\/wp\/v2\/product_brand?post=245268"},{"taxonomy":"product_cat","embeddable":true,"href":"https:\/\/aromasentia.com\/fr\/wp-json\/wp\/v2\/product_cat?post=245268"},{"taxonomy":"product_tag","embeddable":true,"href":"https:\/\/aromasentia.com\/fr\/wp-json\/wp\/v2\/product_tag?post=245268"}],"curies":[{"name":"wp","href":"https:\/\/api.w.org\/{rel}","templated":true}]}}