{"id":245248,"date":"2025-03-20T14:29:03","date_gmt":"2025-03-20T14:29:03","guid":{"rendered":"https:\/\/aromasentia.com\/product\/agnes-cat-eye-pillow-becalmed-destressed\/"},"modified":"2025-06-23T19:25:33","modified_gmt":"2025-06-23T19:25:33","slug":"agnes-cat-eye-pillow-becalmed-destressed","status":"publish","type":"product","link":"https:\/\/aromasentia.com\/fr\/agnes-cat-eye-pillow-becalmed-destressed\/","title":{"rendered":"Agnes &#038; Cat Eye Pillow &#8211;  Becalmed &#038; Destressed"},"content":{"rendered":"<p>D\u00e9couvrez une profonde tranquillit\u00e9 avec l&rsquo;oreiller pour les yeux Agnes &#038; Cat &#8211; Becalmed &#038; Destressed. Cet oreiller th\u00e9rapeutique pour les yeux est un sanctuaire contre l&rsquo;agitation quotidienne, con\u00e7u pour calmer l&rsquo;esprit et \u00e9vacuer le stress accumul\u00e9. Son poids l\u00e9ger et son tissu doux procurent un confort imm\u00e9diat, tandis que l&rsquo;infusion subtile de plantes calmantes aide \u00e0 apaiser le syst\u00e8me nerveux. Parfait pour la m\u00e9ditation, le savasana ou chaque fois que vous avez besoin de vous recentrer, il favorise un profond sentiment de paix, vous aidant \u00e0 vous sentir apais\u00e9, centr\u00e9 et merveilleusement d\u00e9stress\u00e9 en quelques minutes.<\/p>\n","protected":false},"excerpt":{"rendered":"<p>D\u00e9couvrez une profonde tranquillit\u00e9 avec l&rsquo;oreiller pour les yeux Agnes &#038; Cat &#8211; Becalmed &#038; Destressed. Cet oreiller th\u00e9rapeutique pour les yeux est un sanctuaire contre l&rsquo;agitation quotidienne, con\u00e7u pour calmer l&rsquo;esprit et \u00e9vacuer le stress accumul\u00e9. Son poids l\u00e9ger et son tissu doux procurent un confort imm\u00e9diat, tandis que l&rsquo;infusion subtile de plantes calmantes [&hellip;]<\/p>\n","protected":false},"featured_media":255238,"comment_status":"closed","ping_status":"open","template":"","meta":{"_angie_page":false},"product_brand":[27089],"product_cat":[16450],"product_tag":[],"class_list":{"0":"post-245248","1":"product","2":"type-product","3":"status-publish","4":"has-post-thumbnail","6":"product_brand-agnes-and-cat","7":"product_cat-aromatherapie-et-parfums-d-ambiance","8":"pa_collection-agnes-cat-eye-pillow-fr","9":"pa_made-in-inde","11":"first","12":"outofstock","13":"purchasable","14":"product-type-simple"},"supplier_id":null,"supplier_sku":"ACTEP-05DS","barcode":null,"atum_controlled":true,"out_stock_date":"2026-04-25 15:11:37","out_stock_threshold":null,"inheritable":false,"inbound_stock":null,"stock_on_hold":0,"sold_today":0,"sales_last_days":0,"reserved_stock":null,"customer_returns":null,"warehouse_damage":null,"lost_in_post":null,"other_logs":null,"out_stock_days":0,"lost_sales":0,"has_location":null,"update_date":"2026-04-27T06:49:42","atum_locations":[],"atum_stock_status":"outofstock","restock_status":false,"low_stock_amount":"","sales_update_date":"2026-01-20T05:14:25","calc_backorders":null,"_links":{"self":[{"href":"https:\/\/aromasentia.com\/fr\/wp-json\/wp\/v2\/product\/245248","targetHints":{"allow":["GET"]}}],"collection":[{"href":"https:\/\/aromasentia.com\/fr\/wp-json\/wp\/v2\/product"}],"about":[{"href":"https:\/\/aromasentia.com\/fr\/wp-json\/wp\/v2\/types\/product"}],"replies":[{"embeddable":true,"href":"https:\/\/aromasentia.com\/fr\/wp-json\/wp\/v2\/comments?post=245248"}],"version-history":[{"count":0,"href":"https:\/\/aromasentia.com\/fr\/wp-json\/wp\/v2\/product\/245248\/revisions"}],"wp:featuredmedia":[{"embeddable":true,"href":"https:\/\/aromasentia.com\/fr\/wp-json\/wp\/v2\/media\/255238"}],"wp:attachment":[{"href":"https:\/\/aromasentia.com\/fr\/wp-json\/wp\/v2\/media?parent=245248"}],"wp:term":[{"taxonomy":"product_brand","embeddable":true,"href":"https:\/\/aromasentia.com\/fr\/wp-json\/wp\/v2\/product_brand?post=245248"},{"taxonomy":"product_cat","embeddable":true,"href":"https:\/\/aromasentia.com\/fr\/wp-json\/wp\/v2\/product_cat?post=245248"},{"taxonomy":"product_tag","embeddable":true,"href":"https:\/\/aromasentia.com\/fr\/wp-json\/wp\/v2\/product_tag?post=245248"}],"curies":[{"name":"wp","href":"https:\/\/api.w.org\/{rel}","templated":true}]}}