{"id":245244,"date":"2025-03-20T14:29:03","date_gmt":"2025-03-20T14:29:03","guid":{"rendered":"https:\/\/aromasentia.com\/product\/agnes-cat-eye-pillow-eyebag-refresh\/"},"modified":"2025-06-23T19:25:30","modified_gmt":"2025-06-23T19:25:30","slug":"agnes-cat-eye-pillow-eyebag-refresh","status":"publish","type":"product","link":"https:\/\/aromasentia.com\/fr\/agnes-cat-eye-pillow-eyebag-refresh\/","title":{"rendered":"Agnes &#038; Cat Eye Pillow &#8211;  Eyebag Refresh"},"content":{"rendered":"<p>Revitalisez vos yeux fatigu\u00e9s avec l&rsquo;oreiller Agnes &#038; Cat Eye Pillow &#8211; Eyebag Refresh. Cet oreiller bien con\u00e7u offre une sensation apaisante et rafra\u00eechissante, parfaite pour r\u00e9duire l&rsquo;apparence des poches et rafra\u00eechir les yeux fatigu\u00e9s. Son poids l\u00e9ger permet une l\u00e9g\u00e8re acupression, tandis que le rembourrage naturel, peut-\u00eatre infus\u00e9 d&rsquo;herbes calmantes, aide \u00e0 soulager la tension autour du contour de l&rsquo;\u0153il. Gardez-le au frais dans le r\u00e9frig\u00e9rateur pour une exp\u00e9rience encore plus rafra\u00eechissante, ce qui en fait un rem\u00e8de id\u00e9al pour les longues heures d&rsquo;\u00e9cran ou les nuits agit\u00e9es, laissant \u00e0 vos yeux une sensation de rajeunissement et d&rsquo;\u00e9clat.<\/p>\n","protected":false},"excerpt":{"rendered":"<p>Revitalisez vos yeux fatigu\u00e9s avec l&rsquo;oreiller Agnes &#038; Cat Eye Pillow &#8211; Eyebag Refresh. Cet oreiller bien con\u00e7u offre une sensation apaisante et rafra\u00eechissante, parfaite pour r\u00e9duire l&rsquo;apparence des poches et rafra\u00eechir les yeux fatigu\u00e9s. Son poids l\u00e9ger permet une l\u00e9g\u00e8re acupression, tandis que le rembourrage naturel, peut-\u00eatre infus\u00e9 d&rsquo;herbes calmantes, aide \u00e0 soulager la [&hellip;]<\/p>\n","protected":false},"featured_media":255221,"comment_status":"closed","ping_status":"open","template":"","meta":[],"product_brand":[27089],"product_cat":[16450],"product_tag":[],"class_list":{"0":"post-245244","1":"product","2":"type-product","3":"status-publish","4":"has-post-thumbnail","6":"product_brand-agnes-and-cat","7":"product_cat-aromatherapie-et-parfums-d-ambiance","8":"pa_collection-agnes-cat-eye-pillow-fr","9":"pa_made-in-inde","11":"first","12":"instock","13":"purchasable","14":"product-type-simple"},"supplier_id":null,"supplier_sku":"ACTEP-06DS","barcode":null,"atum_controlled":true,"out_stock_date":null,"out_stock_threshold":null,"inheritable":false,"inbound_stock":null,"stock_on_hold":0,"sold_today":0,"sales_last_days":0,"reserved_stock":null,"customer_returns":null,"warehouse_damage":null,"lost_in_post":null,"other_logs":null,"out_stock_days":0,"lost_sales":0,"has_location":null,"update_date":"2026-02-04T09:17:28","atum_locations":[],"atum_stock_status":"instock","restock_status":false,"low_stock_amount":"","sales_update_date":"2026-01-20T05:14:17","calc_backorders":null,"_links":{"self":[{"href":"https:\/\/aromasentia.com\/fr\/wp-json\/wp\/v2\/product\/245244","targetHints":{"allow":["GET"]}}],"collection":[{"href":"https:\/\/aromasentia.com\/fr\/wp-json\/wp\/v2\/product"}],"about":[{"href":"https:\/\/aromasentia.com\/fr\/wp-json\/wp\/v2\/types\/product"}],"replies":[{"embeddable":true,"href":"https:\/\/aromasentia.com\/fr\/wp-json\/wp\/v2\/comments?post=245244"}],"version-history":[{"count":0,"href":"https:\/\/aromasentia.com\/fr\/wp-json\/wp\/v2\/product\/245244\/revisions"}],"wp:featuredmedia":[{"embeddable":true,"href":"https:\/\/aromasentia.com\/fr\/wp-json\/wp\/v2\/media\/255221"}],"wp:attachment":[{"href":"https:\/\/aromasentia.com\/fr\/wp-json\/wp\/v2\/media?parent=245244"}],"wp:term":[{"taxonomy":"product_brand","embeddable":true,"href":"https:\/\/aromasentia.com\/fr\/wp-json\/wp\/v2\/product_brand?post=245244"},{"taxonomy":"product_cat","embeddable":true,"href":"https:\/\/aromasentia.com\/fr\/wp-json\/wp\/v2\/product_cat?post=245244"},{"taxonomy":"product_tag","embeddable":true,"href":"https:\/\/aromasentia.com\/fr\/wp-json\/wp\/v2\/product_tag?post=245244"}],"curies":[{"name":"wp","href":"https:\/\/api.w.org\/{rel}","templated":true}]}}