{"id":245228,"date":"2025-03-20T14:29:03","date_gmt":"2025-03-20T14:29:03","guid":{"rendered":"https:\/\/aromasentia.com\/product\/10ml-roll-on-essential-oil-blend-relax\/"},"modified":"2025-06-23T19:25:28","modified_gmt":"2025-06-23T19:25:28","slug":"roll-on-melange-dhuiles-essentielles-10ml-relax","status":"publish","type":"product","link":"https:\/\/aromasentia.com\/fr\/roll-on-melange-dhuiles-essentielles-10ml-relax\/","title":{"rendered":"Roll-On M\u00e9lange d&rsquo;Huiles Essentielles 10ml &#8211; RELAX"},"content":{"rendered":"<p>D\u00e9tendez-vous et d\u00e9stressez avec le <strong><span style=\"color: rgb(75, 80, 88);\">M\u00e9lange Relax, compos\u00e9 d&rsquo;huiles essentielles de lavande, de v\u00e9tiver et de rose.&nbsp;<\/span><\/strong><\/p>\n<p>L&rsquo;ar\u00f4me floral apaisant de la lavande favorise la relaxation et att\u00e9nue les tensions, tandis que le parfum terreux du v\u00e9tiver calme l&rsquo;esprit et soulage l&rsquo;anxi\u00e9t\u00e9.&nbsp;<\/p>\n<p>Associ\u00e9 au parfum d\u00e9licat et exaltant de la rose, ce m\u00e9lange cr\u00e9e une atmosph\u00e8re harmonieuse, vous aidant \u00e0 trouver la tranquillit\u00e9 au milieu du chaos de la vie.&nbsp;<\/p>\n<p>Il suffit de se rouler sur ce m\u00e9lange exquis pour vivre un moment de calme et de s\u00e9r\u00e9nit\u00e9.<\/p>\n","protected":false},"excerpt":{"rendered":"<p>D\u00e9tendez-vous et d\u00e9stressez avec le M\u00e9lange Relax, compos\u00e9 d&rsquo;huiles essentielles de lavande, de v\u00e9tiver et de rose.&nbsp; L&rsquo;ar\u00f4me floral apaisant de la lavande favorise la relaxation et att\u00e9nue les tensions, tandis que le parfum terreux du v\u00e9tiver calme l&rsquo;esprit et soulage l&rsquo;anxi\u00e9t\u00e9.&nbsp; Associ\u00e9 au parfum d\u00e9licat et exaltant de la rose, ce m\u00e9lange cr\u00e9e une [&hellip;]<\/p>\n","protected":false},"featured_media":255081,"comment_status":"closed","ping_status":"open","template":"","meta":{"_angie_page":false},"product_brand":[27089],"product_cat":[16450,23646,26649],"product_tag":[],"class_list":{"0":"post-245228","1":"product","2":"type-product","3":"status-publish","4":"has-post-thumbnail","6":"product_brand-agnes-and-cat","7":"product_cat-aromatherapie-et-parfums-d-ambiance","8":"product_cat-huiles-essentielles","9":"product_cat-synergies-dhuiles-essentielles","10":"pa_collection-agnes-cat-10ml-roll-on-essential-oil-blends-fr","11":"pa_made-in-royaume-uni","12":"pa_size-10ml","14":"first","15":"instock","16":"purchasable","17":"product-type-simple"},"supplier_id":null,"supplier_sku":"ACREBL-01","barcode":null,"atum_controlled":true,"out_stock_date":null,"out_stock_threshold":null,"inheritable":false,"inbound_stock":null,"stock_on_hold":0,"sold_today":0,"sales_last_days":0,"reserved_stock":null,"customer_returns":null,"warehouse_damage":null,"lost_in_post":null,"other_logs":null,"out_stock_days":0,"lost_sales":0,"has_location":null,"update_date":"2026-05-08T05:02:36","atum_locations":[],"atum_stock_status":"instock","restock_status":false,"low_stock_amount":"","sales_update_date":"2026-02-06T00:02:09","calc_backorders":null,"_links":{"self":[{"href":"https:\/\/aromasentia.com\/fr\/wp-json\/wp\/v2\/product\/245228","targetHints":{"allow":["GET"]}}],"collection":[{"href":"https:\/\/aromasentia.com\/fr\/wp-json\/wp\/v2\/product"}],"about":[{"href":"https:\/\/aromasentia.com\/fr\/wp-json\/wp\/v2\/types\/product"}],"replies":[{"embeddable":true,"href":"https:\/\/aromasentia.com\/fr\/wp-json\/wp\/v2\/comments?post=245228"}],"version-history":[{"count":0,"href":"https:\/\/aromasentia.com\/fr\/wp-json\/wp\/v2\/product\/245228\/revisions"}],"wp:featuredmedia":[{"embeddable":true,"href":"https:\/\/aromasentia.com\/fr\/wp-json\/wp\/v2\/media\/255081"}],"wp:attachment":[{"href":"https:\/\/aromasentia.com\/fr\/wp-json\/wp\/v2\/media?parent=245228"}],"wp:term":[{"taxonomy":"product_brand","embeddable":true,"href":"https:\/\/aromasentia.com\/fr\/wp-json\/wp\/v2\/product_brand?post=245228"},{"taxonomy":"product_cat","embeddable":true,"href":"https:\/\/aromasentia.com\/fr\/wp-json\/wp\/v2\/product_cat?post=245228"},{"taxonomy":"product_tag","embeddable":true,"href":"https:\/\/aromasentia.com\/fr\/wp-json\/wp\/v2\/product_tag?post=245228"}],"curies":[{"name":"wp","href":"https:\/\/api.w.org\/{rel}","templated":true}]}}