{"id":245224,"date":"2025-03-20T14:29:03","date_gmt":"2025-03-20T14:29:03","guid":{"rendered":"https:\/\/aromasentia.com\/product\/10ml-roll-on-essential-oil-blend-energy\/"},"modified":"2025-06-23T19:25:28","modified_gmt":"2025-06-23T19:25:28","slug":"roll-on-melange-dhuiles-essentielles-10ml-energie","status":"publish","type":"product","link":"https:\/\/aromasentia.com\/fr\/roll-on-melange-dhuiles-essentielles-10ml-energie\/","title":{"rendered":"Roll-On M\u00e9lange d&rsquo;Huiles Essentielles 10ml &#8211; ENERGIE"},"content":{"rendered":"<p>Revigorez vos sens et augmentez votre niveau d&rsquo;\u00e9nergie avec le <strong><span style=\"color: rgb(75, 80, 88);\">M\u00e9lange Energie, \u00e0 base d&rsquo;huiles essentielles de pamplemousse, de mandarine et de citron vert. <\/span><\/strong><\/p>\n<p>Le parfum acidul\u00e9 et citronn\u00e9 du pamplemousse procure un regain d&rsquo;\u00e9nergie instantan\u00e9, tandis que l&rsquo;ar\u00f4me sucr\u00e9 et joyeux de la mandarine revitalise l&rsquo;esprit. Les notes piquantes du citron vert apportent une bouff\u00e9e de fra\u00eecheur, \u00e9veillant vos sens et renfor&ccedil;ant votre vitalit\u00e9.&nbsp;<\/p>\n<p><strong><span style=\"color: rgb(141, 186, 216);\">Appliquez ce m\u00e9lange chaque fois que vous avez besoin d&rsquo;un remontant naturel et rafra\u00eechissant pour rester \u00e9nergique et motiv\u00e9.<\/span><\/strong><\/p>\n","protected":false},"excerpt":{"rendered":"<p>Revigorez vos sens et augmentez votre niveau d&rsquo;\u00e9nergie avec le M\u00e9lange Energie, \u00e0 base d&rsquo;huiles essentielles de pamplemousse, de mandarine et de citron vert. Le parfum acidul\u00e9 et citronn\u00e9 du pamplemousse procure un regain d&rsquo;\u00e9nergie instantan\u00e9, tandis que l&rsquo;ar\u00f4me sucr\u00e9 et joyeux de la mandarine revitalise l&rsquo;esprit. Les notes piquantes du citron vert apportent une [&hellip;]<\/p>\n","protected":false},"featured_media":255032,"comment_status":"closed","ping_status":"open","template":"","meta":{"_angie_page":false},"product_brand":[27089],"product_cat":[16450,23646,26649],"product_tag":[],"class_list":{"0":"post-245224","1":"product","2":"type-product","3":"status-publish","4":"has-post-thumbnail","6":"product_brand-agnes-and-cat","7":"product_cat-aromatherapie-et-parfums-d-ambiance","8":"product_cat-huiles-essentielles","9":"product_cat-synergies-dhuiles-essentielles","10":"pa_collection-agnes-cat-10ml-roll-on-essential-oil-blends-fr","11":"pa_made-in-royaume-uni","12":"pa_size-10ml","14":"first","15":"instock","16":"purchasable","17":"product-type-simple"},"supplier_id":null,"supplier_sku":"ACREBL-02","barcode":null,"atum_controlled":true,"out_stock_date":null,"out_stock_threshold":null,"inheritable":false,"inbound_stock":null,"stock_on_hold":0,"sold_today":0,"sales_last_days":0,"reserved_stock":null,"customer_returns":null,"warehouse_damage":null,"lost_in_post":null,"other_logs":null,"out_stock_days":0,"lost_sales":0,"has_location":null,"update_date":"2026-04-27T06:50:12","atum_locations":[],"atum_stock_status":"instock","restock_status":false,"low_stock_amount":"","sales_update_date":"2025-10-09T03:23:05","calc_backorders":null,"_links":{"self":[{"href":"https:\/\/aromasentia.com\/fr\/wp-json\/wp\/v2\/product\/245224","targetHints":{"allow":["GET"]}}],"collection":[{"href":"https:\/\/aromasentia.com\/fr\/wp-json\/wp\/v2\/product"}],"about":[{"href":"https:\/\/aromasentia.com\/fr\/wp-json\/wp\/v2\/types\/product"}],"replies":[{"embeddable":true,"href":"https:\/\/aromasentia.com\/fr\/wp-json\/wp\/v2\/comments?post=245224"}],"version-history":[{"count":0,"href":"https:\/\/aromasentia.com\/fr\/wp-json\/wp\/v2\/product\/245224\/revisions"}],"wp:featuredmedia":[{"embeddable":true,"href":"https:\/\/aromasentia.com\/fr\/wp-json\/wp\/v2\/media\/255032"}],"wp:attachment":[{"href":"https:\/\/aromasentia.com\/fr\/wp-json\/wp\/v2\/media?parent=245224"}],"wp:term":[{"taxonomy":"product_brand","embeddable":true,"href":"https:\/\/aromasentia.com\/fr\/wp-json\/wp\/v2\/product_brand?post=245224"},{"taxonomy":"product_cat","embeddable":true,"href":"https:\/\/aromasentia.com\/fr\/wp-json\/wp\/v2\/product_cat?post=245224"},{"taxonomy":"product_tag","embeddable":true,"href":"https:\/\/aromasentia.com\/fr\/wp-json\/wp\/v2\/product_tag?post=245224"}],"curies":[{"name":"wp","href":"https:\/\/api.w.org\/{rel}","templated":true}]}}