{"id":245216,"date":"2025-03-20T14:29:03","date_gmt":"2025-03-20T14:29:03","guid":{"rendered":"https:\/\/aromasentia.com\/product\/10ml-roll-on-essential-oil-blend-sleep\/"},"modified":"2025-06-23T19:25:27","modified_gmt":"2025-06-23T19:25:27","slug":"roll-on-melange-dhuiles-essentielles-10ml-sommeil","status":"publish","type":"product","link":"https:\/\/aromasentia.com\/fr\/roll-on-melange-dhuiles-essentielles-10ml-sommeil\/","title":{"rendered":"Roll-On M\u00e9lange d&rsquo;Huiles Essentielles 10ml  &#8211; SOMMEIL"},"content":{"rendered":"<p>Profitez d&rsquo;un sommeil r\u00e9parateur gr\u00e2ce au <strong><span style=\"color: rgb(75, 80, 88);\">M\u00e9lange Sommeil, une fusion apaisante d&rsquo;huiles essentielles de camomille, de lavande et de n\u00e9roli. <\/span><\/strong><\/p>\n<p>Le doux parfum herbac\u00e9 de la camomille favorise la relaxation, tandis que l&rsquo;ar\u00f4me apaisant de la lavande aide \u00e0 calmer l&rsquo;agitation. Le n\u00e9roli, d\u00e9riv\u00e9 de la fleur d&rsquo;oranger, compl\u00e8te le m\u00e9lange avec ses notes florales douces, favorisant une relaxation profonde et un sommeil paisible.&nbsp;<\/p>\n<p><strong><span style=\"color: rgb(141, 186, 216);\">Appliquez ce m\u00e9lange avant de vous coucher et laissez son essence r\u00e9confortante vous emporter dans un pays de r\u00eave paisible.<\/span><\/strong><\/p>\n","protected":false},"excerpt":{"rendered":"<p>Profitez d&rsquo;un sommeil r\u00e9parateur gr\u00e2ce au M\u00e9lange Sommeil, une fusion apaisante d&rsquo;huiles essentielles de camomille, de lavande et de n\u00e9roli. Le doux parfum herbac\u00e9 de la camomille favorise la relaxation, tandis que l&rsquo;ar\u00f4me apaisant de la lavande aide \u00e0 calmer l&rsquo;agitation. Le n\u00e9roli, d\u00e9riv\u00e9 de la fleur d&rsquo;oranger, compl\u00e8te le m\u00e9lange avec ses notes florales [&hellip;]<\/p>\n","protected":false},"featured_media":254942,"comment_status":"closed","ping_status":"open","template":"","meta":{"_angie_page":false},"product_brand":[27089],"product_cat":[16450,23646,26649],"product_tag":[],"class_list":{"0":"post-245216","1":"product","2":"type-product","3":"status-publish","4":"has-post-thumbnail","6":"product_brand-agnes-and-cat","7":"product_cat-aromatherapie-et-parfums-d-ambiance","8":"product_cat-huiles-essentielles","9":"product_cat-synergies-dhuiles-essentielles","10":"pa_collection-agnes-cat-10ml-roll-on-essential-oil-blends-fr","11":"pa_made-in-royaume-uni","12":"pa_size-10ml","14":"first","15":"instock","16":"purchasable","17":"product-type-simple"},"supplier_id":null,"supplier_sku":"ACREBL-04","barcode":null,"atum_controlled":true,"out_stock_date":null,"out_stock_threshold":null,"inheritable":false,"inbound_stock":null,"stock_on_hold":0,"sold_today":0,"sales_last_days":0,"reserved_stock":null,"customer_returns":null,"warehouse_damage":null,"lost_in_post":null,"other_logs":null,"out_stock_days":0,"lost_sales":0,"has_location":null,"update_date":"2026-05-08T05:02:36","atum_locations":[],"atum_stock_status":"instock","restock_status":false,"low_stock_amount":"","sales_update_date":"2025-10-09T03:23:05","calc_backorders":null,"_links":{"self":[{"href":"https:\/\/aromasentia.com\/fr\/wp-json\/wp\/v2\/product\/245216","targetHints":{"allow":["GET"]}}],"collection":[{"href":"https:\/\/aromasentia.com\/fr\/wp-json\/wp\/v2\/product"}],"about":[{"href":"https:\/\/aromasentia.com\/fr\/wp-json\/wp\/v2\/types\/product"}],"replies":[{"embeddable":true,"href":"https:\/\/aromasentia.com\/fr\/wp-json\/wp\/v2\/comments?post=245216"}],"version-history":[{"count":0,"href":"https:\/\/aromasentia.com\/fr\/wp-json\/wp\/v2\/product\/245216\/revisions"}],"wp:featuredmedia":[{"embeddable":true,"href":"https:\/\/aromasentia.com\/fr\/wp-json\/wp\/v2\/media\/254942"}],"wp:attachment":[{"href":"https:\/\/aromasentia.com\/fr\/wp-json\/wp\/v2\/media?parent=245216"}],"wp:term":[{"taxonomy":"product_brand","embeddable":true,"href":"https:\/\/aromasentia.com\/fr\/wp-json\/wp\/v2\/product_brand?post=245216"},{"taxonomy":"product_cat","embeddable":true,"href":"https:\/\/aromasentia.com\/fr\/wp-json\/wp\/v2\/product_cat?post=245216"},{"taxonomy":"product_tag","embeddable":true,"href":"https:\/\/aromasentia.com\/fr\/wp-json\/wp\/v2\/product_tag?post=245216"}],"curies":[{"name":"wp","href":"https:\/\/api.w.org\/{rel}","templated":true}]}}